{"id":159,"date":"2013-09-26T14:40:18","date_gmt":"2013-09-26T13:40:18","guid":{"rendered":"http:\/\/www.cotedenuits.fr\/?page_id=159"},"modified":"2015-12-25T17:39:31","modified_gmt":"2015-12-25T16:39:31","slug":"newsletter-septembre-2013","status":"publish","type":"page","link":"https:\/\/www.cotedenuits.fr\/pt\/les-newsletters\/newsletter-septembre-2013\/","title":{"rendered":"Newsletter 4 &#8211; Sept 2013"},"content":{"rendered":"<p>Bonjour \u00e0 tous,<\/p>\n<p>Notre logo qui avait \u00e9t\u00e9 cr\u00e9\u00e9 \u00e0 Madagascar a \u00e9t\u00e9 retravaill\u00e9, voici les deux versions : l&#8217;ancienne et la nouvelle (merci Philip pour ton travail !)<\/p>\n<p><a href=\"http:\/\/www.cotedenuits.fr\/wp-content\/uploads\/2013\/09\/Logo-CdN.jpg\"><img loading=\"lazy\" decoding=\"async\" class=\"alignnone size-medium wp-image-163\" src=\"http:\/\/www.cotedenuits.fr\/wp-content\/uploads\/2013\/09\/Logo-CdN-300x295.jpg\" alt=\"Logo CdN\" width=\"170\" height=\"157\" \/><\/a>\u00a0\u00a0\u00a0\u00a0\u00a0 <a href=\"http:\/\/www.cotedenuits.fr\/wp-content\/uploads\/2013\/09\/cote-de-nuits-r\u00e9duit.jpg\"><img loading=\"lazy\" decoding=\"async\" class=\"alignnone size-medium wp-image-165\" src=\"http:\/\/www.cotedenuits.fr\/wp-content\/uploads\/2013\/09\/cote-de-nuits-r\u00e9duit-300x300.jpg\" alt=\"cote de nuits r\u00e9duit\" width=\"166\" height=\"137\" \/><\/a><\/p>\n<p>&nbsp;<\/p>\n<p>En cliquant sur le lien\u00a0<a href=\"http:\/\/www.cotedenuits.fr\/wp-content\/uploads\/2013\/09\/newsletter-sept-2013.pdf\">newsletter-sept 2013<\/a>\u00a0vous acc\u00e9derez directement \u00e0\u00a0la newsletter de septembre.<\/p>\n<p>Certains d&#8217;entre vous qui \u00eates sur Facebook ont pu lire en avant premi\u00e8re cette newsletter et recevront peut-\u00eatre aussi un email, d\u00e9sol\u00e9 pour cette duplication difficile \u00e0 g\u00e9rer!<\/p>\n<p>Merci \u00e0 tous pour l&#8217;aide que vous nous apportez et qui contribue \u00e0 rendre des enfants heureux. Cette ann\u00e9e 157 enfants ont fait leur rentr\u00e9e \u00e0 l&#8217;\u00e9cole Communautaire de la Hatte. 58 d&#8217;entre eux, orphelins ou de parents sans ressources dormiront sur place toute l&#8217;ann\u00e9e.<\/p>\n<p>Merci aux parrains de Dianette gr\u00e2ce auxquels elle a pu terminer sa premi\u00e8re ann\u00e9e d&#8217;\u00e9cole d&#8217;infirmi\u00e8re, nous comptons de nouveaux sur\u00a0eux et sur de nouveaux\u00a0parrains pour sa 2\u00e9me ann\u00e9e.<\/p>\n<p>Bonne lecture et, dans l&#8217;attente de vos nouvelles,<\/p>\n<p>Tr\u00e8s cordialement<\/p>\n<p>Toute l&#8217;\u00e9quipe de C\u00f4te de Nuits<\/p>\n<p>&nbsp;<\/p>\n","protected":false},"excerpt":{"rendered":"<p>Bonjour \u00e0 tous, Notre logo qui avait \u00e9t\u00e9 cr\u00e9\u00e9 \u00e0 Madagascar a \u00e9t\u00e9 retravaill\u00e9, voici les deux versions : l&#8217;ancienne et la nouvelle (merci Philip pour ton travail !) \u00a0\u00a0\u00a0\u00a0\u00a0 &nbsp; En cliquant sur le lien\u00a0newsletter-sept 2013\u00a0vous acc\u00e9derez directement \u00e0\u00a0la newsletter de septembre. Certains d&#8217;entre vous qui \u00eates sur Facebook ont pu lire en avant &hellip; <a href=\"https:\/\/www.cotedenuits.fr\/pt\/les-newsletters\/newsletter-septembre-2013\/\" class=\"more-link\">Continue reading <span class=\"screen-reader-text\">Newsletter 4 &#8211; Sept 2013<\/span> <span class=\"meta-nav\">&rarr;<\/span><\/a><\/p>\n","protected":false},"author":1,"featured_media":0,"parent":175,"menu_order":1,"comment_status":"open","ping_status":"closed","template":"","meta":{"footnotes":""},"class_list":["post-159","page","type-page","status-publish","hentry"],"translation":{"provider":"WPGlobus","version":"3.0.2","language":"pt","enabled_languages":["en","es","de","fr","pt","it"],"languages":{"en":{"title":true,"content":true,"excerpt":false},"es":{"title":false,"content":false,"excerpt":false},"de":{"title":false,"content":false,"excerpt":false},"fr":{"title":false,"content":false,"excerpt":false},"pt":{"title":false,"content":false,"excerpt":false},"it":{"title":false,"content":false,"excerpt":false}}},"yoast_head":"<!-- This site is optimized with the Yoast SEO plugin v27.4 - https:\/\/yoast.com\/product\/yoast-seo-wordpress\/ -->\n<title>Newsletter 4 - Sept 2013 - C\u00f4te de Nuits<\/title>\n<meta name=\"robots\" content=\"index, follow, max-snippet:-1, max-image-preview:large, max-video-preview:-1\" \/>\n<link rel=\"canonical\" href=\"https:\/\/www.cotedenuits.fr\/les-newsletters\/newsletter-septembre-2013\/\" \/>\n<meta property=\"og:locale\" content=\"pt_PT\" \/>\n<meta property=\"og:type\" content=\"article\" \/>\n<meta property=\"og:title\" content=\"Newsletter 4 - Sept 2013 - C\u00f4te de Nuits\" \/>\n<meta property=\"og:url\" content=\"https:\/\/www.cotedenuits.fr\/les-newsletters\/newsletter-septembre-2013\/\" \/>\n<meta property=\"og:site_name\" content=\"C\u00f4te de Nuits\" \/>\n<meta property=\"article:publisher\" content=\"http:\/\/www.facebook.com\/cotedenuits22\" \/>\n<meta property=\"article:modified_time\" content=\"2015-12-25T16:39:31+00:00\" \/>\n<meta property=\"og:image\" content=\"http:\/\/www.cotedenuits.fr\/wp-content\/uploads\/2013\/09\/Logo-CdN-300x295.jpg\" \/>\n<meta name=\"twitter:label1\" content=\"Est. reading time\" \/>\n\t<meta name=\"twitter:data1\" content=\"1 minute\" \/>\n<script type=\"application\/ld+json\" class=\"yoast-schema-graph\">{\"@context\":\"https:\\\/\\\/schema.org\",\"@graph\":[{\"@type\":\"WebPage\",\"@id\":\"https:\\\/\\\/www.cotedenuits.fr\\\/les-newsletters\\\/newsletter-septembre-2013\\\/\",\"url\":\"https:\\\/\\\/www.cotedenuits.fr\\\/les-newsletters\\\/newsletter-septembre-2013\\\/\",\"name\":\"Newsletter 4 - Sept 2013 - C\u00f4te de Nuits\",\"isPartOf\":{\"@id\":\"https:\\\/\\\/www.cotedenuits.fr\\\/#website\"},\"primaryImageOfPage\":{\"@id\":\"https:\\\/\\\/www.cotedenuits.fr\\\/les-newsletters\\\/newsletter-septembre-2013\\\/#primaryimage\"},\"image\":{\"@id\":\"https:\\\/\\\/www.cotedenuits.fr\\\/les-newsletters\\\/newsletter-septembre-2013\\\/#primaryimage\"},\"thumbnailUrl\":\"http:\\\/\\\/www.cotedenuits.fr\\\/wp-content\\\/uploads\\\/2013\\\/09\\\/Logo-CdN-300x295.jpg\",\"datePublished\":\"2013-09-26T13:40:18+00:00\",\"dateModified\":\"2015-12-25T16:39:31+00:00\",\"breadcrumb\":{\"@id\":\"https:\\\/\\\/www.cotedenuits.fr\\\/les-newsletters\\\/newsletter-septembre-2013\\\/#breadcrumb\"},\"inLanguage\":\"pt-PT\",\"potentialAction\":[{\"@type\":\"ReadAction\",\"target\":[\"https:\\\/\\\/www.cotedenuits.fr\\\/les-newsletters\\\/newsletter-septembre-2013\\\/\"]}]},{\"@type\":\"ImageObject\",\"inLanguage\":\"pt-PT\",\"@id\":\"https:\\\/\\\/www.cotedenuits.fr\\\/les-newsletters\\\/newsletter-septembre-2013\\\/#primaryimage\",\"url\":\"http:\\\/\\\/www.cotedenuits.fr\\\/wp-content\\\/uploads\\\/2013\\\/09\\\/Logo-CdN-300x295.jpg\",\"contentUrl\":\"http:\\\/\\\/www.cotedenuits.fr\\\/wp-content\\\/uploads\\\/2013\\\/09\\\/Logo-CdN-300x295.jpg\"},{\"@type\":\"BreadcrumbList\",\"@id\":\"https:\\\/\\\/www.cotedenuits.fr\\\/les-newsletters\\\/newsletter-septembre-2013\\\/#breadcrumb\",\"itemListElement\":[{\"@type\":\"ListItem\",\"position\":1,\"name\":\"Les Newsletters\",\"item\":\"https:\\\/\\\/www.cotedenuits.fr\\\/it\\\/les-newsletters\\\/\"},{\"@type\":\"ListItem\",\"position\":2,\"name\":\"Newsletter 4 &#8211; Sept 2013\"}]},{\"@type\":\"WebSite\",\"@id\":\"https:\\\/\\\/www.cotedenuits.fr\\\/#website\",\"url\":\"https:\\\/\\\/www.cotedenuits.fr\\\/\",\"name\":\"C\u00f4te de Nuits\",\"description\":\"un Bateau, une Association\",\"potentialAction\":[{\"@type\":\"SearchAction\",\"target\":{\"@type\":\"EntryPoint\",\"urlTemplate\":\"https:\\\/\\\/www.cotedenuits.fr\\\/?s={search_term_string}\"},\"query-input\":{\"@type\":\"PropertyValueSpecification\",\"valueRequired\":true,\"valueName\":\"search_term_string\"}}],\"inLanguage\":\"pt-PT\"}]}<\/script>\n<!-- \/ Yoast SEO plugin. -->","yoast_head_json":{"title":"Newsletter 4 - Sept 2013 - C\u00f4te de Nuits","robots":{"index":"index","follow":"follow","max-snippet":"max-snippet:-1","max-image-preview":"max-image-preview:large","max-video-preview":"max-video-preview:-1"},"canonical":"https:\/\/www.cotedenuits.fr\/les-newsletters\/newsletter-septembre-2013\/","og_locale":"pt_PT","og_type":"article","og_title":"Newsletter 4 - Sept 2013 - C\u00f4te de Nuits","og_url":"https:\/\/www.cotedenuits.fr\/les-newsletters\/newsletter-septembre-2013\/","og_site_name":"C\u00f4te de Nuits","article_publisher":"http:\/\/www.facebook.com\/cotedenuits22","article_modified_time":"2015-12-25T16:39:31+00:00","og_image":[{"url":"http:\/\/www.cotedenuits.fr\/wp-content\/uploads\/2013\/09\/Logo-CdN-300x295.jpg","type":"","width":"","height":""}],"twitter_misc":{"Est. reading time":"1 minute"},"schema":{"@context":"https:\/\/schema.org","@graph":[{"@type":"WebPage","@id":"https:\/\/www.cotedenuits.fr\/les-newsletters\/newsletter-septembre-2013\/","url":"https:\/\/www.cotedenuits.fr\/les-newsletters\/newsletter-septembre-2013\/","name":"Newsletter 4 - Sept 2013 - C\u00f4te de Nuits","isPartOf":{"@id":"https:\/\/www.cotedenuits.fr\/#website"},"primaryImageOfPage":{"@id":"https:\/\/www.cotedenuits.fr\/les-newsletters\/newsletter-septembre-2013\/#primaryimage"},"image":{"@id":"https:\/\/www.cotedenuits.fr\/les-newsletters\/newsletter-septembre-2013\/#primaryimage"},"thumbnailUrl":"http:\/\/www.cotedenuits.fr\/wp-content\/uploads\/2013\/09\/Logo-CdN-300x295.jpg","datePublished":"2013-09-26T13:40:18+00:00","dateModified":"2015-12-25T16:39:31+00:00","breadcrumb":{"@id":"https:\/\/www.cotedenuits.fr\/les-newsletters\/newsletter-septembre-2013\/#breadcrumb"},"inLanguage":"pt-PT","potentialAction":[{"@type":"ReadAction","target":["https:\/\/www.cotedenuits.fr\/les-newsletters\/newsletter-septembre-2013\/"]}]},{"@type":"ImageObject","inLanguage":"pt-PT","@id":"https:\/\/www.cotedenuits.fr\/les-newsletters\/newsletter-septembre-2013\/#primaryimage","url":"http:\/\/www.cotedenuits.fr\/wp-content\/uploads\/2013\/09\/Logo-CdN-300x295.jpg","contentUrl":"http:\/\/www.cotedenuits.fr\/wp-content\/uploads\/2013\/09\/Logo-CdN-300x295.jpg"},{"@type":"BreadcrumbList","@id":"https:\/\/www.cotedenuits.fr\/les-newsletters\/newsletter-septembre-2013\/#breadcrumb","itemListElement":[{"@type":"ListItem","position":1,"name":"Les Newsletters","item":"https:\/\/www.cotedenuits.fr\/it\/les-newsletters\/"},{"@type":"ListItem","position":2,"name":"Newsletter 4 &#8211; Sept 2013"}]},{"@type":"WebSite","@id":"https:\/\/www.cotedenuits.fr\/#website","url":"https:\/\/www.cotedenuits.fr\/","name":"C\u00f4te de Nuits","description":"un Bateau, une Association","potentialAction":[{"@type":"SearchAction","target":{"@type":"EntryPoint","urlTemplate":"https:\/\/www.cotedenuits.fr\/?s={search_term_string}"},"query-input":{"@type":"PropertyValueSpecification","valueRequired":true,"valueName":"search_term_string"}}],"inLanguage":"pt-PT"}]}},"_links":{"self":[{"href":"https:\/\/www.cotedenuits.fr\/pt\/wp-json\/wp\/v2\/pages\/159","targetHints":{"allow":["GET"]}}],"collection":[{"href":"https:\/\/www.cotedenuits.fr\/pt\/wp-json\/wp\/v2\/pages"}],"about":[{"href":"https:\/\/www.cotedenuits.fr\/pt\/wp-json\/wp\/v2\/types\/page"}],"author":[{"embeddable":true,"href":"https:\/\/www.cotedenuits.fr\/pt\/wp-json\/wp\/v2\/users\/1"}],"replies":[{"embeddable":true,"href":"https:\/\/www.cotedenuits.fr\/pt\/wp-json\/wp\/v2\/comments?post=159"}],"version-history":[{"count":4,"href":"https:\/\/www.cotedenuits.fr\/pt\/wp-json\/wp\/v2\/pages\/159\/revisions"}],"predecessor-version":[{"id":837,"href":"https:\/\/www.cotedenuits.fr\/pt\/wp-json\/wp\/v2\/pages\/159\/revisions\/837"}],"up":[{"embeddable":true,"href":"https:\/\/www.cotedenuits.fr\/pt\/wp-json\/wp\/v2\/pages\/175"}],"wp:attachment":[{"href":"https:\/\/www.cotedenuits.fr\/pt\/wp-json\/wp\/v2\/media?parent=159"}],"curies":[{"name":"wp","href":"https:\/\/api.w.org\/{rel}","templated":true}]}}