{"id":873,"date":"2016-05-17T14:22:02","date_gmt":"2016-05-17T13:22:02","guid":{"rendered":"http:\/\/www.cotedenuits.fr\/?page_id=873"},"modified":"2016-05-17T14:43:39","modified_gmt":"2016-05-17T13:43:39","slug":"newsletter-11-ag-2016","status":"publish","type":"page","link":"https:\/\/www.cotedenuits.fr\/it\/les-newsletters\/newsletter-11-ag-2016\/","title":{"rendered":"Newsletter 11 &#8211; AG 2016"},"content":{"rendered":"<h3 style=\"text-align: justify;\"><strong>Le 30 mars 2016 s\u2019est tenue l\u2019assembl\u00e9e g\u00e9n\u00e9rale de l\u2019Association \u2018\u2019C\u00f4te de Nuits\u2019\u2019<\/strong><\/h3>\n<h5>1.\u00a0\u00a0\u00a0\u00a0 Point bancaire\u00a0:<\/h5>\n<p>Le bilan 2015 est pr\u00e9sent\u00e9 par Isabelle qui fait le point sur les diff\u00e9rents comptes\u00a0:<\/p>\n<h6>\u00b7\u00a0\u00a0\u00a0\u00a0\u00a0\u00a0\u00a0 Compte \u2018\u2019parrainage\u2019\u2019 (compte sur Livret)\u00a0:<\/h6>\n<p style=\"text-align: justify;\">Toujours principalement gr\u00e2ce \u00e0 la g\u00e9n\u00e9rosit\u00e9 de proches de Patrick, on a pu r\u00e9unir suffisamment d\u2019argent pour payer la troisi\u00e8me et derni\u00e8re ann\u00e9e scolaire 2014\/2015 d\u2019\u00e9cole d\u2019infirmi\u00e8re de Dianette. Un nouveau parrainage a \u00e9t\u00e9 mis en route avec BLERC, Patrick d\u00e9veloppera ce sujet lors de la r\u00e9trospective de nos actions. Comme pour Dianette, nous envoyons les fonds via le Pasteur Pierre Bertin Clotaire sauf lors de notre visite de d\u00e9cembre o\u00f9 il lui a \u00e9t\u00e9 remis 150\u20ac en main propre. Le compte &#8220;parrainage&#8221; ou Livret A est toujours g\u00e9r\u00e9 s\u00e9par\u00e9ment du compte courant<\/p>\n<p style=\"text-align: justify;\">Comme d\u2019habitude, les frais de transfert d\u2019argent pour Ha\u00efti sont pris en charge par le Cr\u00e9dit Agricole des C\u00f4tes d\u2019Armor que nous tenons une nouvelle fois \u00e0 remercier pour ce geste.<\/p>\n<p style=\"text-align: justify;\">Au 30 Mars, le compte sur livret se monte \u00e0 469\u20ac,<\/p>\n<h6>\u00b7\u00a0\u00a0\u00a0\u00a0\u00a0\u00a0\u00a0 Compte courant\u00a0:<\/h6>\n<p style=\"text-align: justify;\">En ce qui concerne le compte courant, il est \u00e0 souligner des grosses d\u00e9penses tant en exp\u00e9ditions qu\u2019en achats qui ne sont que la r\u00e9alisation du projet Hachette. En accord avec Hachette, nous avons achet\u00e9 et exp\u00e9di\u00e9 des dictionnaires Hachette avec le solde de cette subvention. Cette exp\u00e9dition devrait d\u2019ailleurs arriver sous peu \u00e0 l\u2019\u00e9cole. Le total des d\u00e9penses se monte \u00e0 8000\u20ac<\/p>\n<p style=\"text-align: justify;\">Diverses rentr\u00e9es financi\u00e8res li\u00e9es \u00e0 nos activit\u00e9s 2015\u00a0: le Challenge Christophe HERON, la journ\u00e9e des Associations et le Bingo du 13 novembre. Avec les dons, les cotisations et la subvention de la Mairie (que nous remercions au passage), les rentr\u00e9es se montent \u00e0 5884\u20ac. Soit un d\u00e9ficit 2116\u20ac qui est tout \u00e0 fait normal puisque la subvention Hachette a \u00e9t\u00e9 comptabilis\u00e9e en 2014 et que les d\u00e9penses ont \u00e9t\u00e9 faites sur 2015.<\/p>\n<p style=\"text-align: justify;\">Au 30 mars, le compte courant se monte \u00e0 3268\u20ac.<\/p>\n<h5 style=\"text-align: justify;\">2.\u00a0\u00a0\u00a0\u00a0\u00a0 Nos actions 2015 pour Ha\u00efti\u00a0:<\/h5>\n<p style=\"text-align: justify;\">Patrick et Marc pr\u00e9sentent nos actions<\/p>\n<h6 style=\"text-align: justify;\">\u00b7\u00a0\u00a0\u00a0\u00a0\u00a0\u00a0\u00a0 Nos Filleuls<\/h6>\n<p style=\"text-align: justify;\">Notre filleule Dianette, a obtenu son dipl\u00f4me d\u2019infirmi\u00e8re en d\u00e9cembre dernier. Merci en<a href=\"http:\/\/www.cotedenuits.fr\/dsc_1966-r-2\/\"><img loading=\"lazy\" decoding=\"async\" class=\" wp-image-877 alignleft\" src=\"http:\/\/www.cotedenuits.fr\/wp-content\/uploads\/2016\/05\/DSC_1966-R-300x300.gif\" alt=\"DSC_1966-R\" width=\"191\" height=\"191\" srcset=\"https:\/\/www.cotedenuits.fr\/wp-content\/uploads\/2016\/05\/DSC_1966-R-300x300.gif 300w, https:\/\/www.cotedenuits.fr\/wp-content\/uploads\/2016\/05\/DSC_1966-R-150x150.gif 150w\" sizes=\"auto, (max-width: 191px) 100vw, 191px\" \/><\/a>core \u00e0 tous les parrains et marraines qui, par leurs dons, ont permis \u00e0 Dianette d\u2019obtenir son dipl\u00f4me. Malheureusement, il semblerait qu\u2019il soit tr\u00e8s difficile de trouver du travail avec un simple dipl\u00f4me d\u2019infirmi\u00e8re. Patrick la pousse \u00e0 faire une sp\u00e9cialisation mais ce n\u2019est pas gagn\u00e9 car les difficult\u00e9s sont grandes\u00a0!<a href=\"http:\/\/www.cotedenuits.fr\/dsc_1921-r-2\/\"><img loading=\"lazy\" decoding=\"async\" class=\" wp-image-879 alignright\" src=\"http:\/\/www.cotedenuits.fr\/wp-content\/uploads\/2016\/05\/DSC_1921-R-199x300.gif\" alt=\"DSC_1921-R\" width=\"175\" height=\"264\" \/><\/a><\/p>\n<p style=\"text-align: justify;\">Dans la continuit\u00e9 de notre philosophie d\u2019aider un jeune \u00e0 obtenir un dipl\u00f4me qui le rendra utile \u00e0 son pays, le Pasteur Pierre nous a recommand\u00e9 Blerc Fortun\u00e9, un jeune homme de 20 ans, orphelin depuis son tr\u00e8s jeune \u00e2ge. Il a d\u00e9but\u00e9 fin septembre dernier sa premi\u00e8re ann\u00e9e \u00e0 l\u2019INUTEC de Port au Prince (Institut Universitaire Technologique d\u2019Ha\u00efti) en section G\u00e9nie Civil et ses \u00e9tudes dureront 4 ans. A ce jour, nous avons pu financer son inscription ainsi que les mois de scolarit\u00e9 jusqu\u2019\u00e0 Ao\u00fbt 2016.<\/p>\n<h6 style=\"text-align: justify;\">\u00b7\u00a0\u00a0\u00a0\u00a0\u00a0\u00a0\u00a0 Les Vaches<\/h6>\n<p style=\"text-align: justify;\"><a href=\"http:\/\/www.cotedenuits.fr\/dsc_1812-r-2\/\"><img loading=\"lazy\" decoding=\"async\" class=\" wp-image-881 alignleft\" src=\"http:\/\/www.cotedenuits.fr\/wp-content\/uploads\/2016\/05\/DSC_1812-R-199x300.gif\" alt=\"DSC_1812-R\" width=\"150\" height=\"226\" \/><\/a>Comme nous l\u2019avions dit lors de la derni\u00e8re AG 2014, une des deux vaches \u00e9tait morte accidentellement. Lors de la visite d\u2019Isabelle, de Monique et de Patrick en d\u00e9cembre dernier, il s\u2019est av\u00e9r\u00e9 que le prix des vaches avait beaucoup augment\u00e9 et que pour 300\u20ac, il n\u2019y avait pas assez de choix et des vaches de mauvaise qualit\u00e9. Nous avons renvoy\u00e9 100\u20ac r\u00e9cemment et la vache a \u00e9t\u00e9 achet\u00e9e la semaine derni\u00e8re, nous attendons les photos\u00a0!<\/p>\n<p style=\"text-align: justify;\">Pour information, le taureau n\u00e9 d\u2019une des vaches a \u00e9t\u00e9 tu\u00e9 et mang\u00e9<a href=\"http:\/\/www.cotedenuits.fr\/les-newsletters\/newsletter-10-dec-2015\/dsc_2099-r\/\" rel=\"attachment wp-att-801\"><img loading=\"lazy\" decoding=\"async\" class=\" wp-image-801 alignright\" src=\"http:\/\/www.cotedenuits.fr\/wp-content\/uploads\/2015\/12\/DSC_2099-R-300x199.gif\" alt=\"DSC_2099-R\" width=\"206\" height=\"137\" \/><\/a> en notre honneur lors de notre visite et a permis de nourrir plus de 250 personnes qui, pour beaucoup, n\u2019avaient certainement pas mang\u00e9 de viande depuis des mois\u00a0! Les \u2018\u2019gazelles\u2019\u2019 (ou g\u00e9nisses) sont gard\u00e9es pour la reproduction et le lait.<\/p>\n<h6 style=\"text-align: justify;\">\u00b7\u00a0\u00a0\u00a0\u00a0\u00a0\u00a0\u00a0 Nos envois<\/h6>\n<p style=\"text-align: justify;\">Nous avons envoy\u00e9 pour 1400\u20ac de cartons en 2015 contenant des habits, des chaussures, des \u00e9quipements sportifs, des m\u00e9dicaments et du mat\u00e9riel m\u00e9dical, des instruments de musique, des livres pour enfants et adolescents\u2026 Toutes ces exp\u00e9ditions co\u00fbtent de plus en plus cher mais \u00e0 ce jour, nous n\u2019avons pas trouv\u00e9 d\u2019autres solutions qui apportent un service tel que celui-l\u00e0\u00a0: Transport, d\u00e9douanement et livraison \u00e0 domicile.<\/p>\n<h6 style=\"text-align: justify;\"><a href=\"https:\/\/www.youtube.com\/watch?v=yW8mzA97Hzg\" target=\"_blank\">\u00b7\u00a0\u00a0\u00a0\u00a0\u00a0\u00a0\u00a0 Voyage de Monique, Isabelle et Patrick<\/a><\/h6>\n<h6 style=\"text-align: justify;\">(cliquez sur le titre pour voir le petit film de pr\u00e9sentation)<\/h6>\n<p style=\"text-align: justify;\"><a href=\"http:\/\/www.cotedenuits.fr\/dsc_2261-r-2\/\"><img loading=\"lazy\" decoding=\"async\" class=\"size-medium wp-image-883 alignleft\" src=\"http:\/\/www.cotedenuits.fr\/wp-content\/uploads\/2016\/05\/DSC_2261-R-300x199.gif\" alt=\"DSC_2261-R\" width=\"300\" height=\"199\" \/><\/a>Comme vous le savez, Monique, Isabelle et Patrick se sont rendus \u00e0 l\u2019\u00e9cole de La Hatte du 2 au 12 d\u00e9cembre dernier. Il est \u00e0 noter que les frais engag\u00e9s, avion et participation aux frais d\u2019h\u00e9bergement ont \u00e9t\u00e9s pris sur les fonds propres de chacun tout en sachant qu\u2019en renon\u00e7ant express\u00e9ment au remboursement des frais engag\u00e9s, un re\u00e7u fiscal leur sera d\u00e9livr\u00e9, reste tout de m\u00eame 33% \u00e0 leur charge. Merci pour ce geste. Dans le futur nous essaierons de financer tout ou partie de ces frais par du sponsoring.<\/p>\n<p style=\"text-align: justify;\">Ce voyage a \u00e9t\u00e9 tr\u00e8s tr\u00e8s enrichissant et permet de voir comment l\u2019aide que nous apportons profite aux enfants et \u00e0 l\u2019\u00e9cole et permet aussi de mieux cerner les besoins r\u00e9els.<\/p>\n<p style=\"text-align: justify;\"><a href=\"http:\/\/www.cotedenuits.fr\/20160213_110351\/\"><img loading=\"lazy\" decoding=\"async\" class=\" wp-image-894 alignleft\" src=\"http:\/\/www.cotedenuits.fr\/wp-content\/uploads\/2016\/05\/20160213_110351-300x225.jpg\" alt=\"20160213_110351\" width=\"147\" height=\"110\" srcset=\"https:\/\/www.cotedenuits.fr\/wp-content\/uploads\/2016\/05\/20160213_110351-300x225.jpg 300w, https:\/\/www.cotedenuits.fr\/wp-content\/uploads\/2016\/05\/20160213_110351-768x576.jpg 768w, https:\/\/www.cotedenuits.fr\/wp-content\/uploads\/2016\/05\/20160213_110351-1024x768.jpg 1024w\" sizes=\"auto, (max-width: 147px) 100vw, 147px\" \/><\/a>M\u00eame si cet \u00e9v\u00e8nement s\u2019est d\u00e9roul\u00e9 en 2016 mais vu qu\u2019il est en lien direct avec ce voyage, il faut souligner que<strong> la Soir\u00e9e Ha\u00eftienne<\/strong> du 13 f\u00e9vrier dernier a remport\u00e9 un vif succ\u00e8s tant par la r\u00e9trospective de notre voyage que par le d\u00eener typique ha\u00eftie<a href=\"http:\/\/www.cotedenuits.fr\/dsc_2538\/\"><img loading=\"lazy\" decoding=\"async\" class=\" wp-image-895 alignright\" src=\"http:\/\/www.cotedenuits.fr\/wp-content\/uploads\/2016\/05\/DSC_2538-300x199.jpg\" alt=\"DSC_2538\" width=\"190\" height=\"126\" srcset=\"https:\/\/www.cotedenuits.fr\/wp-content\/uploads\/2016\/05\/DSC_2538-300x199.jpg 300w, https:\/\/www.cotedenuits.fr\/wp-content\/uploads\/2016\/05\/DSC_2538-768x509.jpg 768w, https:\/\/www.cotedenuits.fr\/wp-content\/uploads\/2016\/05\/DSC_2538-1024x678.jpg 1024w\" sizes=\"auto, (max-width: 190px) 100vw, 190px\" \/><\/a>n qui fut un r\u00e9gal. Merci \u00e0 Monique, Isabelle, V\u00e9ronique et les doigts d\u00e9gourdis sans oublier Ullema (qui achemine nos colis), sans l\u2019aide de qui cette soir\u00e9e n\u2019aurait pas \u00e9t\u00e9 un succ\u00e8s! Une sacr\u00e9e cuisini\u00e8re\u00a0!<\/p>\n<h5 style=\"text-align: justify;\">3.\u00a0\u00a0\u00a0\u00a0 Nos projets 2016<\/h5>\n<p style=\"text-align: justify;\">Comme pour 2015, des projets ou des id\u00e9es, nous en avons toujours, mais le plus difficile est de les r\u00e9aliser car m\u00eame si nous nous f\u00e9licitons de la venue de Monique et d\u2019Isabelle, nous ne sommes toujours pas tr\u00e8s nombreux et toujours aussi d\u00e9bord\u00e9s\u2026<\/p>\n<h6 style=\"text-align: justify;\">\u00b7\u00a0\u00a0\u00a0\u00a0\u00a0\u00a0\u00a0 Sport :<\/h6>\n<p style=\"text-align: justify;\">Nous n\u2019avons pas pu r\u00e9aliser le projet sur la base de loisirs de Cergy-Neuville. Cette organisation demande beaucoup de temps et de moyens mais nous gardons cette id\u00e9e en t\u00eate\u2026<\/p>\n<p style=\"text-align: justify;\">Le tournoi de foot est toujours un peu difficile \u00e0 organiser mais nous pensons que cette ann\u00e9e on y arrivera peut-\u00eatre sous une autre forme ou en association avec un autre \u00e9v\u00e8nement. Projet \u00e0 travailler d\u00e8s maintenant avec l\u2019ASNO.<\/p>\n<p style=\"text-align: justify;\">Participation \u00e0 la 30\u00e8me Foul\u00e9e Neuvilloise. Cette ann\u00e9e, on met le paquet\u00a0! Marc s\u2019est remu\u00e9 comme un diable, a trouv\u00e9 des sponsors et C\u00f4te de Nuits sera bien mis en avant. Merci Marc et rendez-vous dimanche prochain\u00a0!<\/p>\n<h6 style=\"text-align: justify;\">\u00b7\u00a0\u00a0\u00a0\u00a0\u00a0\u00a0\u00a0 \u00c9ducation et Avenir :<\/h6>\n<p style=\"text-align: justify;\"><a href=\"http:\/\/www.cotedenuits.fr\/dsc_1936-r-2\/\"><img loading=\"lazy\" decoding=\"async\" class=\" wp-image-882 alignleft\" src=\"http:\/\/www.cotedenuits.fr\/wp-content\/uploads\/2016\/05\/DSC_1936-R-300x199.gif\" alt=\"DSC_1936-R\" width=\"264\" height=\"175\" \/><\/a>Le projet plus ambitieux de la cr\u00e9ation d\u2019un complexe touristique est toujours en gestation et le d\u00e9placement \u00e0 Saint Louis du Sud a permis d\u2019avancer un peu sur le sujet avec la rencontre du d\u00e9put\u00e9 local et la visite de plusieurs \u00e9ventuels lieu. Toutefois ce projet, m\u00eame s\u2019il n\u2019est pas notre priorit\u00e9, avance doucement car nous savons que seuls nous ne pourrons pas y arriver. Georges Legarzic, notre architecte d\u2019ASTER (Association Architectes Sans Territoire) est toujours dans le coup et sera peut-\u00eatre plus disponible vu que son projet du centre d\u2019exp\u00e9rimentation sur le bambou au Cambodge est maintenant termin\u00e9. Mercredi soir dernier, il avait son AG d\u2019ASTER et devait glisser quelques mots sur Ha\u00efti suite \u00e0 notre visite au d\u00e9put\u00e9 et notamment l\u2019id\u00e9e de faire travailler des \u00e9tudiants des diff\u00e9rentes universit\u00e9s de Cergy qui pourraient porter le projet pour ramener un financement.<\/p>\n<h6 style=\"text-align: justify;\">\u00b7\u00a0\u00a0\u00a0\u00a0\u00a0\u00a0\u00a0 Scolaire :<\/h6>\n<p style=\"text-align: justify;\">Toujours un grand besoin de mat\u00e9riel scolaire. Mobilisez-vous et parlez-en autour de et \u00e0 vos proches, ayez une pens\u00e9e pour les enfants de l\u2019\u00e9cole Communautaire de La Hatte. Crayons, gommes, stylos bille, r\u00e8gles, tailles crayons, cahiers, ramettes de papier, sacs d\u2019\u00e9cole (voir liste)\u2026<\/p>\n<p style=\"text-align: justify;\">Monique et Isabelle vont animer au sein de l\u2019\u00e9cole des ateliers sur Ha\u00efti et pr\u00e9senter une r\u00e9trospective de leur voyage.<\/p>\n<h6 style=\"text-align: justify;\">\u00b7\u00a0\u00a0\u00a0\u00a0\u00a0\u00a0\u00a0 Divers\u00a0:<\/h6>\n<p style=\"text-align: justify;\">Journ\u00e9e des Associations d\u00e9but septembre \u2013 Cotisations \u2026<\/p>\n<p style=\"text-align: justify;\">Bingo Annuel de fin d\u2019ann\u00e9e. Rechercher des sponsors et lots d\u00e8s maintenant<\/p>\n<p style=\"text-align: justify;\">Un autre voyage en Ha\u00efti avec Marc apr\u00e8s le Bingo\u00a0?<\/p>\n","protected":false},"excerpt":{"rendered":"<p>Le 30 mars 2016 s\u2019est tenue l\u2019assembl\u00e9e g\u00e9n\u00e9rale de l\u2019Association \u2018\u2019C\u00f4te de Nuits\u2019\u2019 1.\u00a0\u00a0\u00a0\u00a0 Point bancaire\u00a0: Le bilan 2015 est pr\u00e9sent\u00e9 par Isabelle qui fait le point sur les diff\u00e9rents comptes\u00a0: \u00b7\u00a0\u00a0\u00a0\u00a0\u00a0\u00a0\u00a0 Compte \u2018\u2019parrainage\u2019\u2019 (compte sur Livret)\u00a0: Toujours principalement gr\u00e2ce \u00e0 la g\u00e9n\u00e9rosit\u00e9 de proches de Patrick, on a pu r\u00e9unir suffisamment d\u2019argent pour payer &hellip; <a href=\"https:\/\/www.cotedenuits.fr\/it\/les-newsletters\/newsletter-11-ag-2016\/\" class=\"more-link\">Continue reading <span class=\"screen-reader-text\">Newsletter 11 &#8211; AG 2016<\/span> <span class=\"meta-nav\">&rarr;<\/span><\/a><\/p>\n","protected":false},"author":1,"featured_media":0,"parent":175,"menu_order":0,"comment_status":"closed","ping_status":"closed","template":"","meta":{"footnotes":""},"class_list":["post-873","page","type-page","status-publish","hentry"],"translation":{"provider":"WPGlobus","version":"3.0.2","language":"it","enabled_languages":["en","es","de","fr","pt","it"],"languages":{"en":{"title":true,"content":true,"excerpt":false},"es":{"title":false,"content":false,"excerpt":false},"de":{"title":false,"content":false,"excerpt":false},"fr":{"title":false,"content":false,"excerpt":false},"pt":{"title":false,"content":false,"excerpt":false},"it":{"title":false,"content":false,"excerpt":false}}},"yoast_head":"<!-- This site is optimized with the Yoast SEO plugin v27.4 - https:\/\/yoast.com\/product\/yoast-seo-wordpress\/ -->\n<title>Newsletter 11 - AG 2016 - C\u00f4te de Nuits<\/title>\n<meta name=\"robots\" content=\"index, follow, max-snippet:-1, max-image-preview:large, max-video-preview:-1\" \/>\n<link rel=\"canonical\" href=\"https:\/\/www.cotedenuits.fr\/fr\/les-newsletters\/newsletter-11-ag-2016\/\" \/>\n<meta property=\"og:locale\" content=\"it_IT\" \/>\n<meta property=\"og:type\" content=\"article\" \/>\n<meta property=\"og:title\" content=\"Newsletter 11 - AG 2016 - C\u00f4te de Nuits\" \/>\n<meta property=\"og:url\" content=\"https:\/\/www.cotedenuits.fr\/fr\/les-newsletters\/newsletter-11-ag-2016\/\" \/>\n<meta property=\"og:site_name\" content=\"C\u00f4te de Nuits\" \/>\n<meta property=\"article:publisher\" content=\"http:\/\/www.facebook.com\/cotedenuits22\" \/>\n<meta property=\"article:modified_time\" content=\"2016-05-17T13:43:39+00:00\" \/>\n<meta property=\"og:image\" content=\"http:\/\/www.cotedenuits.fr\/wp-content\/uploads\/2016\/05\/DSC_1966-R-300x300.gif\" \/>\n<meta name=\"twitter:label1\" content=\"Est. reading time\" \/>\n\t<meta name=\"twitter:data1\" content=\"7 minutes\" \/>\n<script type=\"application\/ld+json\" class=\"yoast-schema-graph\">{\"@context\":\"https:\\\/\\\/schema.org\",\"@graph\":[{\"@type\":\"WebPage\",\"@id\":\"https:\\\/\\\/www.cotedenuits.fr\\\/fr\\\/les-newsletters\\\/newsletter-11-ag-2016\\\/\",\"url\":\"https:\\\/\\\/www.cotedenuits.fr\\\/fr\\\/les-newsletters\\\/newsletter-11-ag-2016\\\/\",\"name\":\"Newsletter 11 - AG 2016 - C\u00f4te de Nuits\",\"isPartOf\":{\"@id\":\"https:\\\/\\\/www.cotedenuits.fr\\\/#website\"},\"primaryImageOfPage\":{\"@id\":\"https:\\\/\\\/www.cotedenuits.fr\\\/fr\\\/les-newsletters\\\/newsletter-11-ag-2016\\\/#primaryimage\"},\"image\":{\"@id\":\"https:\\\/\\\/www.cotedenuits.fr\\\/fr\\\/les-newsletters\\\/newsletter-11-ag-2016\\\/#primaryimage\"},\"thumbnailUrl\":\"http:\\\/\\\/www.cotedenuits.fr\\\/wp-content\\\/uploads\\\/2016\\\/05\\\/DSC_1966-R-300x300.gif\",\"datePublished\":\"2016-05-17T13:22:02+00:00\",\"dateModified\":\"2016-05-17T13:43:39+00:00\",\"breadcrumb\":{\"@id\":\"https:\\\/\\\/www.cotedenuits.fr\\\/fr\\\/les-newsletters\\\/newsletter-11-ag-2016\\\/#breadcrumb\"},\"inLanguage\":\"it-IT\",\"potentialAction\":[{\"@type\":\"ReadAction\",\"target\":[\"https:\\\/\\\/www.cotedenuits.fr\\\/fr\\\/les-newsletters\\\/newsletter-11-ag-2016\\\/\"]}]},{\"@type\":\"ImageObject\",\"inLanguage\":\"it-IT\",\"@id\":\"https:\\\/\\\/www.cotedenuits.fr\\\/fr\\\/les-newsletters\\\/newsletter-11-ag-2016\\\/#primaryimage\",\"url\":\"http:\\\/\\\/www.cotedenuits.fr\\\/wp-content\\\/uploads\\\/2016\\\/05\\\/DSC_1966-R-300x300.gif\",\"contentUrl\":\"http:\\\/\\\/www.cotedenuits.fr\\\/wp-content\\\/uploads\\\/2016\\\/05\\\/DSC_1966-R-300x300.gif\"},{\"@type\":\"BreadcrumbList\",\"@id\":\"https:\\\/\\\/www.cotedenuits.fr\\\/fr\\\/les-newsletters\\\/newsletter-11-ag-2016\\\/#breadcrumb\",\"itemListElement\":[{\"@type\":\"ListItem\",\"position\":1,\"name\":\"Les Newsletters\",\"item\":\"https:\\\/\\\/www.cotedenuits.fr\\\/it\\\/les-newsletters\\\/\"},{\"@type\":\"ListItem\",\"position\":2,\"name\":\"Newsletter 11 &#8211; AG 2016\"}]},{\"@type\":\"WebSite\",\"@id\":\"https:\\\/\\\/www.cotedenuits.fr\\\/#website\",\"url\":\"https:\\\/\\\/www.cotedenuits.fr\\\/\",\"name\":\"C\u00f4te de Nuits\",\"description\":\"un Bateau, une Association\",\"potentialAction\":[{\"@type\":\"SearchAction\",\"target\":{\"@type\":\"EntryPoint\",\"urlTemplate\":\"https:\\\/\\\/www.cotedenuits.fr\\\/?s={search_term_string}\"},\"query-input\":{\"@type\":\"PropertyValueSpecification\",\"valueRequired\":true,\"valueName\":\"search_term_string\"}}],\"inLanguage\":\"it-IT\"}]}<\/script>\n<!-- \/ Yoast SEO plugin. -->","yoast_head_json":{"title":"Newsletter 11 - AG 2016 - C\u00f4te de Nuits","robots":{"index":"index","follow":"follow","max-snippet":"max-snippet:-1","max-image-preview":"max-image-preview:large","max-video-preview":"max-video-preview:-1"},"canonical":"https:\/\/www.cotedenuits.fr\/fr\/les-newsletters\/newsletter-11-ag-2016\/","og_locale":"it_IT","og_type":"article","og_title":"Newsletter 11 - AG 2016 - C\u00f4te de Nuits","og_url":"https:\/\/www.cotedenuits.fr\/fr\/les-newsletters\/newsletter-11-ag-2016\/","og_site_name":"C\u00f4te de Nuits","article_publisher":"http:\/\/www.facebook.com\/cotedenuits22","article_modified_time":"2016-05-17T13:43:39+00:00","og_image":[{"url":"http:\/\/www.cotedenuits.fr\/wp-content\/uploads\/2016\/05\/DSC_1966-R-300x300.gif","type":"","width":"","height":""}],"twitter_misc":{"Est. reading time":"7 minutes"},"schema":{"@context":"https:\/\/schema.org","@graph":[{"@type":"WebPage","@id":"https:\/\/www.cotedenuits.fr\/fr\/les-newsletters\/newsletter-11-ag-2016\/","url":"https:\/\/www.cotedenuits.fr\/fr\/les-newsletters\/newsletter-11-ag-2016\/","name":"Newsletter 11 - AG 2016 - C\u00f4te de Nuits","isPartOf":{"@id":"https:\/\/www.cotedenuits.fr\/#website"},"primaryImageOfPage":{"@id":"https:\/\/www.cotedenuits.fr\/fr\/les-newsletters\/newsletter-11-ag-2016\/#primaryimage"},"image":{"@id":"https:\/\/www.cotedenuits.fr\/fr\/les-newsletters\/newsletter-11-ag-2016\/#primaryimage"},"thumbnailUrl":"http:\/\/www.cotedenuits.fr\/wp-content\/uploads\/2016\/05\/DSC_1966-R-300x300.gif","datePublished":"2016-05-17T13:22:02+00:00","dateModified":"2016-05-17T13:43:39+00:00","breadcrumb":{"@id":"https:\/\/www.cotedenuits.fr\/fr\/les-newsletters\/newsletter-11-ag-2016\/#breadcrumb"},"inLanguage":"it-IT","potentialAction":[{"@type":"ReadAction","target":["https:\/\/www.cotedenuits.fr\/fr\/les-newsletters\/newsletter-11-ag-2016\/"]}]},{"@type":"ImageObject","inLanguage":"it-IT","@id":"https:\/\/www.cotedenuits.fr\/fr\/les-newsletters\/newsletter-11-ag-2016\/#primaryimage","url":"http:\/\/www.cotedenuits.fr\/wp-content\/uploads\/2016\/05\/DSC_1966-R-300x300.gif","contentUrl":"http:\/\/www.cotedenuits.fr\/wp-content\/uploads\/2016\/05\/DSC_1966-R-300x300.gif"},{"@type":"BreadcrumbList","@id":"https:\/\/www.cotedenuits.fr\/fr\/les-newsletters\/newsletter-11-ag-2016\/#breadcrumb","itemListElement":[{"@type":"ListItem","position":1,"name":"Les Newsletters","item":"https:\/\/www.cotedenuits.fr\/it\/les-newsletters\/"},{"@type":"ListItem","position":2,"name":"Newsletter 11 &#8211; AG 2016"}]},{"@type":"WebSite","@id":"https:\/\/www.cotedenuits.fr\/#website","url":"https:\/\/www.cotedenuits.fr\/","name":"C\u00f4te de Nuits","description":"un Bateau, une Association","potentialAction":[{"@type":"SearchAction","target":{"@type":"EntryPoint","urlTemplate":"https:\/\/www.cotedenuits.fr\/?s={search_term_string}"},"query-input":{"@type":"PropertyValueSpecification","valueRequired":true,"valueName":"search_term_string"}}],"inLanguage":"it-IT"}]}},"_links":{"self":[{"href":"https:\/\/www.cotedenuits.fr\/it\/wp-json\/wp\/v2\/pages\/873","targetHints":{"allow":["GET"]}}],"collection":[{"href":"https:\/\/www.cotedenuits.fr\/it\/wp-json\/wp\/v2\/pages"}],"about":[{"href":"https:\/\/www.cotedenuits.fr\/it\/wp-json\/wp\/v2\/types\/page"}],"author":[{"embeddable":true,"href":"https:\/\/www.cotedenuits.fr\/it\/wp-json\/wp\/v2\/users\/1"}],"replies":[{"embeddable":true,"href":"https:\/\/www.cotedenuits.fr\/it\/wp-json\/wp\/v2\/comments?post=873"}],"version-history":[{"count":12,"href":"https:\/\/www.cotedenuits.fr\/it\/wp-json\/wp\/v2\/pages\/873\/revisions"}],"predecessor-version":[{"id":896,"href":"https:\/\/www.cotedenuits.fr\/it\/wp-json\/wp\/v2\/pages\/873\/revisions\/896"}],"up":[{"embeddable":true,"href":"https:\/\/www.cotedenuits.fr\/it\/wp-json\/wp\/v2\/pages\/175"}],"wp:attachment":[{"href":"https:\/\/www.cotedenuits.fr\/it\/wp-json\/wp\/v2\/media?parent=873"}],"curies":[{"name":"wp","href":"https:\/\/api.w.org\/{rel}","templated":true}]}}