{"id":389,"date":"2014-12-22T17:09:42","date_gmt":"2014-12-22T16:09:42","guid":{"rendered":"http:\/\/www.cotedenuits.fr\/?page_id=389"},"modified":"2015-12-25T17:41:16","modified_gmt":"2015-12-25T16:41:16","slug":"newsletter-8-dec-2014","status":"publish","type":"page","link":"https:\/\/www.cotedenuits.fr\/it\/les-newsletters\/newsletter-8-dec-2014\/","title":{"rendered":"Newsletter 8 &#8211; D\u00e9c 2014"},"content":{"rendered":"<p>&nbsp;<\/p>\n<h2><span style=\"color: #ff0000;\"><a href=\"http:\/\/www.cotedenuits.fr\/wp-content\/uploads\/2014\/12\/arbre-noel-2014.jpg\"><img loading=\"lazy\" decoding=\"async\" class=\"alignnone  wp-image-414\" src=\"http:\/\/www.cotedenuits.fr\/wp-content\/uploads\/2014\/12\/arbre-noel-2014-300x225.jpg\" alt=\"arbre-noel-2014\" width=\"135\" height=\"101\" srcset=\"https:\/\/www.cotedenuits.fr\/wp-content\/uploads\/2014\/12\/arbre-noel-2014-300x225.jpg 300w, https:\/\/www.cotedenuits.fr\/wp-content\/uploads\/2014\/12\/arbre-noel-2014.jpg 800w\" sizes=\"auto, (max-width: 135px) 100vw, 135px\" \/><\/a>\u00a0Association<strong> &#8220;C\u00f4te de Nuits&#8221; <\/strong><\/span><\/h2>\n<p style=\"text-align: justify;\"><strong>Quelques nouvelles des actions de l&#8217;association &#8220;C\u00f4te de Nuits&#8221;<\/strong> qui sans les aides de ses fid\u00e8les donateurs ne pourrait pas faire grand chose pour venir en aide \u00e0 ceux qui en ont un grand besoin. Aujourd&#8217;hui notre action est\u00a0en Ha\u00efti.<\/p>\n<h3>l&#8217;\u00e9cole communautaire de la Hatte<\/h3>\n<p style=\"text-align: justify;\">Comme vous le savez, notre association\u00a0aide une \u00e9cole perdue dans le fond d&#8217;une ravine de Saint Louis du Sud en Ha\u00efti\u00a0mais parraine aussi\u00a0<strong>Dianette<\/strong> qui, gr\u00e2ce \u00e0 ses parrains et marraines vient d&#8217;int\u00e9grer sa troisi\u00e8me ann\u00e9e d&#8217;\u00e9cole d&#8217;infirmi\u00e8re. Dianette est une\u00a0ancienne \u00e9l\u00e8ve de l&#8217;\u00e9cole,\u00a0immobilis\u00e9e pendant plusieurs mois apr\u00e8s un tr\u00e8s grave accident, les \u00e9conomies de sa famille avaient \u00e9t\u00e9 r\u00e9duites\u00a0\u00e0 une peau de chagrin. Lors de notre passage \u00e0 bord de C\u00f4te de Nuits en f\u00e9vrier 2011,\u00a0son p\u00e8re (professeur\u00a0b\u00e9n\u00e9vole de l&#8217;\u00e9cole)\u00a0nous avait expliqu\u00e9 son dilemme : Dianette notre petite derni\u00e8re est intelligente, elle veut \u00eatre infirmi\u00e8re et je ne peux plus lui payer ses \u00e9tudes&#8230; Nous avons entendu Dianette\u00a0nous parler de son r\u00eave et nous avions promis de l&#8217;aider \u00e0 le r\u00e9aliser. Vous l&#8217;avez fait, MERCI.<\/p>\n<p style=\"text-align: justify;\"><a href=\"http:\/\/www.cotedenuits.fr\/wp-content\/uploads\/2014\/12\/R-DSCN0996.jpg\"><img loading=\"lazy\" decoding=\"async\" class=\"alignnone  wp-image-399\" src=\"http:\/\/www.cotedenuits.fr\/wp-content\/uploads\/2014\/12\/R-DSCN0996-300x225.jpg\" alt=\"R-DSCN0996\" width=\"194\" height=\"145\" srcset=\"https:\/\/www.cotedenuits.fr\/wp-content\/uploads\/2014\/12\/R-DSCN0996-300x225.jpg 300w, https:\/\/www.cotedenuits.fr\/wp-content\/uploads\/2014\/12\/R-DSCN0996.jpg 1024w\" sizes=\"auto, (max-width: 194px) 100vw, 194px\" \/><\/a>\u00a0<a href=\"http:\/\/www.cotedenuits.fr\/wp-content\/uploads\/2014\/12\/R-DSCN1010.jpg\"><img loading=\"lazy\" decoding=\"async\" class=\"alignnone  wp-image-398\" src=\"http:\/\/www.cotedenuits.fr\/wp-content\/uploads\/2014\/12\/R-DSCN1010-300x225.jpg\" alt=\"R-DSCN1010\" width=\"196\" height=\"147\" srcset=\"https:\/\/www.cotedenuits.fr\/wp-content\/uploads\/2014\/12\/R-DSCN1010-300x225.jpg 300w, https:\/\/www.cotedenuits.fr\/wp-content\/uploads\/2014\/12\/R-DSCN1010.jpg 1024w\" sizes=\"auto, (max-width: 196px) 100vw, 196px\" \/><\/a>\u00a0<a href=\"http:\/\/www.cotedenuits.fr\/wp-content\/uploads\/2014\/12\/R-DSCN0988.jpg\"><img loading=\"lazy\" decoding=\"async\" class=\"alignnone  wp-image-397\" src=\"http:\/\/www.cotedenuits.fr\/wp-content\/uploads\/2014\/12\/R-DSCN0988-300x225.jpg\" alt=\"R-DSCN0988\" width=\"194\" height=\"146\" srcset=\"https:\/\/www.cotedenuits.fr\/wp-content\/uploads\/2014\/12\/R-DSCN0988-300x225.jpg 300w, https:\/\/www.cotedenuits.fr\/wp-content\/uploads\/2014\/12\/R-DSCN0988.jpg 1024w\" sizes=\"auto, (max-width: 194px) 100vw, 194px\" \/><\/a><\/p>\n<p style=\"text-align: justify;\"><a href=\"http:\/\/www.cotedenuits.fr\/wp-content\/uploads\/2014\/12\/R-DSC00714.jpg\"><img loading=\"lazy\" decoding=\"async\" class=\"alignnone  wp-image-396\" src=\"http:\/\/www.cotedenuits.fr\/wp-content\/uploads\/2014\/12\/R-DSC00714-300x169.jpg\" alt=\"R-DSC00714\" width=\"249\" height=\"140\" srcset=\"https:\/\/www.cotedenuits.fr\/wp-content\/uploads\/2014\/12\/R-DSC00714-300x169.jpg 300w, https:\/\/www.cotedenuits.fr\/wp-content\/uploads\/2014\/12\/R-DSC00714.jpg 1024w\" sizes=\"auto, (max-width: 249px) 100vw, 249px\" \/><\/a>\u00a0<a href=\"http:\/\/www.cotedenuits.fr\/wp-content\/uploads\/2014\/12\/R-DSC00308.jpg\"><img loading=\"lazy\" decoding=\"async\" class=\"alignnone  wp-image-394\" src=\"http:\/\/www.cotedenuits.fr\/wp-content\/uploads\/2014\/12\/R-DSC00308-300x225.jpg\" alt=\"R-DSC00308\" width=\"188\" height=\"141\" srcset=\"https:\/\/www.cotedenuits.fr\/wp-content\/uploads\/2014\/12\/R-DSC00308-300x225.jpg 300w, https:\/\/www.cotedenuits.fr\/wp-content\/uploads\/2014\/12\/R-DSC00308.jpg 1024w\" sizes=\"auto, (max-width: 188px) 100vw, 188px\" \/><\/a>\u00a0<a href=\"http:\/\/www.cotedenuits.fr\/wp-content\/uploads\/2014\/12\/R-DSC00433-e1419197771253.jpg\"><img loading=\"lazy\" decoding=\"async\" class=\"alignnone  wp-image-395\" src=\"http:\/\/www.cotedenuits.fr\/wp-content\/uploads\/2014\/12\/R-DSC00433-e1419197771253-225x300.jpg\" alt=\"R-DSC00433\" width=\"150\" height=\"200\" srcset=\"https:\/\/www.cotedenuits.fr\/wp-content\/uploads\/2014\/12\/R-DSC00433-e1419197771253-225x300.jpg 225w, https:\/\/www.cotedenuits.fr\/wp-content\/uploads\/2014\/12\/R-DSC00433-e1419197771253.jpg 768w\" sizes=\"auto, (max-width: 150px) 100vw, 150px\" \/><\/a><\/p>\n<p style=\"text-align: justify;\">Voici son dernier petit message re\u00e7u :<\/p>\n<p style=\"text-align: justify;\">11\/12\/2014 18:53<br \/>\n<em><span style=\"color: #000080;\">Dianette Azor &#8211; bonsoir comment comportez-vous ta sante et tes activites? Pour moi ca va un peux. c&#8217;\u00e9tait avec anpil de joie et de contentement pour t&#8217;\u00e9crire cette apres midi. Je vous remercier d&#8217;avoir accept\u00e9 pour vous m&#8217;aidez\u00a0\u00e0 l&#8217;universit\u00e9 de premi\u00e8re annee jusqu&#8217;\u00e0 3eme ann\u00e9e science infirmi\u00e8re. J&#8217;ai recu un montant de $8649 haitien de pasteur Pierre que vous envoyez pour moi. Je vous dis mille merci, je n&#8217;ai pas de mot juste pour te remercier j&#8217;envie de te voir. Mes salutations distingu\u00e9es de la part de Dianette Azor a toutes ses familles Joyeux Noel 2014 et heureuses annee 2015. Bon apres midi&#8230;<\/span><\/em><\/p>\n<h3 style=\"text-align: justify;\">Les Vaches<\/h3>\n<p style=\"text-align: justify;\"><strong>Triste nouvelle :<\/strong> 19\/11\/2014 <em><span style=\"color: #000080;\">&#8220;lundi soir nous venons de perde l&#8217;une des vaches par un accident dans le paturage elle a ete pendu par sa corde et est morte, la vache nous pleurons amerement mais c&#8217;est la volonte de notre Dieu.&#8221;<\/span><\/em><\/p>\n<p style=\"text-align: justify;\">Nous remplacerons cette vache dans les mois qui viennent et si cela nous est possible, nous irons nous-m\u00eame l&#8217;acheter sur le march\u00e9 aux bestiaux de Cavaillon (petite ville situ\u00e9e entre Saint Louis du Sud et les Cayes).<\/p>\n<h3 style=\"text-align: justify;\">Notre grand\u00a0projet<\/h3>\n<p style=\"text-align: justify;\"><strong>\u00c9ducatif et travail <\/strong>: Vous vous souvenez du projet de cr\u00e9ation d\u2019un \u00ab\u00a0complexe h\u00f4telier\u00a0\u00bb \u00e0 Saint Louis du sud (voir nos derni\u00e8res\u00a0newsletters). Ce\u00a0projet\u00a0tient toujours et Georges, notre architecte de l\u2019association <strong>ASTER<\/strong>\u00a0aid\u00e9 de\u00a0son \u00e9quipe\u00a0ont commenc\u00e9 \u00e0 monter\u00a0le pr\u00e9 dossier que nous pourrons exposer aux autorit\u00e9s ha\u00eftiennes courant avril.\u00a0Prenez connaissance des derni\u00e8res nouvelles de l&#8217;association <strong>ASTER<\/strong> en cliquant sur le lien <a href=\"http:\/\/www.cotedenuits.fr\/wp-content\/uploads\/2014\/12\/FLYER-DECEMBRE-2014.pdf\">FLYER DECEMBRE 2014<\/a>, <strong>ASTER<\/strong> fait mention du projet en cours.<\/p>\n<p style=\"text-align: justify;\"><strong><em>\u00cates-vous pr\u00eats \u00e0 aller passer quelques jours de vacances <\/em><\/strong><strong><em>\u00e0 la d\u00e9couverte de l&#8217;histoire\u00a0<\/em><\/strong><strong><em>\u00e0 Saint Louis du Sud, la ville de Louis XIV, Roi de France ?<\/em><\/strong><\/p>\n<p class=\"font_8\" style=\"text-align: justify;\"><span class=\"color_16\">Saint-Louis\u00a0du\u00a0Sud est situ\u00e9e dans l&#8217;arrondissement d&#8217;Aquin. La ville se trouve \u00a0\u00e0 une vingtaine de kilom\u00e8tres au sud-est de Cavaillon. <\/span><\/p>\n<p class=\"font_8\" style=\"text-align: justify;\"><a href=\"http:\/\/www.cotedenuits.fr\/wp-content\/uploads\/2014\/12\/IMG_7640.jpg\"><img loading=\"lazy\" decoding=\"async\" class=\"alignnone size-medium wp-image-422\" src=\"http:\/\/www.cotedenuits.fr\/wp-content\/uploads\/2014\/12\/IMG_7640-300x200.jpg\" alt=\"IMG_7640\" width=\"300\" height=\"200\" srcset=\"https:\/\/www.cotedenuits.fr\/wp-content\/uploads\/2014\/12\/IMG_7640-300x200.jpg 300w, https:\/\/www.cotedenuits.fr\/wp-content\/uploads\/2014\/12\/IMG_7640.jpg 1024w\" sizes=\"auto, (max-width: 300px) 100vw, 300px\" \/><\/a>\u00a0<a href=\"http:\/\/www.cotedenuits.fr\/wp-content\/uploads\/2014\/12\/IMG_7644.jpg\"><img loading=\"lazy\" decoding=\"async\" class=\"alignnone size-medium wp-image-424\" src=\"http:\/\/www.cotedenuits.fr\/wp-content\/uploads\/2014\/12\/IMG_7644-300x200.jpg\" alt=\"IMG_7644\" width=\"300\" height=\"200\" srcset=\"https:\/\/www.cotedenuits.fr\/wp-content\/uploads\/2014\/12\/IMG_7644-300x200.jpg 300w, https:\/\/www.cotedenuits.fr\/wp-content\/uploads\/2014\/12\/IMG_7644.jpg 1024w\" sizes=\"auto, (max-width: 300px) 100vw, 300px\" \/><\/a><\/p>\n<p class=\"font_8\" style=\"text-align: justify;\">\u00a0<span class=\"color_16\">En 1508, les Espagnols fond\u00e8rent la cit\u00e9 sous le nom de \u00abVilla Nueva de Yaquine\u00bb. En 1655, les Anglais s&#8217;installent dans la baie, qu&#8217;ils appellent Cromwell Bay (Baie de Cromwell). En 1677, les Fran\u00e7ais s\u2019y install\u00e8rent apr\u00e8s en avoir chass\u00e9 les Anglais et lui donn\u00e8rent son nom en l&#8217;honneur de Saint-Louis sans oublier le roi de l&#8217;\u00e9poque, le roi-Soleil ou Louis XIV. <\/span><span class=\"color_16\">Cr\u00e9\u00e9e en 1698, la Compagnie de Saint-Domingue \u00e9tablit ses b\u00e2timents et entrep\u00f4ts \u00e0 Saint-Louis. La ville prend le nom de Saint-Louis-du-Sud en 1721. Construit \u00e0 l\u2019\u00e9poque coloniale par les Fran\u00e7ais, dans le but de combattre les troupes anglaise le fort Oliver porte le nom d\u2019Oliver Cromwell. Juste en face du Fort des Oliviers, se trouve de l\u2019autre c\u00f4t\u00e9 de la mer, l\u2019\u00eele des Anglais o\u00f9 l\u2019on peut encore visiter les vestiges des navires anglais et les ruines du fort Saint Louis. Construit durant la colonie pour prot\u00e9ger le commerce maritime de toutes tentatives des pirates. Vieux de plus de trois\u00a0si\u00e8cles, le fort a \u00e9t\u00e9 construit sur l\u2019ile enti\u00e8re.\u00a0<\/span><\/p>\n<p class=\"font_8\" style=\"text-align: justify;\"><a href=\"http:\/\/www.cotedenuits.fr\/wp-content\/uploads\/2014\/12\/IMG_7641.jpg\"><img loading=\"lazy\" decoding=\"async\" class=\"alignnone size-medium wp-image-423\" src=\"http:\/\/www.cotedenuits.fr\/wp-content\/uploads\/2014\/12\/IMG_7641-300x200.jpg\" alt=\"IMG_7641\" width=\"300\" height=\"200\" srcset=\"https:\/\/www.cotedenuits.fr\/wp-content\/uploads\/2014\/12\/IMG_7641-300x200.jpg 300w, https:\/\/www.cotedenuits.fr\/wp-content\/uploads\/2014\/12\/IMG_7641.jpg 1024w\" sizes=\"auto, (max-width: 300px) 100vw, 300px\" \/><\/a>\u00a0<a href=\"http:\/\/www.cotedenuits.fr\/wp-content\/uploads\/2014\/12\/IMG_7647.jpg\"><img loading=\"lazy\" decoding=\"async\" class=\"alignnone size-medium wp-image-425\" src=\"http:\/\/www.cotedenuits.fr\/wp-content\/uploads\/2014\/12\/IMG_7647-300x200.jpg\" alt=\"IMG_7647\" width=\"300\" height=\"200\" srcset=\"https:\/\/www.cotedenuits.fr\/wp-content\/uploads\/2014\/12\/IMG_7647-300x200.jpg 300w, https:\/\/www.cotedenuits.fr\/wp-content\/uploads\/2014\/12\/IMG_7647.jpg 1024w\" sizes=\"auto, (max-width: 300px) 100vw, 300px\" \/><\/a><\/p>\n<h3 style=\"text-align: justify;\">Nos exp\u00e9ditions<\/h3>\n<p style=\"text-align: justify;\">\u00a0La prochaine exp\u00e9dition aura lieu dans les premiers jours de f\u00e9vrier 2015. D\u00e9j\u00e0 une dizaine de cartons sont pr\u00eats (habits, chaussures, mat\u00e9riels scolaire et de bureau, mat\u00e9riel m\u00e9dical&#8230;), d&#8217;autres cartons ne tarderont pas \u00e0 venir s&#8217;additionner et ce, rappelons le, gr\u00e2ce \u00e0 la subvention de <img loading=\"lazy\" decoding=\"async\" class=\"alignnone  wp-image-362\" src=\"http:\/\/www.cotedenuits.fr\/wp-content\/uploads\/2014\/09\/Hachette-300x96.jpg\" alt=\"Hachette\" width=\"147\" height=\"47\" srcset=\"https:\/\/www.cotedenuits.fr\/wp-content\/uploads\/2014\/09\/Hachette-300x96.jpg 300w, https:\/\/www.cotedenuits.fr\/wp-content\/uploads\/2014\/09\/Hachette.jpg 515w\" sizes=\"auto, (max-width: 147px) 100vw, 147px\" \/>.<\/p>\n<p style=\"text-align: justify;\">Sommes toujours preneurs de presque tout \u00e0 destination de l&#8217;\u00e9cole et des enfants, merci de nous contacter (contact@cotedenuits.fr).<\/p>\n<h2 style=\"text-align: justify;\"><a href=\"http:\/\/www.cotedenuits.fr\/wp-content\/uploads\/2014\/12\/T\u00e9l\u00e9thon.jpg\"><img loading=\"lazy\" decoding=\"async\" class=\"alignnone  wp-image-407\" src=\"http:\/\/www.cotedenuits.fr\/wp-content\/uploads\/2014\/12\/T\u00e9l\u00e9thon-300x125.jpg\" alt=\"T\u00e9l\u00e9thon\" width=\"129\" height=\"54\" srcset=\"https:\/\/www.cotedenuits.fr\/wp-content\/uploads\/2014\/12\/T\u00e9l\u00e9thon-300x125.jpg 300w, https:\/\/www.cotedenuits.fr\/wp-content\/uploads\/2014\/12\/T\u00e9l\u00e9thon.jpg 410w\" sizes=\"auto, (max-width: 129px) 100vw, 129px\" \/><\/a><\/h2>\n<p>L&#8217;association <strong><span style=\"color: #ff0000;\">C\u00f4te de Nuits<\/span> <\/strong>a particip\u00e9 \u00e0 la r\u00e9colte de dons pour le T\u00e9l\u00e9thon 2014 en organisant un Loto. Plus de 500 euros ont \u00e9t\u00e9 r\u00e9colt\u00e9s pour le T\u00e9l\u00e9thon, merci \u00e0 toutes et \u00e0 tous.<\/p>\n<p><a href=\"http:\/\/www.cotedenuits.fr\/wp-content\/uploads\/2014\/12\/Loto_2014Nov_17.jpg-R.jpg\"><img loading=\"lazy\" decoding=\"async\" class=\"alignnone size-medium wp-image-410\" src=\"http:\/\/www.cotedenuits.fr\/wp-content\/uploads\/2014\/12\/Loto_2014Nov_17.jpg-R-300x169.jpg\" alt=\"Loto_2014Nov_17.jpg R\" width=\"300\" height=\"169\" srcset=\"https:\/\/www.cotedenuits.fr\/wp-content\/uploads\/2014\/12\/Loto_2014Nov_17.jpg-R-300x169.jpg 300w, https:\/\/www.cotedenuits.fr\/wp-content\/uploads\/2014\/12\/Loto_2014Nov_17.jpg-R.jpg 1024w\" sizes=\"auto, (max-width: 300px) 100vw, 300px\" \/><\/a>\u00a0<a href=\"http:\/\/www.cotedenuits.fr\/wp-content\/uploads\/2014\/12\/Loto_2014Nov_05.jpg-R.jpg\"><img loading=\"lazy\" decoding=\"async\" class=\"alignnone size-medium wp-image-409\" src=\"http:\/\/www.cotedenuits.fr\/wp-content\/uploads\/2014\/12\/Loto_2014Nov_05.jpg-R-300x169.jpg\" alt=\"Loto_2014Nov_05.jpg R\" width=\"300\" height=\"169\" srcset=\"https:\/\/www.cotedenuits.fr\/wp-content\/uploads\/2014\/12\/Loto_2014Nov_05.jpg-R-300x169.jpg 300w, https:\/\/www.cotedenuits.fr\/wp-content\/uploads\/2014\/12\/Loto_2014Nov_05.jpg-R.jpg 1024w\" sizes=\"auto, (max-width: 300px) 100vw, 300px\" \/><\/a><\/p>\n<h3>Pensez \u00e0 eux<\/h3>\n<p>Pour nous aider et pour les aider, <strong>FAITES UN DON A L&#8217;ASSOCIATION C\u00d4TE DE NUITS<\/strong>.<\/p>\n<p>Il n&#8217;est pas trop tard, vous avez <strong>jusqu&#8217;au 31 d\u00e9cembre<\/strong> pour nous faire parvenir votre don par courrier ou par virement bancaire et, pour m\u00e9moire : p<span style=\"font-size: medium;\">our un professionnel une d\u00e9duction de 60% du don est applicable directement sur l<\/span><span style=\"font-family: Comic Sans MS,Comic Sans MS; font-size: medium;\">\u2019<\/span><span style=\"font-size: medium;\">imp\u00f4t. Pour un particulier le taux est de 66%. Cliquez sur<strong>\u00a0<\/strong><a href=\"http:\/\/www.cotedenuits.fr\/wp-content\/uploads\/2014\/09\/RIB.html\"><strong>RIB<\/strong><\/a><strong>.<\/strong><\/span><\/p>\n<p><span style=\"font-size: medium;\">Contact : Patrick VINCENT 06 07 31 87 21 ou par mail patrick@cotedenuits.fr<\/span><\/p>\n<p>Merci \u00e0 tous nos g\u00e9n\u00e9reux donateurs de 2014, merci aux b\u00e9n\u00e9voles de l&#8217;association, merci \u00e0 tous et \u00e0 l&#8217;ann\u00e9e prochaine !!!!<\/p>\n<p>&nbsp;<\/p>\n<h3 style=\"text-align: center;\">L&#8217;association<span style=\"color: #ff0000;\"> &#8220;<strong><span style=\"color: #ff0000;\">C\u00f4te<\/span> de Nuits&#8221;<\/strong> <\/span>vous souhaite<\/h3>\n<h3 style=\"text-align: center;\">un tr\u00e8s joyeux No\u00ebl<\/h3>\n<p style=\"text-align: center;\"><strong>et avec un peu d&#8217;avance<\/strong><\/p>\n<h3 style=\"text-align: center;\">une excellente nouvelle ann\u00e9e 2015 !<\/h3>\n<p><a href=\"http:\/\/www.cotedenuits.fr\/wp-content\/uploads\/2014\/12\/noel-2014.jpg\"><img loading=\"lazy\" decoding=\"async\" class=\" size-medium wp-image-415 aligncenter\" src=\"http:\/\/www.cotedenuits.fr\/wp-content\/uploads\/2014\/12\/noel-2014-300x240.jpg\" alt=\"noel-2014\" width=\"300\" height=\"240\" srcset=\"https:\/\/www.cotedenuits.fr\/wp-content\/uploads\/2014\/12\/noel-2014-300x240.jpg 300w, https:\/\/www.cotedenuits.fr\/wp-content\/uploads\/2014\/12\/noel-2014.jpg 500w\" sizes=\"auto, (max-width: 300px) 100vw, 300px\" \/><\/a><\/p>\n<p>&nbsp;<\/p>\n<p>&nbsp;<\/p>\n<p style=\"text-align: justify;\">\n","protected":false},"excerpt":{"rendered":"<p>&nbsp; \u00a0Association &#8220;C\u00f4te de Nuits&#8221; Quelques nouvelles des actions de l&#8217;association &#8220;C\u00f4te de Nuits&#8221; qui sans les aides de ses fid\u00e8les donateurs ne pourrait pas faire grand chose pour venir en aide \u00e0 ceux qui en ont un grand besoin. Aujourd&#8217;hui notre action est\u00a0en Ha\u00efti. l&#8217;\u00e9cole communautaire de la Hatte Comme vous le savez, notre &hellip; <a href=\"https:\/\/www.cotedenuits.fr\/it\/les-newsletters\/newsletter-8-dec-2014\/\" class=\"more-link\">Continue reading <span class=\"screen-reader-text\">Newsletter 8 &#8211; D\u00e9c 2014<\/span> <span class=\"meta-nav\">&rarr;<\/span><\/a><\/p>\n","protected":false},"author":1,"featured_media":0,"parent":175,"menu_order":5,"comment_status":"closed","ping_status":"closed","template":"","meta":{"footnotes":""},"class_list":["post-389","page","type-page","status-publish","hentry"],"translation":{"provider":"WPGlobus","version":"3.0.2","language":"it","enabled_languages":["en","es","de","fr","pt","it"],"languages":{"en":{"title":true,"content":true,"excerpt":false},"es":{"title":false,"content":false,"excerpt":false},"de":{"title":false,"content":false,"excerpt":false},"fr":{"title":false,"content":false,"excerpt":false},"pt":{"title":false,"content":false,"excerpt":false},"it":{"title":false,"content":false,"excerpt":false}}},"yoast_head":"<!-- This site is optimized with the Yoast SEO plugin v27.4 - https:\/\/yoast.com\/product\/yoast-seo-wordpress\/ -->\n<title>Newsletter 8 - D\u00e9c 2014 - C\u00f4te de Nuits<\/title>\n<meta name=\"robots\" content=\"index, follow, max-snippet:-1, max-image-preview:large, max-video-preview:-1\" \/>\n<link rel=\"canonical\" href=\"https:\/\/www.cotedenuits.fr\/les-newsletters\/newsletter-8-dec-2014\/\" \/>\n<meta property=\"og:locale\" content=\"it_IT\" \/>\n<meta property=\"og:type\" content=\"article\" \/>\n<meta property=\"og:title\" content=\"Newsletter 8 - D\u00e9c 2014 - C\u00f4te de Nuits\" \/>\n<meta property=\"og:url\" content=\"https:\/\/www.cotedenuits.fr\/les-newsletters\/newsletter-8-dec-2014\/\" \/>\n<meta property=\"og:site_name\" content=\"C\u00f4te de Nuits\" \/>\n<meta property=\"article:publisher\" content=\"http:\/\/www.facebook.com\/cotedenuits22\" \/>\n<meta property=\"article:modified_time\" content=\"2015-12-25T16:41:16+00:00\" \/>\n<meta property=\"og:image\" content=\"http:\/\/www.cotedenuits.fr\/wp-content\/uploads\/2014\/12\/arbre-noel-2014-300x225.jpg\" \/>\n<meta name=\"twitter:label1\" content=\"Est. reading time\" \/>\n\t<meta name=\"twitter:data1\" content=\"5 minutes\" \/>\n<script type=\"application\/ld+json\" class=\"yoast-schema-graph\">{\"@context\":\"https:\\\/\\\/schema.org\",\"@graph\":[{\"@type\":\"WebPage\",\"@id\":\"https:\\\/\\\/www.cotedenuits.fr\\\/les-newsletters\\\/newsletter-8-dec-2014\\\/\",\"url\":\"https:\\\/\\\/www.cotedenuits.fr\\\/les-newsletters\\\/newsletter-8-dec-2014\\\/\",\"name\":\"Newsletter 8 - D\u00e9c 2014 - C\u00f4te de Nuits\",\"isPartOf\":{\"@id\":\"https:\\\/\\\/www.cotedenuits.fr\\\/#website\"},\"primaryImageOfPage\":{\"@id\":\"https:\\\/\\\/www.cotedenuits.fr\\\/les-newsletters\\\/newsletter-8-dec-2014\\\/#primaryimage\"},\"image\":{\"@id\":\"https:\\\/\\\/www.cotedenuits.fr\\\/les-newsletters\\\/newsletter-8-dec-2014\\\/#primaryimage\"},\"thumbnailUrl\":\"http:\\\/\\\/www.cotedenuits.fr\\\/wp-content\\\/uploads\\\/2014\\\/12\\\/arbre-noel-2014-300x225.jpg\",\"datePublished\":\"2014-12-22T16:09:42+00:00\",\"dateModified\":\"2015-12-25T16:41:16+00:00\",\"breadcrumb\":{\"@id\":\"https:\\\/\\\/www.cotedenuits.fr\\\/les-newsletters\\\/newsletter-8-dec-2014\\\/#breadcrumb\"},\"inLanguage\":\"it-IT\",\"potentialAction\":[{\"@type\":\"ReadAction\",\"target\":[\"https:\\\/\\\/www.cotedenuits.fr\\\/les-newsletters\\\/newsletter-8-dec-2014\\\/\"]}]},{\"@type\":\"ImageObject\",\"inLanguage\":\"it-IT\",\"@id\":\"https:\\\/\\\/www.cotedenuits.fr\\\/les-newsletters\\\/newsletter-8-dec-2014\\\/#primaryimage\",\"url\":\"http:\\\/\\\/www.cotedenuits.fr\\\/wp-content\\\/uploads\\\/2014\\\/12\\\/arbre-noel-2014-300x225.jpg\",\"contentUrl\":\"http:\\\/\\\/www.cotedenuits.fr\\\/wp-content\\\/uploads\\\/2014\\\/12\\\/arbre-noel-2014-300x225.jpg\"},{\"@type\":\"BreadcrumbList\",\"@id\":\"https:\\\/\\\/www.cotedenuits.fr\\\/les-newsletters\\\/newsletter-8-dec-2014\\\/#breadcrumb\",\"itemListElement\":[{\"@type\":\"ListItem\",\"position\":1,\"name\":\"Les Newsletters\",\"item\":\"https:\\\/\\\/www.cotedenuits.fr\\\/it\\\/les-newsletters\\\/\"},{\"@type\":\"ListItem\",\"position\":2,\"name\":\"Newsletter 8 &#8211; D\u00e9c 2014\"}]},{\"@type\":\"WebSite\",\"@id\":\"https:\\\/\\\/www.cotedenuits.fr\\\/#website\",\"url\":\"https:\\\/\\\/www.cotedenuits.fr\\\/\",\"name\":\"C\u00f4te de Nuits\",\"description\":\"un Bateau, une Association\",\"potentialAction\":[{\"@type\":\"SearchAction\",\"target\":{\"@type\":\"EntryPoint\",\"urlTemplate\":\"https:\\\/\\\/www.cotedenuits.fr\\\/?s={search_term_string}\"},\"query-input\":{\"@type\":\"PropertyValueSpecification\",\"valueRequired\":true,\"valueName\":\"search_term_string\"}}],\"inLanguage\":\"it-IT\"}]}<\/script>\n<!-- \/ Yoast SEO plugin. -->","yoast_head_json":{"title":"Newsletter 8 - D\u00e9c 2014 - C\u00f4te de Nuits","robots":{"index":"index","follow":"follow","max-snippet":"max-snippet:-1","max-image-preview":"max-image-preview:large","max-video-preview":"max-video-preview:-1"},"canonical":"https:\/\/www.cotedenuits.fr\/les-newsletters\/newsletter-8-dec-2014\/","og_locale":"it_IT","og_type":"article","og_title":"Newsletter 8 - D\u00e9c 2014 - C\u00f4te de Nuits","og_url":"https:\/\/www.cotedenuits.fr\/les-newsletters\/newsletter-8-dec-2014\/","og_site_name":"C\u00f4te de Nuits","article_publisher":"http:\/\/www.facebook.com\/cotedenuits22","article_modified_time":"2015-12-25T16:41:16+00:00","og_image":[{"url":"http:\/\/www.cotedenuits.fr\/wp-content\/uploads\/2014\/12\/arbre-noel-2014-300x225.jpg","type":"","width":"","height":""}],"twitter_misc":{"Est. reading time":"5 minutes"},"schema":{"@context":"https:\/\/schema.org","@graph":[{"@type":"WebPage","@id":"https:\/\/www.cotedenuits.fr\/les-newsletters\/newsletter-8-dec-2014\/","url":"https:\/\/www.cotedenuits.fr\/les-newsletters\/newsletter-8-dec-2014\/","name":"Newsletter 8 - D\u00e9c 2014 - C\u00f4te de Nuits","isPartOf":{"@id":"https:\/\/www.cotedenuits.fr\/#website"},"primaryImageOfPage":{"@id":"https:\/\/www.cotedenuits.fr\/les-newsletters\/newsletter-8-dec-2014\/#primaryimage"},"image":{"@id":"https:\/\/www.cotedenuits.fr\/les-newsletters\/newsletter-8-dec-2014\/#primaryimage"},"thumbnailUrl":"http:\/\/www.cotedenuits.fr\/wp-content\/uploads\/2014\/12\/arbre-noel-2014-300x225.jpg","datePublished":"2014-12-22T16:09:42+00:00","dateModified":"2015-12-25T16:41:16+00:00","breadcrumb":{"@id":"https:\/\/www.cotedenuits.fr\/les-newsletters\/newsletter-8-dec-2014\/#breadcrumb"},"inLanguage":"it-IT","potentialAction":[{"@type":"ReadAction","target":["https:\/\/www.cotedenuits.fr\/les-newsletters\/newsletter-8-dec-2014\/"]}]},{"@type":"ImageObject","inLanguage":"it-IT","@id":"https:\/\/www.cotedenuits.fr\/les-newsletters\/newsletter-8-dec-2014\/#primaryimage","url":"http:\/\/www.cotedenuits.fr\/wp-content\/uploads\/2014\/12\/arbre-noel-2014-300x225.jpg","contentUrl":"http:\/\/www.cotedenuits.fr\/wp-content\/uploads\/2014\/12\/arbre-noel-2014-300x225.jpg"},{"@type":"BreadcrumbList","@id":"https:\/\/www.cotedenuits.fr\/les-newsletters\/newsletter-8-dec-2014\/#breadcrumb","itemListElement":[{"@type":"ListItem","position":1,"name":"Les Newsletters","item":"https:\/\/www.cotedenuits.fr\/it\/les-newsletters\/"},{"@type":"ListItem","position":2,"name":"Newsletter 8 &#8211; D\u00e9c 2014"}]},{"@type":"WebSite","@id":"https:\/\/www.cotedenuits.fr\/#website","url":"https:\/\/www.cotedenuits.fr\/","name":"C\u00f4te de Nuits","description":"un Bateau, une Association","potentialAction":[{"@type":"SearchAction","target":{"@type":"EntryPoint","urlTemplate":"https:\/\/www.cotedenuits.fr\/?s={search_term_string}"},"query-input":{"@type":"PropertyValueSpecification","valueRequired":true,"valueName":"search_term_string"}}],"inLanguage":"it-IT"}]}},"_links":{"self":[{"href":"https:\/\/www.cotedenuits.fr\/it\/wp-json\/wp\/v2\/pages\/389","targetHints":{"allow":["GET"]}}],"collection":[{"href":"https:\/\/www.cotedenuits.fr\/it\/wp-json\/wp\/v2\/pages"}],"about":[{"href":"https:\/\/www.cotedenuits.fr\/it\/wp-json\/wp\/v2\/types\/page"}],"author":[{"embeddable":true,"href":"https:\/\/www.cotedenuits.fr\/it\/wp-json\/wp\/v2\/users\/1"}],"replies":[{"embeddable":true,"href":"https:\/\/www.cotedenuits.fr\/it\/wp-json\/wp\/v2\/comments?post=389"}],"version-history":[{"count":24,"href":"https:\/\/www.cotedenuits.fr\/it\/wp-json\/wp\/v2\/pages\/389\/revisions"}],"predecessor-version":[{"id":569,"href":"https:\/\/www.cotedenuits.fr\/it\/wp-json\/wp\/v2\/pages\/389\/revisions\/569"}],"up":[{"embeddable":true,"href":"https:\/\/www.cotedenuits.fr\/it\/wp-json\/wp\/v2\/pages\/175"}],"wp:attachment":[{"href":"https:\/\/www.cotedenuits.fr\/it\/wp-json\/wp\/v2\/media?parent=389"}],"curies":[{"name":"wp","href":"https:\/\/api.w.org\/{rel}","templated":true}]}}