{"id":12,"date":"2013-03-05T17:44:24","date_gmt":"2013-03-05T16:44:24","guid":{"rendered":"http:\/\/www.cotedenuits.fr\/?page_id=12"},"modified":"2015-02-08T17:54:34","modified_gmt":"2015-02-08T16:54:34","slug":"categorie-1","status":"publish","type":"page","link":"https:\/\/www.cotedenuits.fr\/it\/categorie-1\/","title":{"rendered":"Le bateau"},"content":{"rendered":"<p style=\"text-align: center;\"><span style=\"color: #ff0000; font-family: Trebuchet MS; font-size: 300%;\"><strong>&#8220;C\u00f4te de Nuits&#8221;<\/strong><\/span><\/p>\n<p style=\"text-align: justify;\"><span style=\"font-size: small;\"><span style=\"color: #ff0000; font-size: large;\"><strong>&#8220;C\u00f4te de Nuits&#8221;<\/strong><\/span> <\/span><b><span style=\"font-size: small;\">est un Gamma 100 (il n&#8217;y en a pas beaucoup : 7 \u00e0 8), d\u00e9riveur int\u00e9gral en aluminium d&#8217;une longueur de 10.54 m que j&#8217;ai d\u00e9couvert gr\u00e2ce \u00e0 Internet<\/span><span style=\"font-size: small;\">.<br \/>\n<\/span><\/b><span style=\"font-size: small;\"><b><span style=\"font-family: Arial,Helvetica;\">Ce voilier a \u00e9t\u00e9 dessin\u00e9 par l&#8217;architecte Fran\u00e7ais <i>Daniel HEILMANN <\/i>\u00e0 St. Mandrieu (France), <\/span><\/b><b><span style=\"font-family: Arial,Helvetica;\">La coque a \u00e9t\u00e9 construite en 1984 aux <i>Chantiers NAUTALU <\/i>\u00e0 Toulon (France).<\/span><span style=\"font-family: Arial,Helvetica;\"> Les am\u00e9nagements et la finition ont \u00e9t\u00e9 r\u00e9alis\u00e9s par un \u00e9b\u00e9niste de marine \u00e0 Qu\u00e9bec (Canada).<\/span><\/b><b><span style=\"font-family: Arial,Helvetica;\"> <span style=\"color: #ff0000; font-size: medium;\">&#8220;C\u00f4te de Nuits&#8221;<\/span> a \u00e9t\u00e9 mis \u00e0 l&#8217;eau \u00e0 Qu\u00e9bec en juin 1985.<\/span><\/b> <\/span><\/p>\n<p style=\"text-align: justify;\"><a href=\"http:\/\/www.cotedenuits.fr\/wp-content\/uploads\/2013\/03\/Gamma-100.jpg\"><img loading=\"lazy\" decoding=\"async\" class=\"alignnone size-medium wp-image-88\" src=\"http:\/\/www.cotedenuits.fr\/wp-content\/uploads\/2013\/03\/Gamma-100-212x300.jpg\" alt=\"Gamma 100\" width=\"212\" height=\"300\" srcset=\"https:\/\/www.cotedenuits.fr\/wp-content\/uploads\/2013\/03\/Gamma-100-212x300.jpg 212w, https:\/\/www.cotedenuits.fr\/wp-content\/uploads\/2013\/03\/Gamma-100-725x1024.jpg 725w, https:\/\/www.cotedenuits.fr\/wp-content\/uploads\/2013\/03\/Gamma-100-624x880.jpg 624w, https:\/\/www.cotedenuits.fr\/wp-content\/uploads\/2013\/03\/Gamma-100.jpg 1700w\" sizes=\"auto, (max-width: 212px) 100vw, 212px\" \/><\/a><\/p>\n<p style=\"text-align: justify;\">\u00a0<span style=\"font-size: small;\">Il se pose sur le sable comme les d\u00e9riveurs de notre &#8220;jeune temps&#8221;, sauf qu&#8217;il ne p\u00e8se pas le m\u00eame poids (7,5 \u00e0 7,8 tonnes aujourd&#8217;hui). Pour car\u00e9ner, il suffit juste de choisir le fond et d&#8217;attendre la mar\u00e9e basse ! <\/span><\/p>\n<p style=\"text-align: justify;\"><a href=\"http:\/\/www.cotedenuits.fr\/wp-content\/uploads\/2013\/03\/IMG_3930-1.jpg\"><img loading=\"lazy\" decoding=\"async\" class=\"alignnone size-medium wp-image-89\" src=\"http:\/\/www.cotedenuits.fr\/wp-content\/uploads\/2013\/03\/IMG_3930-1-200x300.jpg\" alt=\"IMG_3930-1\" width=\"200\" height=\"300\" srcset=\"https:\/\/www.cotedenuits.fr\/wp-content\/uploads\/2013\/03\/IMG_3930-1-200x300.jpg 200w, https:\/\/www.cotedenuits.fr\/wp-content\/uploads\/2013\/03\/IMG_3930-1-682x1024.jpg 682w, https:\/\/www.cotedenuits.fr\/wp-content\/uploads\/2013\/03\/IMG_3930-1-624x936.jpg 624w, https:\/\/www.cotedenuits.fr\/wp-content\/uploads\/2013\/03\/IMG_3930-1.jpg 2048w\" sizes=\"auto, (max-width: 200px) 100vw, 200px\" \/><\/a>\u00a0\u00a0\u00a0 <a href=\"http:\/\/www.cotedenuits.fr\/wp-content\/uploads\/2013\/03\/IMG_3925.jpg\"><img loading=\"lazy\" decoding=\"async\" class=\"alignnone size-medium wp-image-90\" style=\"width: 341px;\" src=\"http:\/\/www.cotedenuits.fr\/wp-content\/uploads\/2013\/03\/IMG_3925-300x200.jpg\" alt=\"IMG_3925\" width=\"315\" height=\"228\" \/><\/a><\/p>\n<div align=\"left\">\n<div align=\"center\">\n<table border=\"0\" width=\"78%\" cellspacing=\"4\" cellpadding=\"0\">\n<tbody>\n<tr>\n<td valign=\"top\">\n<ul>\n<li>Longueur hors tout<\/li>\n<li>Longueur au pont<\/li>\n<li>Longueur \u00e0 la flottaison<\/li>\n<li>Bau maximum<\/li>\n<li>Franc bord avant<\/li>\n<li>Franc bord arri\u00e8re<\/li>\n<li>Hauteur sous barrots<\/li>\n<li>Tirant d&#8217;air<\/li>\n<li>Tirant d&#8217;eau d\u00e9rive haute (0,60 m \/ 2&#8242; \u00e0 l&#8217;origine)<\/li>\n<li>Tirant d&#8217;eau d\u00e9rive basse<\/li>\n<\/ul>\n<p>Capacit\u00e9 r\u00e9servoirs d&#8217;eau <i>(approximatif)<\/i><br \/>\nCapacit\u00e9 r\u00e9servoir fuel <i>(approximatif)<\/i><\/p>\n<p>D\u00e9placement l\u00e8ge<br \/>\nLest plomb<br \/>\nD\u00e9placement en charge maximum<\/p>\n<p>Surface de la Grand-voile<br \/>\nSurface du G\u00e9nois sur enrouleur<br \/>\nSurface du Spi Asym\u00e9trique<\/p>\n<p>Surface Solent Auto vireur<br \/>\nSurface maximum au pr\u00e8s<br \/>\nSurface maximum au portant<\/p>\n<p>Coefficient prismatique D<br \/>\nVitesse moyenne V\/B<br \/>\nVitesse de coque<\/p>\n<p><b><i>Selon les\u00a0 donn\u00e9es de l&#8217;architecte et du chantier<\/i><\/b><\/td>\n<td valign=\"top\" width=\"19%\">\n<p align=\"right\">10,50 m<br \/>\n10,00 m<br \/>\n9,00 m<br \/>\n3,54 m<br \/>\n1,25 m<br \/>\n1,08 m<br \/>\n1,85 m<br \/>\n15,50 m<br \/>\n0,76 m<br \/>\n2,05 m<\/p>\n<p align=\"right\">300 l.<br \/>\n110 l.<\/p>\n<p align=\"right\">5 000\u00a0kg<br \/>\n2 000 kg<br \/>\n6 000 kg<\/p>\n<p align=\"right\">23 m2<br \/>\n42 m2<br \/>\n91 m2<\/p>\n<p align=\"right\">25 m2<br \/>\n65 m2<br \/>\n103 m2<\/p>\n<p align=\"right\">BxL 523<br \/>\n44,03<br \/>\n7.27 nd<\/p>\n<p align=\"center\">\n<\/td>\n<td valign=\"top\" width=\"16%\">\n<p align=\"right\">34&#8217;42<br \/>\n32&#8217;78<br \/>\n29&#8217;50<br \/>\n11&#8217;60<br \/>\n4&#8217;09<br \/>\n3&#8217;54<br \/>\n6&#8217;06<br \/>\n51&#8242;<br \/>\n2&#8217;63<br \/>\n6&#8217;72<\/p>\n<p align=\"right\">80 g.<br \/>\n30 g.<\/p>\n<p align=\"right\">11 000\u00a0lbs<br \/>\n4 400 lbs<br \/>\n13 000 lbs<\/p>\n<p align=\"right\">\n<\/td>\n<\/tr>\n<\/tbody>\n<\/table>\n<\/div>\n<\/div>\n<div align=\"left\"><\/div>\n<div align=\"left\"><b><i><span style=\"color: #000000; font-size: large;\">Pourquoi ce choix ?<\/span><\/i><\/b><\/div>\n<ul>\n<li style=\"text-align: justify;\"><b><span style=\"font-size: small;\">Un d\u00e9riveur int\u00e9gral pour pouvoir acc\u00e9der \u00e0 des zones o\u00f9 l&#8217;eau est peu profonde telles que le franchissement des barri\u00e8res de corail, les rivi\u00e8res et les refuges \u00e0 cyclones (et la navigation en Bretagne Nord).<\/span><\/b><\/li>\n<\/ul>\n<ul style=\"text-align: justify;\">\n<li>\n<h6><b>Une coque en aluminium car c&#8217;est un mat\u00e9riau flexible qui se d\u00e9forme en cas de choc contrairement \u00e0 d&#8217;autres qui se d\u00e9chirent. Seul probl\u00e8me, le ph\u00e9nom\u00e8ne d&#8217;\u00e9lectrolyse qui peut \u00eatre catastrophique si on ne pr\u00eate pas attention aux anodes, au m\u00e9lange eau de mer + aluminium + plomb (lest) + fuites de courant = pile \u00e9lectrique et c&#8217;est le m\u00e9tal le plus noble (l&#8217;alu) qui se bouffe&#8230; Heureusement l&#8217;architecte a con\u00e7u ce bateau avec des \u00e9paisseurs dignes de ce nom ! Il faut \u00eatre tr\u00e8s m\u00e9ticuleux ! <\/b><\/h6>\n<\/li>\n<li>\n<h6><b>10,50 m, peut-\u00eatre un peu juste pour un confort digne de ce nom mais on ne peut pas tout avoir pour le m\u00eame prix !<\/b><\/h6>\n<\/li>\n<\/ul>\n<p style=\"text-align: justify;\">\u00a0<span style=\"font-size: large;\"><span style=\"color: #000000;\"><i><b><span style=\"color: #000000;\">Sous voiles :<\/span><\/b><\/i> <\/span><\/span><b><span style=\"color: #ff0000; font-size: medium;\">&#8220;C\u00f4te de Nuits&#8221;<\/span> se comporte bien, m\u00eame tr\u00e8s bien. Il remonte bien au vent, g\u00eete peu, tr\u00e8s marin. Bon, c&#8217;est vrai ce n&#8217;est pas un bateau de course, il n&#8217;est pas tr\u00e8s rapide et alors, on a le temps !<\/b><\/p>\n<div align=\"center\"><\/div>\n<div align=\"center\"><\/div>\n<div align=\"center\"><\/div>\n<p align=\"center\"><noscript>\tVeuillez activer JavaScript pour afficher correctement le contenu de cette page.<\/noscript><\/p>\n","protected":false},"excerpt":{"rendered":"<p>&#8220;C\u00f4te de Nuits&#8221; &#8220;C\u00f4te de Nuits&#8221; est un Gamma 100 (il n&#8217;y en a pas beaucoup : 7 \u00e0 8), d\u00e9riveur int\u00e9gral en aluminium d&#8217;une longueur de 10.54 m que j&#8217;ai d\u00e9couvert gr\u00e2ce \u00e0 Internet. Ce voilier a \u00e9t\u00e9 dessin\u00e9 par l&#8217;architecte Fran\u00e7ais Daniel HEILMANN \u00e0 St. Mandrieu (France), La coque a \u00e9t\u00e9 construite en &hellip; <a href=\"https:\/\/www.cotedenuits.fr\/it\/categorie-1\/\" class=\"more-link\">Continue reading <span class=\"screen-reader-text\">Le bateau<\/span> <span class=\"meta-nav\">&rarr;<\/span><\/a><\/p>\n","protected":false},"author":1,"featured_media":0,"parent":0,"menu_order":0,"comment_status":"open","ping_status":"open","template":"","meta":{"footnotes":""},"class_list":["post-12","page","type-page","status-publish","hentry"],"translation":{"provider":"WPGlobus","version":"3.0.2","language":"it","enabled_languages":["en","es","de","fr","pt","it"],"languages":{"en":{"title":true,"content":true,"excerpt":false},"es":{"title":false,"content":false,"excerpt":false},"de":{"title":false,"content":false,"excerpt":false},"fr":{"title":false,"content":false,"excerpt":false},"pt":{"title":false,"content":false,"excerpt":false},"it":{"title":false,"content":false,"excerpt":false}}},"yoast_head":"<!-- This site is optimized with the Yoast SEO plugin v27.4 - https:\/\/yoast.com\/product\/yoast-seo-wordpress\/ -->\n<title>Le bateau - C\u00f4te de Nuits<\/title>\n<meta name=\"robots\" content=\"index, follow, max-snippet:-1, max-image-preview:large, max-video-preview:-1\" \/>\n<link rel=\"canonical\" href=\"https:\/\/www.cotedenuits.fr\/categorie-1\/\" \/>\n<meta property=\"og:locale\" content=\"it_IT\" \/>\n<meta property=\"og:type\" content=\"article\" \/>\n<meta property=\"og:title\" content=\"Le bateau - C\u00f4te de Nuits\" \/>\n<meta property=\"og:url\" content=\"https:\/\/www.cotedenuits.fr\/categorie-1\/\" \/>\n<meta property=\"og:site_name\" content=\"C\u00f4te de Nuits\" \/>\n<meta property=\"article:publisher\" content=\"http:\/\/www.facebook.com\/cotedenuits22\" \/>\n<meta property=\"article:modified_time\" content=\"2015-02-08T16:54:34+00:00\" \/>\n<meta property=\"og:image\" content=\"http:\/\/www.cotedenuits.fr\/wp-content\/uploads\/2013\/03\/Gamma-100-212x300.jpg\" \/>\n<meta name=\"twitter:label1\" content=\"Est. reading time\" \/>\n\t<meta name=\"twitter:data1\" content=\"2 minutes\" \/>\n<script type=\"application\/ld+json\" class=\"yoast-schema-graph\">{\"@context\":\"https:\\\/\\\/schema.org\",\"@graph\":[{\"@type\":\"WebPage\",\"@id\":\"https:\\\/\\\/www.cotedenuits.fr\\\/categorie-1\\\/\",\"url\":\"https:\\\/\\\/www.cotedenuits.fr\\\/categorie-1\\\/\",\"name\":\"Le bateau - C\u00f4te de Nuits\",\"isPartOf\":{\"@id\":\"https:\\\/\\\/www.cotedenuits.fr\\\/#website\"},\"primaryImageOfPage\":{\"@id\":\"https:\\\/\\\/www.cotedenuits.fr\\\/categorie-1\\\/#primaryimage\"},\"image\":{\"@id\":\"https:\\\/\\\/www.cotedenuits.fr\\\/categorie-1\\\/#primaryimage\"},\"thumbnailUrl\":\"http:\\\/\\\/www.cotedenuits.fr\\\/wp-content\\\/uploads\\\/2013\\\/03\\\/Gamma-100-212x300.jpg\",\"datePublished\":\"2013-03-05T16:44:24+00:00\",\"dateModified\":\"2015-02-08T16:54:34+00:00\",\"inLanguage\":\"it-IT\",\"potentialAction\":[{\"@type\":\"ReadAction\",\"target\":[\"https:\\\/\\\/www.cotedenuits.fr\\\/categorie-1\\\/\"]}]},{\"@type\":\"ImageObject\",\"inLanguage\":\"it-IT\",\"@id\":\"https:\\\/\\\/www.cotedenuits.fr\\\/categorie-1\\\/#primaryimage\",\"url\":\"http:\\\/\\\/www.cotedenuits.fr\\\/wp-content\\\/uploads\\\/2013\\\/03\\\/Gamma-100-212x300.jpg\",\"contentUrl\":\"http:\\\/\\\/www.cotedenuits.fr\\\/wp-content\\\/uploads\\\/2013\\\/03\\\/Gamma-100-212x300.jpg\"},{\"@type\":\"WebSite\",\"@id\":\"https:\\\/\\\/www.cotedenuits.fr\\\/#website\",\"url\":\"https:\\\/\\\/www.cotedenuits.fr\\\/\",\"name\":\"C\u00f4te de Nuits\",\"description\":\"un Bateau, une Association\",\"potentialAction\":[{\"@type\":\"SearchAction\",\"target\":{\"@type\":\"EntryPoint\",\"urlTemplate\":\"https:\\\/\\\/www.cotedenuits.fr\\\/?s={search_term_string}\"},\"query-input\":{\"@type\":\"PropertyValueSpecification\",\"valueRequired\":true,\"valueName\":\"search_term_string\"}}],\"inLanguage\":\"it-IT\"}]}<\/script>\n<!-- \/ Yoast SEO plugin. -->","yoast_head_json":{"title":"Le bateau - C\u00f4te de Nuits","robots":{"index":"index","follow":"follow","max-snippet":"max-snippet:-1","max-image-preview":"max-image-preview:large","max-video-preview":"max-video-preview:-1"},"canonical":"https:\/\/www.cotedenuits.fr\/categorie-1\/","og_locale":"it_IT","og_type":"article","og_title":"Le bateau - C\u00f4te de Nuits","og_url":"https:\/\/www.cotedenuits.fr\/categorie-1\/","og_site_name":"C\u00f4te de Nuits","article_publisher":"http:\/\/www.facebook.com\/cotedenuits22","article_modified_time":"2015-02-08T16:54:34+00:00","og_image":[{"url":"http:\/\/www.cotedenuits.fr\/wp-content\/uploads\/2013\/03\/Gamma-100-212x300.jpg","type":"","width":"","height":""}],"twitter_misc":{"Est. reading time":"2 minutes"},"schema":{"@context":"https:\/\/schema.org","@graph":[{"@type":"WebPage","@id":"https:\/\/www.cotedenuits.fr\/categorie-1\/","url":"https:\/\/www.cotedenuits.fr\/categorie-1\/","name":"Le bateau - C\u00f4te de Nuits","isPartOf":{"@id":"https:\/\/www.cotedenuits.fr\/#website"},"primaryImageOfPage":{"@id":"https:\/\/www.cotedenuits.fr\/categorie-1\/#primaryimage"},"image":{"@id":"https:\/\/www.cotedenuits.fr\/categorie-1\/#primaryimage"},"thumbnailUrl":"http:\/\/www.cotedenuits.fr\/wp-content\/uploads\/2013\/03\/Gamma-100-212x300.jpg","datePublished":"2013-03-05T16:44:24+00:00","dateModified":"2015-02-08T16:54:34+00:00","inLanguage":"it-IT","potentialAction":[{"@type":"ReadAction","target":["https:\/\/www.cotedenuits.fr\/categorie-1\/"]}]},{"@type":"ImageObject","inLanguage":"it-IT","@id":"https:\/\/www.cotedenuits.fr\/categorie-1\/#primaryimage","url":"http:\/\/www.cotedenuits.fr\/wp-content\/uploads\/2013\/03\/Gamma-100-212x300.jpg","contentUrl":"http:\/\/www.cotedenuits.fr\/wp-content\/uploads\/2013\/03\/Gamma-100-212x300.jpg"},{"@type":"WebSite","@id":"https:\/\/www.cotedenuits.fr\/#website","url":"https:\/\/www.cotedenuits.fr\/","name":"C\u00f4te de Nuits","description":"un Bateau, une Association","potentialAction":[{"@type":"SearchAction","target":{"@type":"EntryPoint","urlTemplate":"https:\/\/www.cotedenuits.fr\/?s={search_term_string}"},"query-input":{"@type":"PropertyValueSpecification","valueRequired":true,"valueName":"search_term_string"}}],"inLanguage":"it-IT"}]}},"_links":{"self":[{"href":"https:\/\/www.cotedenuits.fr\/it\/wp-json\/wp\/v2\/pages\/12","targetHints":{"allow":["GET"]}}],"collection":[{"href":"https:\/\/www.cotedenuits.fr\/it\/wp-json\/wp\/v2\/pages"}],"about":[{"href":"https:\/\/www.cotedenuits.fr\/it\/wp-json\/wp\/v2\/types\/page"}],"author":[{"embeddable":true,"href":"https:\/\/www.cotedenuits.fr\/it\/wp-json\/wp\/v2\/users\/1"}],"replies":[{"embeddable":true,"href":"https:\/\/www.cotedenuits.fr\/it\/wp-json\/wp\/v2\/comments?post=12"}],"version-history":[{"count":10,"href":"https:\/\/www.cotedenuits.fr\/it\/wp-json\/wp\/v2\/pages\/12\/revisions"}],"predecessor-version":[{"id":450,"href":"https:\/\/www.cotedenuits.fr\/it\/wp-json\/wp\/v2\/pages\/12\/revisions\/450"}],"wp:attachment":[{"href":"https:\/\/www.cotedenuits.fr\/it\/wp-json\/wp\/v2\/media?parent=12"}],"curies":[{"name":"wp","href":"https:\/\/api.w.org\/{rel}","templated":true}]}}