{"id":8,"date":"2013-03-05T17:43:52","date_gmt":"2013-03-05T16:43:52","guid":{"rendered":"http:\/\/www.cotedenuits.fr\/?page_id=8"},"modified":"2015-12-25T20:16:00","modified_gmt":"2015-12-25T19:16:00","slug":"page-categorie-1","status":"publish","type":"page","link":"https:\/\/www.cotedenuits.fr\/fr\/categorie-1\/page-categorie-1\/","title":{"rendered":"La d\u00e9couverte de \\\u00a0\u00bbC\u00f4te de Nuits\\\u00a0\u00bb"},"content":{"rendered":"<p style=\"text-align: justify;\">En Juin 2005, alors que l&rsquo;inactivit\u00e9 commen\u00e7ait \u00e0 peser un peu (ch\u00f4mage, un de plus),\u00a0place au r\u00eave pour s&rsquo;\u00e9chapper et soudain, d\u00e9couverte d&rsquo;un site Internet vantant les qualit\u00e9s d&rsquo;un superbe voilier qui r\u00e9pondait en tous points \u00e0 ce que je recherchais pour r\u00e9aliser le 3\u00e8me et dernier de mes r\u00eaves d&rsquo;enfant : d\u00e9riveur int\u00e9gral &gt; \u00e0 10m &#8211; coque aluminium.<br \/>\nJe prends alors contact par mail avec Jacques, le propri\u00e9taire, qui r\u00e9side \u00e0 Qu\u00e9bec, on se donne rendez-vous mi-Juillet 2005 \u00e0 la marina d&rsquo;Indiantown situ\u00e9e sur le canal Sainte Lucie qui relie la c\u00f4te Est \u00e0 la c\u00f4te Ouest de la Floride.<\/p>\n<p style=\"text-align: justify;\"><a href=\"http:\/\/www.cotedenuits.fr\/wp-content\/uploads\/2013\/03\/photo-013w.jpg\"><img loading=\"lazy\" decoding=\"async\" class=\"alignnone size-medium wp-image-117\" style=\"width: 162px;\" alt=\"photo-013w\" src=\"http:\/\/www.cotedenuits.fr\/wp-content\/uploads\/2013\/03\/photo-013w-199x300.jpg\" width=\"199\" height=\"259\" \/><\/a>\u00a0<a href=\"http:\/\/www.cotedenuits.fr\/wp-content\/uploads\/2013\/03\/photo-015.jpg\"><img loading=\"lazy\" decoding=\"async\" class=\"alignnone size-medium wp-image-115\" style=\"width: 163px;\" alt=\"photo 015\" src=\"http:\/\/www.cotedenuits.fr\/wp-content\/uploads\/2013\/03\/photo-015-199x300.jpg\" width=\"158\" height=\"246\" \/><\/a>\u00a0<a href=\"http:\/\/www.cotedenuits.fr\/wp-content\/uploads\/2013\/03\/photo-020.jpg\"><img loading=\"lazy\" decoding=\"async\" class=\"alignnone size-medium wp-image-116\" alt=\"photo 020\" src=\"http:\/\/www.cotedenuits.fr\/wp-content\/uploads\/2013\/03\/photo-020-300x199.jpg\" width=\"269\" height=\"177\" \/><\/a> <a href=\"http:\/\/www.cotedenuits.fr\/wp-content\/uploads\/2013\/03\/photo-009.jpg\"><img loading=\"lazy\" decoding=\"async\" class=\"alignnone size-medium wp-image-114\" style=\"width: 271px;\" alt=\"photo 009\" src=\"http:\/\/www.cotedenuits.fr\/wp-content\/uploads\/2013\/03\/photo-009-300x199.jpg\" width=\"278\" height=\"179\" \/><\/a><\/p>\n<p style=\"text-align: justify;\">Je tombe amoureux de <span style=\"color: #ff0000;\"><b>C\u00f4te de Nuits<\/b> <\/span>qui, en plus, porte un tr\u00e8s beau nom qui me rappelle une belle r\u00e9gion viticole renomm\u00e9e mais aussi la mer avec les <b>C\u00f4tes d&rsquo;Armor<\/b>, berceau de mes vacances d&rsquo;enfant dans la \u00ab\u00a0propri\u00e9t\u00e9\u00a0\u00bb familiale au milieu des champs et des bois, la p\u00eache \u00e0 pieds avec mon grand-p\u00e8re et aux maquereaux sur le vieux cotre de mon p\u00e8re.<\/p>\n<h1 style=\"text-align: justify;\" align=\"center\"><b>C&rsquo;est bien joli tout \u00e7a mais maintenant il faut le ramener vers sa terre natale (ou presque) en Bretagne ce <span style=\"color: #ff0000;\">C\u00f4te de Nuits<\/span> !<\/b><\/h1>\n<p style=\"text-align: justify;\"><b>La pr\u00e9paration de la Travers\u00e9e<\/b><br \/>\nQuasiment 9 mois de pr\u00e9paration \u00e0 quelques milliers de kilom\u00e8tres de C\u00f4te de Nuits.<br \/>\nDes milliers de questions traversent mon esprit et au fur et \u00e0 mesure tout se construit.<\/p>\n<ul style=\"text-align: justify;\">\n<li>D\u00e9termination de la meilleure p\u00e9riode : ce sera le mois de Mai 06 (mon mois de naissance)<\/li>\n<li>La route sera trac\u00e9e en fonction des vents et des courants avec un stop over aux A\u00e7ores<\/li>\n<\/ul>\n<p>Entre temps, bien entendu il y a un \u00ab\u00a0petit\u00a0\u00bb cyclone nomm\u00e9 <b>Wilma<\/b> qui est pass\u00e9 sur C\u00f4te de Nuits qui est bien rest\u00e9 tranquille et debout contrairement \u00e0 d&rsquo;autres ! Mais \u00e0 distance on n&rsquo;est pas fier&#8230;<\/p>\n<p><a href=\"http:\/\/www.cotedenuits.fr\/wp-content\/uploads\/2013\/03\/20-1.jpg\"><img loading=\"lazy\" decoding=\"async\" class=\"alignnone size-medium wp-image-121\" alt=\"20-1\" src=\"http:\/\/www.cotedenuits.fr\/wp-content\/uploads\/2013\/03\/20-1-300x199.jpg\" width=\"300\" height=\"199\" srcset=\"https:\/\/www.cotedenuits.fr\/wp-content\/uploads\/2013\/03\/20-1-300x199.jpg 300w, https:\/\/www.cotedenuits.fr\/wp-content\/uploads\/2013\/03\/20-1-624x415.jpg 624w, https:\/\/www.cotedenuits.fr\/wp-content\/uploads\/2013\/03\/20-1.jpg 640w\" sizes=\"auto, (max-width: 300px) 100vw, 300px\" \/><\/a><\/p>\n<p><b>Le Mat\u00e9riel<\/b><br \/>\nDe quoi aurons-nous besoin pour assurer notre s\u00e9curit\u00e9 et o\u00f9 se procurer tout \u00e7a ?<\/p>\n<ul style=\"text-align: justify;\">\n<li>Radeau\u00a0\u00a0de survie, balise de d\u00e9tresse, ceintures de sauvetage automatiques, VHF portable, \u00e9olienne pour le courant s&rsquo;il n&rsquo;y a plus de soleil, trousse de\u00a0secours grand large&#8230;(Tout ce mat\u00e9riel sera achet\u00e9 aux US via Internet et livr\u00e9 \u00e0 la marina et pour le reste, on l&#8217;emm\u00e8nera avec nous)<\/li>\n<li>Ordinateur portable avec logiciel de navigation <b>ScanNav<\/b>, GPS de secours (celui\u00a0de mon ex ULM), t\u00e9l\u00e9phone satellite Iridium pour les fichiers GRIB, les\u00a0mails et communiquer avec nos proches sans oublier la cocotte minute\u00a0donn\u00e9e par ma Belle M\u00e8re.<\/li>\n<li>On\u00a0commence aussi \u00e0 faire une liste \u00ab\u00a0bouffe\u00a0\u00bb et ingr\u00e9dients\u00a0indispensables \u00e0 l&rsquo;\u00e9quilibre des menus.<\/li>\n<\/ul>\n<p style=\"text-align: justify;\" align=\"center\"><b>L&rsquo;Equipage<\/b><\/p>\n<ul style=\"text-align: justify;\">\n<li><b>Serge<\/b>, un copain Belge avec lequel\u00a0on avait mont\u00e9 une soci\u00e9t\u00e9 de Sellerie Auto cuir en Picardie (G. de Flandres). Serge nous quittera aux A\u00e7ores.<\/li>\n<li><b>Audrey<\/b>, la plus jeune de mes 2\u00a0filles, qui a tenu t\u00eate \u00e0 sa m\u00e8re pour traverser avec Dad ! Aujourd&rsquo;hui\u00a0dipl\u00f4m\u00e9e d&rsquo;Etat, elle enseigne \u00e0 Rochefort\u00a0la voile aux petits mais aussi aux grands.<\/li>\n<li style=\"text-align: justify;\"><b>Philippe\u00a0ou Phiphi<\/b>, un <b><span style=\"text-decoration: underline;\">A<\/span><\/b>mi\u00a0de longue date, un marin f\u00e9ru de noeuds, qui nous rejoindra aux A\u00e7ores\u00a0pour la deuxi\u00e8me partie. Enfin de la bonne bouffe car c&rsquo;est un cuistot\u00a0hors pair !<\/li>\n<\/ul>\n<p style=\"text-align: justify;\"><a href=\"http:\/\/www.cotedenuits.fr\/wp-content\/uploads\/2013\/03\/05-20-pr+\u00aeparation-vaiselle.jpg\"><img loading=\"lazy\" decoding=\"async\" class=\"alignnone size-medium wp-image-122\" style=\"width: 268px;\" alt=\"05-20-pr+\u00aeparation vaiselle\" src=\"http:\/\/www.cotedenuits.fr\/wp-content\/uploads\/2013\/03\/05-20-pr+\u00aeparation-vaiselle-300x224.jpg\" width=\"277\" height=\"196\" \/><\/a>\u00a0<a href=\"http:\/\/www.cotedenuits.fr\/wp-content\/uploads\/2013\/03\/05-25-le-temps-sam+\u00aeliore.jpg\"><img loading=\"lazy\" decoding=\"async\" class=\"alignnone size-medium wp-image-123\" alt=\"05-25-le temps s'am+\u00aeliore\" src=\"http:\/\/www.cotedenuits.fr\/wp-content\/uploads\/2013\/03\/05-25-le-temps-sam+\u00aeliore-300x200.jpg\" width=\"300\" height=\"200\" srcset=\"https:\/\/www.cotedenuits.fr\/wp-content\/uploads\/2013\/03\/05-25-le-temps-sam+\u00aeliore-300x200.jpg 300w, https:\/\/www.cotedenuits.fr\/wp-content\/uploads\/2013\/03\/05-25-le-temps-sam+\u00aeliore.jpg 567w\" sizes=\"auto, (max-width: 300px) 100vw, 300px\" \/>\u00a0<\/a><a href=\"http:\/\/www.cotedenuits.fr\/wp-content\/uploads\/2013\/03\/horta-+\u00e1-trebs192.jpg\"><img loading=\"lazy\" decoding=\"async\" class=\"alignnone size-medium wp-image-124\" alt=\"horta +\u00e1 trebs192\" src=\"http:\/\/www.cotedenuits.fr\/wp-content\/uploads\/2013\/03\/horta-+\u00e1-trebs192-300x200.jpg\" width=\"300\" height=\"200\" srcset=\"https:\/\/www.cotedenuits.fr\/wp-content\/uploads\/2013\/03\/horta-+\u00e1-trebs192-300x200.jpg 300w, https:\/\/www.cotedenuits.fr\/wp-content\/uploads\/2013\/03\/horta-+\u00e1-trebs192.jpg 567w\" sizes=\"auto, (max-width: 300px) 100vw, 300px\" \/><\/a><\/p>\n","protected":false},"excerpt":{"rendered":"<p>En Juin 2005, alors que l&rsquo;inactivit\u00e9 commen\u00e7ait \u00e0 peser un peu (ch\u00f4mage, un de plus),\u00a0place au r\u00eave pour s&rsquo;\u00e9chapper et soudain, d\u00e9couverte d&rsquo;un site Internet vantant les qualit\u00e9s d&rsquo;un superbe voilier qui r\u00e9pondait en tous points \u00e0 ce que je recherchais pour r\u00e9aliser le 3\u00e8me et dernier de mes r\u00eaves d&rsquo;enfant : d\u00e9riveur int\u00e9gral &gt; &hellip; <a href=\"https:\/\/www.cotedenuits.fr\/fr\/categorie-1\/page-categorie-1\/\" class=\"more-link\">Continuer la lecture de <span class=\"screen-reader-text\">La d\u00e9couverte de \\\u00a0\u00bbC\u00f4te de Nuits\\\u00a0\u00bb<\/span> <span class=\"meta-nav\">&rarr;<\/span><\/a><\/p>\n","protected":false},"author":1,"featured_media":0,"parent":12,"menu_order":0,"comment_status":"open","ping_status":"closed","template":"","meta":{"footnotes":""},"class_list":["post-8","page","type-page","status-publish","hentry"],"translation":{"provider":"WPGlobus","version":"3.0.2","language":"fr","enabled_languages":["en","es","de","fr","pt","it"],"languages":{"en":{"title":true,"content":true,"excerpt":false},"es":{"title":false,"content":false,"excerpt":false},"de":{"title":false,"content":false,"excerpt":false},"fr":{"title":false,"content":false,"excerpt":false},"pt":{"title":false,"content":false,"excerpt":false},"it":{"title":false,"content":false,"excerpt":false}}},"yoast_head":"<!-- This site is optimized with the Yoast SEO plugin v27.4 - https:\/\/yoast.com\/product\/yoast-seo-wordpress\/ -->\n<title>La d\u00e9couverte de &quot;C\u00f4te de Nuits&quot;<\/title>\n<meta name=\"robots\" content=\"index, follow, max-snippet:-1, max-image-preview:large, max-video-preview:-1\" \/>\n<link rel=\"canonical\" href=\"https:\/\/www.cotedenuits.fr\/categorie-1\/page-categorie-1\/\" \/>\n<meta property=\"og:locale\" content=\"fr_FR\" \/>\n<meta property=\"og:type\" content=\"article\" \/>\n<meta property=\"og:title\" content=\"La d\u00e9couverte de \\&quot;C\u00f4te de Nuits\\&quot; - C\u00f4te de Nuits\" \/>\n<meta property=\"og:url\" content=\"https:\/\/www.cotedenuits.fr\/categorie-1\/page-categorie-1\/\" \/>\n<meta property=\"og:site_name\" content=\"C\u00f4te de Nuits\" \/>\n<meta property=\"article:publisher\" content=\"http:\/\/www.facebook.com\/cotedenuits22\" \/>\n<meta property=\"article:modified_time\" content=\"2015-12-25T19:16:00+00:00\" \/>\n<meta property=\"og:image\" content=\"http:\/\/www.cotedenuits.fr\/wp-content\/uploads\/2013\/03\/photo-013w-199x300.jpg\" \/>\n<meta name=\"twitter:label1\" content=\"Dur\u00e9e de lecture estim\u00e9e\" \/>\n\t<meta name=\"twitter:data1\" content=\"3 minutes\" \/>\n<script type=\"application\/ld+json\" class=\"yoast-schema-graph\">{\"@context\":\"https:\\\/\\\/schema.org\",\"@graph\":[{\"@type\":\"WebPage\",\"@id\":\"https:\\\/\\\/www.cotedenuits.fr\\\/categorie-1\\\/page-categorie-1\\\/\",\"url\":\"https:\\\/\\\/www.cotedenuits.fr\\\/categorie-1\\\/page-categorie-1\\\/\",\"name\":\"La d\u00e9couverte de \\\"C\u00f4te de Nuits\\\"\",\"isPartOf\":{\"@id\":\"https:\\\/\\\/www.cotedenuits.fr\\\/#website\"},\"primaryImageOfPage\":{\"@id\":\"https:\\\/\\\/www.cotedenuits.fr\\\/categorie-1\\\/page-categorie-1\\\/#primaryimage\"},\"image\":{\"@id\":\"https:\\\/\\\/www.cotedenuits.fr\\\/categorie-1\\\/page-categorie-1\\\/#primaryimage\"},\"thumbnailUrl\":\"http:\\\/\\\/www.cotedenuits.fr\\\/wp-content\\\/uploads\\\/2013\\\/03\\\/photo-013w-199x300.jpg\",\"datePublished\":\"2013-03-05T16:43:52+00:00\",\"dateModified\":\"2015-12-25T19:16:00+00:00\",\"breadcrumb\":{\"@id\":\"https:\\\/\\\/www.cotedenuits.fr\\\/categorie-1\\\/page-categorie-1\\\/#breadcrumb\"},\"inLanguage\":\"fr-FR\",\"potentialAction\":[{\"@type\":\"ReadAction\",\"target\":[\"https:\\\/\\\/www.cotedenuits.fr\\\/categorie-1\\\/page-categorie-1\\\/\"]}]},{\"@type\":\"ImageObject\",\"inLanguage\":\"fr-FR\",\"@id\":\"https:\\\/\\\/www.cotedenuits.fr\\\/categorie-1\\\/page-categorie-1\\\/#primaryimage\",\"url\":\"http:\\\/\\\/www.cotedenuits.fr\\\/wp-content\\\/uploads\\\/2013\\\/03\\\/photo-013w-199x300.jpg\",\"contentUrl\":\"http:\\\/\\\/www.cotedenuits.fr\\\/wp-content\\\/uploads\\\/2013\\\/03\\\/photo-013w-199x300.jpg\"},{\"@type\":\"BreadcrumbList\",\"@id\":\"https:\\\/\\\/www.cotedenuits.fr\\\/categorie-1\\\/page-categorie-1\\\/#breadcrumb\",\"itemListElement\":[{\"@type\":\"ListItem\",\"position\":1,\"name\":\"Le bateau\",\"item\":\"https:\\\/\\\/www.cotedenuits.fr\\\/categorie-1\\\/\"},{\"@type\":\"ListItem\",\"position\":2,\"name\":\"La d\u00e9couverte de \\\\&#8221;C\u00f4te de Nuits\\\\&#8221;\"}]},{\"@type\":\"WebSite\",\"@id\":\"https:\\\/\\\/www.cotedenuits.fr\\\/#website\",\"url\":\"https:\\\/\\\/www.cotedenuits.fr\\\/\",\"name\":\"C\u00f4te de Nuits\",\"description\":\"un Bateau, une Association\",\"potentialAction\":[{\"@type\":\"SearchAction\",\"target\":{\"@type\":\"EntryPoint\",\"urlTemplate\":\"https:\\\/\\\/www.cotedenuits.fr\\\/?s={search_term_string}\"},\"query-input\":{\"@type\":\"PropertyValueSpecification\",\"valueRequired\":true,\"valueName\":\"search_term_string\"}}],\"inLanguage\":\"fr-FR\"}]}<\/script>\n<!-- \/ Yoast SEO plugin. -->","yoast_head_json":{"title":"La d\u00e9couverte de \"C\u00f4te de Nuits\"","robots":{"index":"index","follow":"follow","max-snippet":"max-snippet:-1","max-image-preview":"max-image-preview:large","max-video-preview":"max-video-preview:-1"},"canonical":"https:\/\/www.cotedenuits.fr\/categorie-1\/page-categorie-1\/","og_locale":"fr_FR","og_type":"article","og_title":"La d\u00e9couverte de \\\"C\u00f4te de Nuits\\\" - C\u00f4te de Nuits","og_url":"https:\/\/www.cotedenuits.fr\/categorie-1\/page-categorie-1\/","og_site_name":"C\u00f4te de Nuits","article_publisher":"http:\/\/www.facebook.com\/cotedenuits22","article_modified_time":"2015-12-25T19:16:00+00:00","og_image":[{"url":"http:\/\/www.cotedenuits.fr\/wp-content\/uploads\/2013\/03\/photo-013w-199x300.jpg","type":"","width":"","height":""}],"twitter_misc":{"Dur\u00e9e de lecture estim\u00e9e":"3 minutes"},"schema":{"@context":"https:\/\/schema.org","@graph":[{"@type":"WebPage","@id":"https:\/\/www.cotedenuits.fr\/categorie-1\/page-categorie-1\/","url":"https:\/\/www.cotedenuits.fr\/categorie-1\/page-categorie-1\/","name":"La d\u00e9couverte de \"C\u00f4te de Nuits\"","isPartOf":{"@id":"https:\/\/www.cotedenuits.fr\/#website"},"primaryImageOfPage":{"@id":"https:\/\/www.cotedenuits.fr\/categorie-1\/page-categorie-1\/#primaryimage"},"image":{"@id":"https:\/\/www.cotedenuits.fr\/categorie-1\/page-categorie-1\/#primaryimage"},"thumbnailUrl":"http:\/\/www.cotedenuits.fr\/wp-content\/uploads\/2013\/03\/photo-013w-199x300.jpg","datePublished":"2013-03-05T16:43:52+00:00","dateModified":"2015-12-25T19:16:00+00:00","breadcrumb":{"@id":"https:\/\/www.cotedenuits.fr\/categorie-1\/page-categorie-1\/#breadcrumb"},"inLanguage":"fr-FR","potentialAction":[{"@type":"ReadAction","target":["https:\/\/www.cotedenuits.fr\/categorie-1\/page-categorie-1\/"]}]},{"@type":"ImageObject","inLanguage":"fr-FR","@id":"https:\/\/www.cotedenuits.fr\/categorie-1\/page-categorie-1\/#primaryimage","url":"http:\/\/www.cotedenuits.fr\/wp-content\/uploads\/2013\/03\/photo-013w-199x300.jpg","contentUrl":"http:\/\/www.cotedenuits.fr\/wp-content\/uploads\/2013\/03\/photo-013w-199x300.jpg"},{"@type":"BreadcrumbList","@id":"https:\/\/www.cotedenuits.fr\/categorie-1\/page-categorie-1\/#breadcrumb","itemListElement":[{"@type":"ListItem","position":1,"name":"Le bateau","item":"https:\/\/www.cotedenuits.fr\/categorie-1\/"},{"@type":"ListItem","position":2,"name":"La d\u00e9couverte de \\&#8221;C\u00f4te de Nuits\\&#8221;"}]},{"@type":"WebSite","@id":"https:\/\/www.cotedenuits.fr\/#website","url":"https:\/\/www.cotedenuits.fr\/","name":"C\u00f4te de Nuits","description":"un Bateau, une Association","potentialAction":[{"@type":"SearchAction","target":{"@type":"EntryPoint","urlTemplate":"https:\/\/www.cotedenuits.fr\/?s={search_term_string}"},"query-input":{"@type":"PropertyValueSpecification","valueRequired":true,"valueName":"search_term_string"}}],"inLanguage":"fr-FR"}]}},"_links":{"self":[{"href":"https:\/\/www.cotedenuits.fr\/fr\/wp-json\/wp\/v2\/pages\/8","targetHints":{"allow":["GET"]}}],"collection":[{"href":"https:\/\/www.cotedenuits.fr\/fr\/wp-json\/wp\/v2\/pages"}],"about":[{"href":"https:\/\/www.cotedenuits.fr\/fr\/wp-json\/wp\/v2\/types\/page"}],"author":[{"embeddable":true,"href":"https:\/\/www.cotedenuits.fr\/fr\/wp-json\/wp\/v2\/users\/1"}],"replies":[{"embeddable":true,"href":"https:\/\/www.cotedenuits.fr\/fr\/wp-json\/wp\/v2\/comments?post=8"}],"version-history":[{"count":16,"href":"https:\/\/www.cotedenuits.fr\/fr\/wp-json\/wp\/v2\/pages\/8\/revisions"}],"predecessor-version":[{"id":843,"href":"https:\/\/www.cotedenuits.fr\/fr\/wp-json\/wp\/v2\/pages\/8\/revisions\/843"}],"up":[{"embeddable":true,"href":"https:\/\/www.cotedenuits.fr\/fr\/wp-json\/wp\/v2\/pages\/12"}],"wp:attachment":[{"href":"https:\/\/www.cotedenuits.fr\/fr\/wp-json\/wp\/v2\/media?parent=8"}],"curies":[{"name":"wp","href":"https:\/\/api.w.org\/{rel}","templated":true}]}}