{"id":11,"date":"2013-03-05T17:44:16","date_gmt":"2013-03-05T16:44:16","guid":{"rendered":"http:\/\/www.cotedenuits.fr\/?page_id=11"},"modified":"2019-12-12T12:04:48","modified_gmt":"2019-12-12T11:04:48","slug":"categorie-2","status":"publish","type":"page","link":"https:\/\/www.cotedenuits.fr\/fr\/categorie-2\/","title":{"rendered":"L&rsquo;association"},"content":{"rendered":"<p>L\u2019Association <strong>\u00a0<\/strong><span style=\"color: #ff0000;\"><strong>\u00ab\u00a0C\u00f4te de Nuits\u00a0\u00bb<\/strong><\/span> a \u00e9t\u00e9 cr\u00e9\u00e9e en mai 2010 (voir les statuts) avec dans l\u2019id\u00e9e d\u2019une part de cr\u00e9er un jumelage scolaire entre l\u2019\u00e9cole de Neuville sur Oise et une \u00e9cole Ha\u00eftienne situ\u00e9e dans quartier pauvre et recul\u00e9 de la ville de Saint Louis du Sud. Et, d\u2019autre part de leur venir en aide gr\u00e2ce \u00e0 des \u00ab\u00a0collectes de fonds\u00a0\u00bb destin\u00e9es \u00e0 financer du mat\u00e9riel scolaire, des compl\u00e9ments alimentaires et le transport de v\u00eatements, chaussures\u2026 Le but p\u00e9dagogique\u00a0: faire participer les enfants \u00e0 cette aventure maritime tout en les sensibilisant \u00e0 la vie difficile de leurs petits camarades Ha\u00eftiens avec qui, nous l\u2019esp\u00e9rons, ils resteront en contact.<\/p>\n<p><span style=\"font-size: medium;\"><span style=\"font-family: Times New Roman;\"><strong><span style=\"text-decoration: underline;\">La parution au J.O.et re\u00e7us fiscaux<\/span><\/strong><\/span><\/span><\/p>\n<p><span style=\"font-family: Times New Roman;\"><strong>La cr\u00e9ation de l&rsquo;association <span style=\"color: #ff0000;\">\u00ab\u00a0C\u00f4te de Nuits\u00a0\u00bb<\/span> est parue au \u00ab\u00a0Journal Officiel de la R\u00e9publique Fran\u00e7aise\u00a0\u00bb N\u00b0 22 du 29 mai 2010 \u00e0 la page 2504 sous le N\u00b0 1611, elle a re\u00e7u l\u2019autorisation des services fiscaux de d\u00e9livrer des \u00ab\u00a0re\u00e7us au titre de dons \u00e0 certains organismes d\u2019int\u00e9r\u00eat g\u00e9n\u00e9ral\u00a0\u00bb<\/strong><\/span><\/p>\n<p><b><span style=\"text-decoration: underline;\"><span style=\"font-size: medium;\"><span style=\"color: #000000;\">Nos actions, nos envois\u00a0:<\/span><\/span><\/span><\/b><\/p>\n<ul>\n<li><span style=\"font-family: Calibri;\"><strong>Presque 2 tonnes de compl\u00e9ments alimentaires remplac\u00e9s aujourd&rsquo;hui par le financement de vaches. En d\u00e9cembre 2019, le troupeau compte 13 vaches et 7 veaux = 19 litres de lait par jour. Envoi aussi de p\u00e2tes, riz, confitures&#8230;<\/strong><\/span><\/li>\n<li><b><span style=\"font-family: Calibri;\">D<span>es cartons de livres pour la cr\u00e9ation d\u2019une biblioth\u00e8que<\/span><\/span><\/b><\/li>\n<li><span style=\"font-family: Calibri;\"><strong>Des ordinateurs portables et plusieurs imprimantes<\/strong><\/span><\/li>\n<li><span style=\"font-family: Calibri;\"><strong>Du mat\u00e9riel scolaire (tables, chaises, tableau noir, cahiers, r\u00e8gles, \u00e9querres, colle\u2026)<\/strong><\/span><\/li>\n<li><span style=\"font-family: Calibri;\"><strong>Des m\u00e9dicaments et du mat\u00e9riel m\u00e9dical de toutes sortes pour l&rsquo;\u00e9cole et le docteur \/ chirurgien\u00a0<\/strong><\/span><\/li>\n<li><span style=\"font-family: Calibri;\"><strong>Environ 20.000 stylos \u00e0 bille (distribu\u00e9s aussi dans les autres \u00e9coles)<\/strong><\/span><\/li>\n<li><span style=\"font-family: Calibri;\"><strong>Des centaines d\u2019habits d\u2019\u00e9t\u00e9 pour enfants et adultes<\/strong><\/span><\/li>\n<li><span style=\"font-family: Calibri;\"><strong>Des jouets et des peluches<\/strong><\/span><\/li>\n<li><span style=\"font-family: Calibri;\"><strong>Des chaussures de ville et des basquets<\/strong><\/span><\/li>\n<li><span style=\"font-family: Calibri;\"><strong>Le parrainage d\u2019une jeune fille pour financer ses \u00e9tudes d\u2019infirmi\u00e8re et maintenant de Blerc qui rentre en 4\u00e8me ann\u00e9e d&rsquo;\u00e9cole d&rsquo;ing\u00e9nieur en G\u00e9nie Civil (2019\/2020)<\/strong><\/span><\/li>\n<li><span style=\"font-family: Calibri;\"><strong>d<\/strong><\/span><span style=\"font-family: Calibri;\"><strong>es gilets de sauvetage pour les p\u00eacheurs<\/strong><\/span><\/li>\n<li><span style=\"font-family: Calibri;\"><strong>Et bien d&rsquo;autres \u00e9quipements divers et vari\u00e9s&#8230;<\/strong><\/span><\/li>\n<\/ul>\n<h1 align=\"center\"><strong><span style=\"text-decoration: underline;\"><span style=\"font-family: Calibri;\"><span style=\"color: #ff0000; text-decoration: underline;\">Nos actions futures et nos besoins<\/span> <\/span><\/span><\/strong><\/h1>\n<p style=\"text-align: justify;\" align=\"center\"><span style=\"font-size: medium;\"><span style=\"color: #000000;\"><span style=\"font-family: Calibri;\"><strong>Toujours et encore des habits, des m\u00e9dicaments, des basquets, du mat\u00e9riel scolaire, des compl\u00e9ments alimentaires, des m\u00e9dicaments, des groupes \u00e9lectrog\u00e8nes, des ordinateurs portables avec batterie, des instruments de musique, des livres p\u00e9dagogiques et des romans\u2026<\/strong><\/span><\/span><\/span><\/p>\n<p style=\"text-align: justify;\">\n<p align=\"center\"><strong><span style=\"font-size: medium;\"><span style=\"color: #000000;\"><span style=\"font-family: Calibri;\">Ils ont besoin de nous, nous avons besoin de vous.<\/span><\/span><\/span><\/strong><strong><span style=\"font-family: Times New Roman; font-size: medium;\">\u00a0<\/span><\/strong><\/p>\n<p style=\"text-align: center;\"><strong><span style=\"font-size: medium;\"><span style=\"font-family: Calibri;\">MERCI<\/span><\/span><\/strong><\/p>\n","protected":false},"excerpt":{"rendered":"<p>L\u2019Association \u00a0\u00ab\u00a0C\u00f4te de Nuits\u00a0\u00bb a \u00e9t\u00e9 cr\u00e9\u00e9e en mai 2010 (voir les statuts) avec dans l\u2019id\u00e9e d\u2019une part de cr\u00e9er un jumelage scolaire entre l\u2019\u00e9cole de Neuville sur Oise et une \u00e9cole Ha\u00eftienne situ\u00e9e dans quartier pauvre et recul\u00e9 de la ville de Saint Louis du Sud. Et, d\u2019autre part de leur venir en aide &hellip; <a href=\"https:\/\/www.cotedenuits.fr\/fr\/categorie-2\/\" class=\"more-link\">Continuer la lecture de <span class=\"screen-reader-text\">L&rsquo;association<\/span> <span class=\"meta-nav\">&rarr;<\/span><\/a><\/p>\n","protected":false},"author":1,"featured_media":0,"parent":0,"menu_order":0,"comment_status":"closed","ping_status":"closed","template":"","meta":{"footnotes":""},"class_list":["post-11","page","type-page","status-publish","hentry"],"translation":{"provider":"WPGlobus","version":"3.0.2","language":"fr","enabled_languages":["en","es","de","fr","pt","it"],"languages":{"en":{"title":true,"content":true,"excerpt":false},"es":{"title":false,"content":false,"excerpt":false},"de":{"title":false,"content":false,"excerpt":false},"fr":{"title":false,"content":false,"excerpt":false},"pt":{"title":false,"content":false,"excerpt":false},"it":{"title":false,"content":false,"excerpt":false}}},"yoast_head":"<!-- This site is optimized with the Yoast SEO plugin v27.4 - https:\/\/yoast.com\/product\/yoast-seo-wordpress\/ -->\n<title>L&#039;association - C\u00f4te de Nuits<\/title>\n<meta name=\"robots\" content=\"index, follow, max-snippet:-1, max-image-preview:large, max-video-preview:-1\" \/>\n<link rel=\"canonical\" href=\"https:\/\/www.cotedenuits.fr\/categorie-2\/\" \/>\n<meta property=\"og:locale\" content=\"fr_FR\" \/>\n<meta property=\"og:type\" content=\"article\" \/>\n<meta property=\"og:title\" content=\"L&#039;association - C\u00f4te de Nuits\" \/>\n<meta property=\"og:url\" content=\"https:\/\/www.cotedenuits.fr\/categorie-2\/\" \/>\n<meta property=\"og:site_name\" content=\"C\u00f4te de Nuits\" \/>\n<meta property=\"article:publisher\" content=\"http:\/\/www.facebook.com\/cotedenuits22\" \/>\n<meta property=\"article:modified_time\" content=\"2019-12-12T11:04:48+00:00\" \/>\n<meta name=\"twitter:label1\" content=\"Dur\u00e9e de lecture estim\u00e9e\" \/>\n\t<meta name=\"twitter:data1\" content=\"2 minutes\" \/>\n<script type=\"application\/ld+json\" class=\"yoast-schema-graph\">{\"@context\":\"https:\\\/\\\/schema.org\",\"@graph\":[{\"@type\":\"WebPage\",\"@id\":\"https:\\\/\\\/www.cotedenuits.fr\\\/categorie-2\\\/\",\"url\":\"https:\\\/\\\/www.cotedenuits.fr\\\/categorie-2\\\/\",\"name\":\"L'association - C\u00f4te de Nuits\",\"isPartOf\":{\"@id\":\"https:\\\/\\\/www.cotedenuits.fr\\\/#website\"},\"datePublished\":\"2013-03-05T16:44:16+00:00\",\"dateModified\":\"2019-12-12T11:04:48+00:00\",\"inLanguage\":\"fr-FR\",\"potentialAction\":[{\"@type\":\"ReadAction\",\"target\":[\"https:\\\/\\\/www.cotedenuits.fr\\\/categorie-2\\\/\"]}]},{\"@type\":\"WebSite\",\"@id\":\"https:\\\/\\\/www.cotedenuits.fr\\\/#website\",\"url\":\"https:\\\/\\\/www.cotedenuits.fr\\\/\",\"name\":\"C\u00f4te de Nuits\",\"description\":\"un Bateau, une Association\",\"potentialAction\":[{\"@type\":\"SearchAction\",\"target\":{\"@type\":\"EntryPoint\",\"urlTemplate\":\"https:\\\/\\\/www.cotedenuits.fr\\\/?s={search_term_string}\"},\"query-input\":{\"@type\":\"PropertyValueSpecification\",\"valueRequired\":true,\"valueName\":\"search_term_string\"}}],\"inLanguage\":\"fr-FR\"}]}<\/script>\n<!-- \/ Yoast SEO plugin. -->","yoast_head_json":{"title":"L'association - C\u00f4te de Nuits","robots":{"index":"index","follow":"follow","max-snippet":"max-snippet:-1","max-image-preview":"max-image-preview:large","max-video-preview":"max-video-preview:-1"},"canonical":"https:\/\/www.cotedenuits.fr\/categorie-2\/","og_locale":"fr_FR","og_type":"article","og_title":"L'association - C\u00f4te de Nuits","og_url":"https:\/\/www.cotedenuits.fr\/categorie-2\/","og_site_name":"C\u00f4te de Nuits","article_publisher":"http:\/\/www.facebook.com\/cotedenuits22","article_modified_time":"2019-12-12T11:04:48+00:00","twitter_misc":{"Dur\u00e9e de lecture estim\u00e9e":"2 minutes"},"schema":{"@context":"https:\/\/schema.org","@graph":[{"@type":"WebPage","@id":"https:\/\/www.cotedenuits.fr\/categorie-2\/","url":"https:\/\/www.cotedenuits.fr\/categorie-2\/","name":"L'association - C\u00f4te de Nuits","isPartOf":{"@id":"https:\/\/www.cotedenuits.fr\/#website"},"datePublished":"2013-03-05T16:44:16+00:00","dateModified":"2019-12-12T11:04:48+00:00","inLanguage":"fr-FR","potentialAction":[{"@type":"ReadAction","target":["https:\/\/www.cotedenuits.fr\/categorie-2\/"]}]},{"@type":"WebSite","@id":"https:\/\/www.cotedenuits.fr\/#website","url":"https:\/\/www.cotedenuits.fr\/","name":"C\u00f4te de Nuits","description":"un Bateau, une Association","potentialAction":[{"@type":"SearchAction","target":{"@type":"EntryPoint","urlTemplate":"https:\/\/www.cotedenuits.fr\/?s={search_term_string}"},"query-input":{"@type":"PropertyValueSpecification","valueRequired":true,"valueName":"search_term_string"}}],"inLanguage":"fr-FR"}]}},"_links":{"self":[{"href":"https:\/\/www.cotedenuits.fr\/fr\/wp-json\/wp\/v2\/pages\/11","targetHints":{"allow":["GET"]}}],"collection":[{"href":"https:\/\/www.cotedenuits.fr\/fr\/wp-json\/wp\/v2\/pages"}],"about":[{"href":"https:\/\/www.cotedenuits.fr\/fr\/wp-json\/wp\/v2\/types\/page"}],"author":[{"embeddable":true,"href":"https:\/\/www.cotedenuits.fr\/fr\/wp-json\/wp\/v2\/users\/1"}],"replies":[{"embeddable":true,"href":"https:\/\/www.cotedenuits.fr\/fr\/wp-json\/wp\/v2\/comments?post=11"}],"version-history":[{"count":8,"href":"https:\/\/www.cotedenuits.fr\/fr\/wp-json\/wp\/v2\/pages\/11\/revisions"}],"predecessor-version":[{"id":1307,"href":"https:\/\/www.cotedenuits.fr\/fr\/wp-json\/wp\/v2\/pages\/11\/revisions\/1307"}],"wp:attachment":[{"href":"https:\/\/www.cotedenuits.fr\/fr\/wp-json\/wp\/v2\/media?parent=11"}],"curies":[{"name":"wp","href":"https:\/\/api.w.org\/{rel}","templated":true}]}}