{"id":94,"date":"2013-03-30T18:01:07","date_gmt":"2013-03-30T17:01:07","guid":{"rendered":"http:\/\/www.cotedenuits.fr\/?page_id=94"},"modified":"2019-12-21T18:09:22","modified_gmt":"2019-12-21T17:09:22","slug":"lecole-communautaire-fraternite-de-la-hatte","status":"publish","type":"page","link":"https:\/\/www.cotedenuits.fr\/es\/lecole-communautaire-fraternite-de-la-hatte\/","title":{"rendered":"L&#8217;\u00e9cole Communautaire Fraternit\u00e9 de La Hatte"},"content":{"rendered":"<p>L&#8217; \u00e9cole Communautaire Fraternit\u00e9 de La Hatte, 8eme section communale Saint Louis du Sud en Ha\u00efti a \u00e9t\u00e9 fond\u00e9e en 2007 par le Pasteur Clotaire Pierre Bertin qui en est toujours aujourd&#8217;hui le Responsable. Vous trouverez ci-dessous la demande formul\u00e9e\u00a0en 2010\u00a0:<\/p>\n<p>De\u00a0\u00a0\u00a0\u00a0\u00a0\u00a0 : L\u2019\u00e9cole communautaire Fraternit\u00e9 de la Hatte<\/p>\n<p>A\u00a0 \u00a0\u00a0\u00a0\u00a0\u00a0\u00a0 \u00a0: L\u2019organisation cote de nuit 22 (Patrick Vincent) France<\/p>\n<p>Objet\u00a0\u00a0\u00a0 : Demande de support<\/p>\n<p>Messieurs,<\/p>\n<p>Le comit\u00e9 de l\u2019\u00e9cole communautaire de la Hatte aimerait faciliter l\u2019\u00e9ducation de 126 enfants tr\u00e8s n\u00e9cessiteux et vuln\u00e9rables de la communaut\u00e9, vous soumet un petit projet de demande.<\/p>\n<p>Vous savez qu\u2019Ha\u00efti est le pays le plus pauvre de la plan\u00e8te terre. Les derniers \u00e9v\u00e9nements ont d\u00e9truits tous nos espoirs il y a l\u2019augmentation de la pauvret\u00e9 des enfants qui n\u2019ont personne pour les aider, Pas de Gouvernement vous pouvez r\u00e9fl\u00e9chir sur la situation de nos enfants et m\u00eame de notre pays.<\/p>\n<p>De se faire nous vous demandons de nous aider dans l\u2019ex\u00e9cution de ces programmes\u00a0: cantine, uniforme, mat\u00e9riels didactiques et p\u00e9dagogiques, des m\u00e9dicaments et du loisir pour pouvoir sauver les 126 enfants.<\/p>\n<p>vous trouverez ci-joint\u00a0 le petit projet la liste des enfants et la photo de certains enfants. Sans le support de l\u2019\u00e9tranger ces enfants seront de plus en plus mis\u00e9rables.<\/p>\n<p>Aidez nous, avec le peu que Dieu vous donne.<\/p>\n<p>Veuillez agr\u00e9er notre demande pour sauver ces enfants<\/p>\n<p>LIZIUS Berouette\u00a0\u00a0\u00a0\u00a0\u00a0\u00a0\u00a0\u00a0\u00a0\u00a0\u00a0\u00a0\u00a0\u00a0\u00a0\u00a0 CLOTAIRE Pierre Bertin \u00a0\u00a0\u00a0\u00a0\u00a0\u00a0\u00a0\u00a0\u00a0\u00a0\u00a0\u00a0\u00a0\u00a0\u00a0 EMILDORVanel\u00a0\u00a0\u00a0\u00a0\u00a0\u00a0\u00a0\u00a0\u00a0\u00a0\u00a0 Econome\u00a0\u00a0\u00a0\u00a0\u00a0\u00a0\u00a0\u00a0\u00a0\u00a0\u00a0\u00a0\u00a0\u00a0 \u00a0\u00a0\u00a0\u00a0\u00a0\u00a0\u00a0\u00a0\u00a0\u00a0\u00a0 \u00a0\u00a0\u00a0\u00a0\u00a0\u00a0\u00a0 Directeur\u00a0\u00a0\u00a0\u00a0\u00a0\u00a0\u00a0\u00a0\u00a0\u00a0\u00a0\u00a0\u00a0\u00a0\u00a0\u00a0\u00a0\u00a0\u00a0\u00a0\u00a0\u00a0 \u00a0\u00a0\u00a0\u00a0\u00a0\u00a0\u00a0\u00a0\u00a0\u00a0\u00a0\u00a0 \u00a0\u00a0\u00a0\u00a0\u00a0Parent<\/p>\n<p align=\"center\"><b><span style=\"text-decoration: underline;\">Description de la Zone : <\/span><\/b><\/p>\n<p>Ha\u00efti est un pays tr\u00e8s pauvre qui se divise en d\u00e9partement arrondissements, communes sections communales quartier et habitation. La Hatte est une habitation de la 8<sup>e<\/sup> section de la commune de St Louis du Sud, dans cette zone on pratique l\u2019agriculture, on cultive ma\u00efs, manioc, banane, patate, tandis que les terres ne sont pas fertiles car la r\u00e9colte d\u00e9pend totalement de la saison, les terres ne sont pas arros\u00e9es, la Hatte frappe souvent par des inondations, la majorit\u00e9 de la population parentale de la Hatte vivait \u00e0 Port-au-Prince pour pouvoir subvenir mis\u00e9rablement aux besoins premiers des enfants. La derni\u00e8re catastrophe du 12 janvier 2010 a d\u00e9truit l\u2019espoir. Ceux qui n\u2019\u00e9taient pas morts, sont retourn\u00e9s avec leurs enfants sans rien pour leur nourrir, rien pour les v\u00eatir et ne peuvent payer les faibles contributions scolaires, \u00e0 la Hatte il n\u2019y a qu\u2019une seule \u00e9glise, une seule \u00e9cole, pas de centre de sant\u00e9 on doit parcourir des kms pour les premiers soins, pas de lieu pour le loisir, il y a une ravine \u00e0 l\u2019entr\u00e9e et plusieurs autres ravines \u00e0 l\u2019int\u00e9rieur la majorit\u00e9 de la population vit dans des bicoques avec les enfants \u00e0 70% an alphabet et ne fr\u00e9quentent pas l\u2019\u00e9cole.<\/p>\n<p><b>Raison de la demande<\/b> : Cette demande vise \u00e0 aider les enfants \u00e0 b\u00e9n\u00e9ficier, des contributions scolaires des habits, des infirmi\u00e8res des mat\u00e9riels didactiques et p\u00e9dagogiques, des m\u00e9dicaments, cantine scolaire, uniforme, loisir, sant\u00e9 etc<\/p>\n<p><b>Les b\u00e9n\u00e9ficiaires de la demande <\/b><\/p>\n<p>Les b\u00e9n\u00e9ficiaires de cette demande sont de 3 cat\u00e9gories<\/p>\n<p>1- 126 enfants de 03 \u00e0 16 ans dans la zone de la Hatte et ses environs dont les besoins premiers restent un d\u00e9fi.<\/p>\n<p>2- Parents de la zone surtout ceux qui viennent de Port-au-Prince apr\u00e8s le tremblement de terre du 12 Janvier qui peuvent subvenir aux besoins de leurs enfants. Ils seront les premiers soulag\u00e9s.<\/p>\n<p>3- La communaut\u00e9 de la Hatte qui aura pour la 1<sup>e<\/sup> fois des enfants pass\u00e9s une ou plusieurs ann\u00e9es scolaires sans irr\u00e9gularit\u00e9.<\/p>\n<h5>D\u00e9cembre 2015<\/h5>\n<p style=\"text-align: justify;\">L&#8217;\u00e9cole compte 205 \u00e9l\u00e8ves de 3 \u00e0 17 ans. 58 de ces enfants r\u00e9sident dans l&#8217;\u00e9cole; soit ils sont orphelins, soit ils sont en situation dite &#8220;difficile&#8221;. Les dortoirs sont &#8220;rudimentaires&#8221;, les objets personnels rares. Les prot\u00e9ines sont elles aussi rares mais les vaches offertes par C\u00f4te de Nuits donnent un peu de lait et parfois de la viande lorsqu&#8217;un taureau vient \u00e0 na\u00eetre. Le premier a \u00e9t\u00e9 mang\u00e9 lors de notre visite (voir la newsletter N\u00b010).<\/p>\n<h1 style=\"text-align: center;\"><span style=\"color: #ff0000;\">D\u00e9cembre 2019<\/span><\/h1>\n<h6 style=\"text-align: center;\"><em><strong><span style=\"color: #0000ff;\">L\u2019\u00e9cole de La Hatte Aujourd\u2019hui :<\/span><\/strong><\/em><\/h6>\n<h6 style=\"text-align: center;\"><em><strong><span style=\"color: #0000ff;\">12 salles de classe<\/span><\/strong><\/em><br \/>\n<em><strong><span style=\"color: #0000ff;\">307 enfants dont 55 r\u00e9sidents<\/span><\/strong><\/em><br \/>\n<em><strong><span style=\"color: #0000ff;\">16 professeurs<\/span><\/strong><\/em><br \/>\n<em><strong><span style=\"color: #0000ff;\">Les enfants ont de 3 \u00e0 15 ans<\/span><\/strong><\/em><br \/>\n<em><strong><span style=\"color: #0000ff;\">Il y a 2 vaches laiti\u00e8res et une g\u00e9nisse laiti\u00e8re<\/span><\/strong><\/em><br \/>\n<em><strong><span style=\"color: #0000ff;\">il y a 11 autres vaches<\/span><\/strong><\/em><br \/>\n<em><strong><span style=\"color: #0000ff;\">Il y a 7 petits<\/span><\/strong><\/em><br \/>\n<em><strong><span style=\"color: #0000ff;\">Environ 5 gallons lait\/jour soit ~ 19 litres (1 gal = 3,785 l)<\/span><\/strong><\/em><\/h6>\n<h6><em><strong><span style=\"color: #0000ff;\">Nb : Les vaches ne donnent pas toutes de lait en m\u00eame temps vu qu&#8217;il faut attendre des naissances.<\/span><\/strong><\/em><\/h6>\n<p style=\"text-align: justify;\">\n","protected":false},"excerpt":{"rendered":"<p>L&#8217; \u00e9cole Communautaire Fraternit\u00e9 de La Hatte, 8eme section communale Saint Louis du Sud en Ha\u00efti a \u00e9t\u00e9 fond\u00e9e en 2007 par le Pasteur Clotaire Pierre Bertin qui en est toujours aujourd&#8217;hui le Responsable. Vous trouverez ci-dessous la demande formul\u00e9e\u00a0en 2010\u00a0: De\u00a0\u00a0\u00a0\u00a0\u00a0\u00a0 : L\u2019\u00e9cole communautaire Fraternit\u00e9 de la Hatte A\u00a0 \u00a0\u00a0\u00a0\u00a0\u00a0\u00a0 \u00a0: L\u2019organisation cote de &hellip; <a href=\"https:\/\/www.cotedenuits.fr\/es\/lecole-communautaire-fraternite-de-la-hatte\/\" class=\"more-link\">Continue reading <span class=\"screen-reader-text\">L&#8217;\u00e9cole Communautaire Fraternit\u00e9 de La Hatte<\/span> <span class=\"meta-nav\">&rarr;<\/span><\/a><\/p>\n","protected":false},"author":1,"featured_media":0,"parent":0,"menu_order":0,"comment_status":"open","ping_status":"open","template":"","meta":{"footnotes":""},"class_list":["post-94","page","type-page","status-publish","hentry"],"translation":{"provider":"WPGlobus","version":"3.0.2","language":"es","enabled_languages":["en","es","de","fr","pt","it"],"languages":{"en":{"title":true,"content":true,"excerpt":false},"es":{"title":false,"content":false,"excerpt":false},"de":{"title":false,"content":false,"excerpt":false},"fr":{"title":false,"content":false,"excerpt":false},"pt":{"title":false,"content":false,"excerpt":false},"it":{"title":false,"content":false,"excerpt":false}}},"yoast_head":"<!-- This site is optimized with the Yoast SEO plugin v27.4 - https:\/\/yoast.com\/product\/yoast-seo-wordpress\/ -->\n<title>L&#039;\u00e9cole Communautaire Fraternit\u00e9 de La Hatte - C\u00f4te de Nuits<\/title>\n<meta name=\"robots\" content=\"index, follow, max-snippet:-1, max-image-preview:large, max-video-preview:-1\" \/>\n<link rel=\"canonical\" href=\"https:\/\/www.cotedenuits.fr\/lecole-communautaire-fraternite-de-la-hatte\/\" \/>\n<meta property=\"og:locale\" content=\"es_ES\" \/>\n<meta property=\"og:type\" content=\"article\" \/>\n<meta property=\"og:title\" content=\"L&#039;\u00e9cole Communautaire Fraternit\u00e9 de La Hatte - C\u00f4te de Nuits\" \/>\n<meta property=\"og:url\" content=\"https:\/\/www.cotedenuits.fr\/lecole-communautaire-fraternite-de-la-hatte\/\" \/>\n<meta property=\"og:site_name\" content=\"C\u00f4te de Nuits\" \/>\n<meta property=\"article:publisher\" content=\"http:\/\/www.facebook.com\/cotedenuits22\" \/>\n<meta property=\"article:modified_time\" content=\"2019-12-21T17:09:22+00:00\" \/>\n<meta name=\"twitter:label1\" content=\"Est. reading time\" \/>\n\t<meta name=\"twitter:data1\" content=\"4 minutes\" \/>\n<script type=\"application\/ld+json\" class=\"yoast-schema-graph\">{\"@context\":\"https:\\\/\\\/schema.org\",\"@graph\":[{\"@type\":\"WebPage\",\"@id\":\"https:\\\/\\\/www.cotedenuits.fr\\\/lecole-communautaire-fraternite-de-la-hatte\\\/\",\"url\":\"https:\\\/\\\/www.cotedenuits.fr\\\/lecole-communautaire-fraternite-de-la-hatte\\\/\",\"name\":\"L'\u00e9cole Communautaire Fraternit\u00e9 de La Hatte - C\u00f4te de Nuits\",\"isPartOf\":{\"@id\":\"https:\\\/\\\/www.cotedenuits.fr\\\/#website\"},\"datePublished\":\"2013-03-30T17:01:07+00:00\",\"dateModified\":\"2019-12-21T17:09:22+00:00\",\"inLanguage\":\"es-ES\",\"potentialAction\":[{\"@type\":\"ReadAction\",\"target\":[\"https:\\\/\\\/www.cotedenuits.fr\\\/lecole-communautaire-fraternite-de-la-hatte\\\/\"]}]},{\"@type\":\"WebSite\",\"@id\":\"https:\\\/\\\/www.cotedenuits.fr\\\/#website\",\"url\":\"https:\\\/\\\/www.cotedenuits.fr\\\/\",\"name\":\"C\u00f4te de Nuits\",\"description\":\"un Bateau, une Association\",\"potentialAction\":[{\"@type\":\"SearchAction\",\"target\":{\"@type\":\"EntryPoint\",\"urlTemplate\":\"https:\\\/\\\/www.cotedenuits.fr\\\/?s={search_term_string}\"},\"query-input\":{\"@type\":\"PropertyValueSpecification\",\"valueRequired\":true,\"valueName\":\"search_term_string\"}}],\"inLanguage\":\"es-ES\"}]}<\/script>\n<!-- \/ Yoast SEO plugin. -->","yoast_head_json":{"title":"L'\u00e9cole Communautaire Fraternit\u00e9 de La Hatte - C\u00f4te de Nuits","robots":{"index":"index","follow":"follow","max-snippet":"max-snippet:-1","max-image-preview":"max-image-preview:large","max-video-preview":"max-video-preview:-1"},"canonical":"https:\/\/www.cotedenuits.fr\/lecole-communautaire-fraternite-de-la-hatte\/","og_locale":"es_ES","og_type":"article","og_title":"L'\u00e9cole Communautaire Fraternit\u00e9 de La Hatte - C\u00f4te de Nuits","og_url":"https:\/\/www.cotedenuits.fr\/lecole-communautaire-fraternite-de-la-hatte\/","og_site_name":"C\u00f4te de Nuits","article_publisher":"http:\/\/www.facebook.com\/cotedenuits22","article_modified_time":"2019-12-21T17:09:22+00:00","twitter_misc":{"Est. reading time":"4 minutes"},"schema":{"@context":"https:\/\/schema.org","@graph":[{"@type":"WebPage","@id":"https:\/\/www.cotedenuits.fr\/lecole-communautaire-fraternite-de-la-hatte\/","url":"https:\/\/www.cotedenuits.fr\/lecole-communautaire-fraternite-de-la-hatte\/","name":"L'\u00e9cole Communautaire Fraternit\u00e9 de La Hatte - C\u00f4te de Nuits","isPartOf":{"@id":"https:\/\/www.cotedenuits.fr\/#website"},"datePublished":"2013-03-30T17:01:07+00:00","dateModified":"2019-12-21T17:09:22+00:00","inLanguage":"es-ES","potentialAction":[{"@type":"ReadAction","target":["https:\/\/www.cotedenuits.fr\/lecole-communautaire-fraternite-de-la-hatte\/"]}]},{"@type":"WebSite","@id":"https:\/\/www.cotedenuits.fr\/#website","url":"https:\/\/www.cotedenuits.fr\/","name":"C\u00f4te de Nuits","description":"un Bateau, une Association","potentialAction":[{"@type":"SearchAction","target":{"@type":"EntryPoint","urlTemplate":"https:\/\/www.cotedenuits.fr\/?s={search_term_string}"},"query-input":{"@type":"PropertyValueSpecification","valueRequired":true,"valueName":"search_term_string"}}],"inLanguage":"es-ES"}]}},"_links":{"self":[{"href":"https:\/\/www.cotedenuits.fr\/es\/wp-json\/wp\/v2\/pages\/94","targetHints":{"allow":["GET"]}}],"collection":[{"href":"https:\/\/www.cotedenuits.fr\/es\/wp-json\/wp\/v2\/pages"}],"about":[{"href":"https:\/\/www.cotedenuits.fr\/es\/wp-json\/wp\/v2\/types\/page"}],"author":[{"embeddable":true,"href":"https:\/\/www.cotedenuits.fr\/es\/wp-json\/wp\/v2\/users\/1"}],"replies":[{"embeddable":true,"href":"https:\/\/www.cotedenuits.fr\/es\/wp-json\/wp\/v2\/comments?post=94"}],"version-history":[{"count":5,"href":"https:\/\/www.cotedenuits.fr\/es\/wp-json\/wp\/v2\/pages\/94\/revisions"}],"predecessor-version":[{"id":1324,"href":"https:\/\/www.cotedenuits.fr\/es\/wp-json\/wp\/v2\/pages\/94\/revisions\/1324"}],"wp:attachment":[{"href":"https:\/\/www.cotedenuits.fr\/es\/wp-json\/wp\/v2\/media?parent=94"}],"curies":[{"name":"wp","href":"https:\/\/api.w.org\/{rel}","templated":true}]}}