{"id":33,"date":"2013-03-15T14:49:07","date_gmt":"2013-03-15T13:49:07","guid":{"rendered":"http:\/\/www.cotedenuits.fr\/?page_id=33"},"modified":"2019-12-12T12:10:00","modified_gmt":"2019-12-12T11:10:00","slug":"les-statuts","status":"publish","type":"page","link":"https:\/\/www.cotedenuits.fr\/es\/categorie-2\/les-statuts\/","title":{"rendered":"Les statuts"},"content":{"rendered":"<p align=\"center\"><b><span style=\"text-decoration: underline;\">La d\u00e9cision de cr\u00e9er l&#8217;Association &#8220;C\u00f4te de Nuits&#8221; a \u00e9t\u00e9 prise le 12 avril 2010, les statuts ont \u00e9t\u00e9 d\u00e9pos\u00e9s en Pr\u00e9fecture du Val d&#8217;Oise le 28 avril 2010. <\/span><\/b><b><\/b><\/p>\n<p><b><span style=\"text-decoration: underline;\">1: Les Statuts <\/span><\/b><b>de l&#8217;Association &#8220;C\u00f4te de Nuits&#8221; (<\/b><b>T\u00e9l\u00e9charger la<\/b><b> <\/b><b>Version pdf :<\/b><b> <a href=\"http:\/\/www.cotedenuits.fr\/wp-content\/uploads\/2013\/03\/statuts-association-c+\u00a6te-de-nuits.pdf\">statuts association c\u00f4te de nuits<\/a>)<\/b><\/p>\n<p><b><span style=\"text-decoration: underline;\">Article 1 : <\/span><\/b>Il est cr\u00e9\u00e9 entre les membres fondateurs cit\u00e9s au pr\u00e9sent contrat une association \u00e0 but humanitaire et \u00e9ducatif r\u00e9gie par la loi du 1<sup>er<\/sup> juillet 1901 (version consolid\u00e9e au 7 ao\u00fbt 2009), ayant pour titre : \u2018\u2019C\u00f4te de Nuits\u2019\u2019.<\/p>\n<p><b><span style=\"text-decoration: underline;\">Article 2 : <\/span><\/b>Objet ou buts de l\u2019association :<\/p>\n<p>Avec principalement l\u2019aide de tous les marins, qu\u2019ils soient armateurs, propri\u00e9taires ou utilisateurs de bateaux de grand voyage, de tout autre navire ou de moyen de transport par terre ou air :<\/p>\n<p>&#8211; D\u2019organiser et apporter \u00e0 des populations d\u00e9favoris\u00e9es ou victimes de catastrophes naturelles, une aide financi\u00e8re et\/ou mat\u00e9rielle.<\/p>\n<p>&#8211; De mettre en place et d\u2019animer des \u00e9changes scolaires avec ces populations.<\/p>\n<p>&#8211; De r\u00e9colter des dons en nature ou esp\u00e8ces, de trouver des parrains et\/ou des m\u00e9c\u00e8nes pour mener \u00e0 bien les projets.<\/p>\n<p>&#8211; De jouer un r\u00f4le \u00e9ducatif et de sensibilisation quant \u00e0 la sauvegarde de notre plan\u00e8te par la r\u00e9alisation et la diffusion de reportages sur la pollution marine rencontr\u00e9e tout au long des trajets parcourus par les marins pr\u00e9cit\u00e9s.<\/p>\n<p><b><span style=\"text-decoration: underline;\">Article 3 : <\/span><\/b>Le si\u00e8ge de l\u2019association est sis \u00e0 95000 &#8211; NEUVILLE SUR OISE \u2013 64, Rue de Cergy, il pourra \u00eatre transf\u00e9r\u00e9 par simple d\u00e9cision du bureau form\u00e9 des membres fondateurs.<b><\/b><\/p>\n<p><b><span style=\"text-decoration: underline;\">Article 4 : <\/span><\/b>Pr\u00e9ambule.<b><\/b><\/p>\n<p>Le Pr\u00e9sident fondateur, Patrick VINCENT, a d\u00e9cid\u00e9 de cr\u00e9er cette association alors qu\u2019il \u00e9laborait un projet de navigation lointaine sur son bateau \u2018\u2019C\u00f4te de Nuits\u2019\u2019. Son choix, qui s\u2019est tout d\u2019abord port\u00e9 sur Ha\u00efti, a \u00e9t\u00e9 confort\u00e9 suite au terrible tremblement de terre du 13 janvier 2010. L\u2019association \u2018\u2019C\u00f4te de Nuits\u2019\u2019 n\u2019a aucune connotation politique ou religieuse, son seul but est d\u2019apporter une aide plus particuli\u00e8rement orient\u00e9e vers les enfants et \u00e9coliers des populations dans le besoin ou victimes de catastrophes naturelles tout en mettant \u00e0 profit toute aide mat\u00e9rielle pouvant \u00eatre apport\u00e9e par tout navire amen\u00e9 \u00e0 voyager vers ces lieux et int\u00e9ress\u00e9 par l\u2019objet de cette association. La premi\u00e8re op\u00e9ration se nomme \u2018\u20196000 Nautical Miles for a Smile\u2019\u2019, elle est d\u00e9di\u00e9e \u00e0 Ha\u00efti et a volontairement une connotation internationale pour un financement optimum.<\/p>\n<p><b><span style=\"text-decoration: underline;\">Article 5 : <\/span><\/b>Fonctionnement.<\/p>\n<ul>\n<li>L\u2019association est cr\u00e9\u00e9e pour une dur\u00e9e ind\u00e9termin\u00e9e.<\/li>\n<li>L\u2019association est constitu\u00e9e de Membres :<\/li>\n<\/ul>\n<p><b>&#8211;<\/b> <b>Adh\u00e9rents<\/b> qui aident, soutiennent et participent \u00e0 la vie de l\u2019association. Ils versent une cotisation annuelle. Le montant de la cotisation est fix\u00e9 chaque ann\u00e9e par le Bureau.<\/p>\n<p><b>&#8211; d\u2019Honneur :<\/b> personnes (physique ou morale) ayant rendu des services importants \u00e0 l\u2019association. (Ils sont dispens\u00e9s de cotisation)<\/p>\n<p><b>&#8211; Bienfaiteurs :<\/b> personnes (physique ou morale) qui en plus de leurs apports de connaissances ou d\u2019activit\u00e9s, fournissent \u00e0 l\u2019association une aide financi\u00e8re ou lui ont fait des dons. (Ils sont dispens\u00e9s de cotisation)<\/p>\n<p><b>&#8211; Fondateurs : <\/b><\/p>\n<ul>\n<li>Un pr\u00e9sident : Patrick VINCENT<\/li>\n<li>Une secr\u00e9taire : Audrey VINCENT<\/li>\n<li>Un tr\u00e9sorier : Philippe BARRAU<\/li>\n<\/ul>\n<p><b><span style=\"text-decoration: underline;\">Article 6 : Conditions de forme <\/span><\/b><\/p>\n<p>Toute personne (physique ou morale) peut adh\u00e9rer \u00e0 l\u2019association et\/ou sera d\u00e9clar\u00e9e membre de cette derni\u00e8re d\u00e8s lors qu\u2019elle aura, d\u2019une mani\u00e8re ou d\u2019une autre et en plus de ses apports de connaissances ou d\u2019activit\u00e9, pay\u00e9 sa cotisation et\/ou apport\u00e9 un soutien financier suppl\u00e9mentaire quel qui soit. Le bureau se r\u00e9serve le droit de refuser une adh\u00e9sion sans avoir \u00e0 motiver sa d\u00e9cision.<\/p>\n<p>L\u2019association peut \u00e0 tout moment rejoindre ou former une \u00ab union d\u2019association \u00bb avec toute autre association pouvant aider \u00e0 la r\u00e9alisation des projets par l\u2019existence et l\u2019apport de structures locales adapt\u00e9es ou autres.<\/p>\n<p><b><span style=\"text-decoration: underline;\">Article 7 : <\/span><\/b>La qualit\u00e9 de membre se perd du fait,<\/p>\n<p>&#8211; d\u2019une exclusion par le bureau ou d\u2019un d\u00e9c\u00e8s,<\/p>\n<p>&#8211; du non-renouvellement de l\u2019adh\u00e9sion,<\/p>\n<p>&#8211; de la d\u00e9mission ou d\u00e9sengagement du soci\u00e9taire,<\/p>\n<p>&#8211; de la dissolution de l\u2019association.<\/p>\n<p><b><span style=\"text-decoration: underline;\">Article 8 : <\/span><\/b>Les ressources de l\u2019association se composent :<b><\/b><\/p>\n<p>&#8211; Des cotisations vers\u00e9es par les Membres ou Adh\u00e9rents<\/p>\n<p>&#8211; De dons manuels<\/p>\n<p>&#8211; De subventions de collectivit\u00e9s locales (Conseils G\u00e9n\u00e9raux, D\u00e9partements, R\u00e9gions, Communes, Communaut\u00e9s de Communes\u2026)<\/p>\n<p>&#8211; De subventions ou dons de parrainage et de M\u00e9c\u00e9nat<\/p>\n<p><b><span style=\"text-decoration: underline;\">Article 9 : <\/span><\/b>R\u00e8gles de fonctionnement<b><\/b><\/p>\n<p>Les membres fondateurs forment le Bureau qui peut r\u00e9unir au minimum une fois l\u2019an une Assembl\u00e9e G\u00e9n\u00e9rale sur convocation du Pr\u00e9sident ou en son absence, du secr\u00e9taire ou du Tr\u00e9sorier ou de la moiti\u00e9 de ses Membres pour principalement l\u2019approbation des comptes et\/ou toutes autres d\u00e9cisions ou orientations de l\u2019association (la moiti\u00e9 des membres du Bureau est requis).<\/p>\n<p>Les Membres, d\u2019Honneur ou Bienfaiteurs seront avertis au moins quinze jours avant l\u2019Assembl\u00e9e G\u00e9n\u00e9rale par courrier, courriel ou tout autre moyen de communication et seront libres de venir assister et de participer \u00e0 cette r\u00e9union, ils devront confirmer leur pr\u00e9sence au moins 15 jours \u00e0 l\u2019avance. Les votes par correspondance ou procuration sont autoris\u00e9s. Toute d\u00e9cision est prise \u00e0 la majorit\u00e9, la voix du pr\u00e9sident \u00e9tant pr\u00e9pond\u00e9rante en cas de partage.<\/p>\n<p><b><span style=\"text-decoration: underline;\">Article 10 : <\/span><\/b>Modalit\u00e9 de dissolution<b><\/b><\/p>\n<p>L\u2019association peut \u00eatre dissoute \u00e0 tout moment sur d\u00e9cision majoritaire du Bureau ou des 2\/3 des Membres inscrits. Le solde de dissolution pourra \u00eatre revers\u00e9 \u00e0 une association du m\u00eame genre ou \u00e0 une des associations membres d\u2019une union \u00e9ventuelle.<\/p>\n<p>Le Pr\u00e9sident\u00a0\u00a0\u00a0\u00a0\u00a0\u00a0\u00a0\u00a0\u00a0\u00a0\u00a0\u00a0\u00a0\u00a0\u00a0\u00a0\u00a0\u00a0\u00a0\u00a0\u00a0\u00a0\u00a0\u00a0 Le Secr\u00e9taire\u00a0\u00a0\u00a0\u00a0\u00a0\u00a0\u00a0\u00a0\u00a0\u00a0\u00a0\u00a0\u00a0\u00a0\u00a0\u00a0\u00a0\u00a0\u00a0 Le Tr\u00e9sorier<\/p>\n<p style=\"text-align: justify;\" align=\"center\"><strong><span style=\"text-decoration: underline;\">2: La parution au J.O.<\/span><\/strong><\/p>\n<p style=\"text-align: justify;\" align=\"center\">La cr\u00e9ation de l&#8217;association &#8220;C\u00f4te de Nuits&#8221;est parue au &#8220;Journal Officiel de la R\u00e9publique Fran\u00e7aise&#8221; N\u00b0 22 du 29 mai 2010 \u00e0 la page 2504 sous le N\u00b0 1611.<\/p>\n<p style=\"text-align: justify;\" align=\"center\"><a href=\"http:\/\/www.cotedenuits.fr\/wp-content\/uploads\/2013\/03\/j.o-du-29-mai-2010.jpg\"><img loading=\"lazy\" decoding=\"async\" class=\"alignnone size-medium wp-image-135\" src=\"http:\/\/www.cotedenuits.fr\/wp-content\/uploads\/2013\/03\/j.o-du-29-mai-2010-203x300.jpg\" alt=\"j.o du 29 mai 2010\" width=\"203\" height=\"300\" srcset=\"https:\/\/www.cotedenuits.fr\/wp-content\/uploads\/2013\/03\/j.o-du-29-mai-2010-203x300.jpg 203w, https:\/\/www.cotedenuits.fr\/wp-content\/uploads\/2013\/03\/j.o-du-29-mai-2010.jpg 435w\" sizes=\"auto, (max-width: 203px) 100vw, 203px\" \/><\/a> <a href=\"http:\/\/www.cotedenuits.fr\/wp-content\/uploads\/2013\/03\/j.o.-du-29-mai-2010-1611.jpg\"><img loading=\"lazy\" decoding=\"async\" class=\"alignnone size-medium wp-image-136\" src=\"http:\/\/www.cotedenuits.fr\/wp-content\/uploads\/2013\/03\/j.o.-du-29-mai-2010-1611-300x185.jpg\" alt=\"j.o. du 29 mai 2010 - 1611\" width=\"300\" height=\"185\" srcset=\"https:\/\/www.cotedenuits.fr\/wp-content\/uploads\/2013\/03\/j.o.-du-29-mai-2010-1611-300x185.jpg 300w, https:\/\/www.cotedenuits.fr\/wp-content\/uploads\/2013\/03\/j.o.-du-29-mai-2010-1611-624x386.jpg 624w, https:\/\/www.cotedenuits.fr\/wp-content\/uploads\/2013\/03\/j.o.-du-29-mai-2010-1611.jpg 640w\" sizes=\"auto, (max-width: 300px) 100vw, 300px\" \/><\/a><\/p>\n<p style=\"text-align: justify;\" align=\"center\"><b><span style=\"text-decoration: underline;\">3: La cotisation annuelle des Adh\u00e9rents et les dons des Membres Bienfaiteurs (modifi\u00e9 par l&#8217;article 4 ci-dessous).<\/span><\/b><\/p>\n<p style=\"text-align: justify;\" align=\"center\">Le Bureau r\u00e9unissant les Membres Fondateurs en date du 12 juin 2010 \u00e0 d\u00e9cid\u00e9 de porter la cotisation annuelle des membres Bienfaiteurs \u00e0 22\u20ac par personne. Tout Membre d&#8217;Honneur ayant fait un don ou ayant rendu des services importants est dispens\u00e9 de cotisation annuelle.<\/p>\n<p style=\"text-align: justify;\" align=\"center\"><strong>4: Modification de l&#8217;Article 5 &#8211; Fonctionnement <\/strong><\/p>\n<p style=\"text-align: justify;\" align=\"center\">A compter de l&#8217;ann\u00e9e 2015 \/ 2016, l\u2019association est constitu\u00e9e de Membres\u00a0:<\/p>\n<p><span style=\"text-decoration: underline;\"><strong>&#8211; Adh\u00e9rents<\/strong><\/span> : personnes qui aident, soutiennent et participent \u00e0 la vie de l\u2019association. Ils versent une cotisation annuelle. Le montant de la cotisation est fix\u00e9 chaque ann\u00e9e par le Bureau. Pour l\u2019ann\u00e9e 2015\/2016, la cotisation est port\u00e9e \u00e0 5 \u20ac.<\/p>\n<p><span style=\"text-decoration: underline;\"><strong>&#8211; Bienfaiteurs<\/strong><\/span>\u00a0: personnes (physique ou morale) qui en plus de leurs apports de connaissances ou d\u2019activit\u00e9s, fournissent \u00e0 l\u2019association une aide financi\u00e8re ou lui ont fait des dons. Le montant minimum du don ou de la cotisation est maintenu \u00e0 22\u20ac pour la d\u00e9livrance d\u2019un re\u00e7u fiscal.<\/p>\n<p><span style=\"text-decoration: underline;\"><strong>&#8211; d\u2019Honneur\u00a0:<\/strong><\/span> personnes (physique ou morale) ayant rendu des services importants \u00e0 l\u2019association. (Ils sont dispens\u00e9s de cotisation)<\/p>\n","protected":false},"excerpt":{"rendered":"<p>La d\u00e9cision de cr\u00e9er l&#8217;Association &#8220;C\u00f4te de Nuits&#8221; a \u00e9t\u00e9 prise le 12 avril 2010, les statuts ont \u00e9t\u00e9 d\u00e9pos\u00e9s en Pr\u00e9fecture du Val d&#8217;Oise le 28 avril 2010. 1: Les Statuts de l&#8217;Association &#8220;C\u00f4te de Nuits&#8221; (T\u00e9l\u00e9charger la Version pdf : statuts association c\u00f4te de nuits) Article 1 : Il est cr\u00e9\u00e9 entre les &hellip; <a href=\"https:\/\/www.cotedenuits.fr\/es\/categorie-2\/les-statuts\/\" class=\"more-link\">Continue reading <span class=\"screen-reader-text\">Les statuts<\/span> <span class=\"meta-nav\">&rarr;<\/span><\/a><\/p>\n","protected":false},"author":1,"featured_media":0,"parent":11,"menu_order":1,"comment_status":"open","ping_status":"closed","template":"","meta":{"footnotes":""},"class_list":["post-33","page","type-page","status-publish","hentry"],"translation":{"provider":"WPGlobus","version":"3.0.2","language":"es","enabled_languages":["en","es","de","fr","pt","it"],"languages":{"en":{"title":true,"content":true,"excerpt":false},"es":{"title":false,"content":false,"excerpt":false},"de":{"title":false,"content":false,"excerpt":false},"fr":{"title":false,"content":false,"excerpt":false},"pt":{"title":false,"content":false,"excerpt":false},"it":{"title":false,"content":false,"excerpt":false}}},"yoast_head":"<!-- This site is optimized with the Yoast SEO plugin v27.4 - https:\/\/yoast.com\/product\/yoast-seo-wordpress\/ -->\n<title>Les statuts - C\u00f4te de Nuits<\/title>\n<meta name=\"robots\" content=\"index, follow, max-snippet:-1, max-image-preview:large, max-video-preview:-1\" \/>\n<link rel=\"canonical\" href=\"https:\/\/www.cotedenuits.fr\/categorie-2\/les-statuts\/\" \/>\n<meta property=\"og:locale\" content=\"es_ES\" \/>\n<meta property=\"og:type\" content=\"article\" \/>\n<meta property=\"og:title\" content=\"Les statuts - C\u00f4te de Nuits\" \/>\n<meta property=\"og:url\" content=\"https:\/\/www.cotedenuits.fr\/categorie-2\/les-statuts\/\" \/>\n<meta property=\"og:site_name\" content=\"C\u00f4te de Nuits\" \/>\n<meta property=\"article:publisher\" content=\"http:\/\/www.facebook.com\/cotedenuits22\" \/>\n<meta property=\"article:modified_time\" content=\"2019-12-12T11:10:00+00:00\" \/>\n<meta property=\"og:image\" content=\"http:\/\/www.cotedenuits.fr\/wp-content\/uploads\/2013\/03\/j.o-du-29-mai-2010-203x300.jpg\" \/>\n<meta name=\"twitter:label1\" content=\"Est. reading time\" \/>\n\t<meta name=\"twitter:data1\" content=\"6 minutes\" \/>\n<script type=\"application\/ld+json\" class=\"yoast-schema-graph\">{\"@context\":\"https:\\\/\\\/schema.org\",\"@graph\":[{\"@type\":\"WebPage\",\"@id\":\"https:\\\/\\\/www.cotedenuits.fr\\\/categorie-2\\\/les-statuts\\\/\",\"url\":\"https:\\\/\\\/www.cotedenuits.fr\\\/categorie-2\\\/les-statuts\\\/\",\"name\":\"Les statuts - C\u00f4te de Nuits\",\"isPartOf\":{\"@id\":\"https:\\\/\\\/www.cotedenuits.fr\\\/#website\"},\"primaryImageOfPage\":{\"@id\":\"https:\\\/\\\/www.cotedenuits.fr\\\/categorie-2\\\/les-statuts\\\/#primaryimage\"},\"image\":{\"@id\":\"https:\\\/\\\/www.cotedenuits.fr\\\/categorie-2\\\/les-statuts\\\/#primaryimage\"},\"thumbnailUrl\":\"http:\\\/\\\/www.cotedenuits.fr\\\/wp-content\\\/uploads\\\/2013\\\/03\\\/j.o-du-29-mai-2010-203x300.jpg\",\"datePublished\":\"2013-03-15T13:49:07+00:00\",\"dateModified\":\"2019-12-12T11:10:00+00:00\",\"breadcrumb\":{\"@id\":\"https:\\\/\\\/www.cotedenuits.fr\\\/categorie-2\\\/les-statuts\\\/#breadcrumb\"},\"inLanguage\":\"es-ES\",\"potentialAction\":[{\"@type\":\"ReadAction\",\"target\":[\"https:\\\/\\\/www.cotedenuits.fr\\\/categorie-2\\\/les-statuts\\\/\"]}]},{\"@type\":\"ImageObject\",\"inLanguage\":\"es-ES\",\"@id\":\"https:\\\/\\\/www.cotedenuits.fr\\\/categorie-2\\\/les-statuts\\\/#primaryimage\",\"url\":\"http:\\\/\\\/www.cotedenuits.fr\\\/wp-content\\\/uploads\\\/2013\\\/03\\\/j.o-du-29-mai-2010-203x300.jpg\",\"contentUrl\":\"http:\\\/\\\/www.cotedenuits.fr\\\/wp-content\\\/uploads\\\/2013\\\/03\\\/j.o-du-29-mai-2010-203x300.jpg\"},{\"@type\":\"BreadcrumbList\",\"@id\":\"https:\\\/\\\/www.cotedenuits.fr\\\/categorie-2\\\/les-statuts\\\/#breadcrumb\",\"itemListElement\":[{\"@type\":\"ListItem\",\"position\":1,\"name\":\"L&#8217;association\",\"item\":\"https:\\\/\\\/www.cotedenuits.fr\\\/categorie-2\\\/\"},{\"@type\":\"ListItem\",\"position\":2,\"name\":\"Les statuts\"}]},{\"@type\":\"WebSite\",\"@id\":\"https:\\\/\\\/www.cotedenuits.fr\\\/#website\",\"url\":\"https:\\\/\\\/www.cotedenuits.fr\\\/\",\"name\":\"C\u00f4te de Nuits\",\"description\":\"un Bateau, une Association\",\"potentialAction\":[{\"@type\":\"SearchAction\",\"target\":{\"@type\":\"EntryPoint\",\"urlTemplate\":\"https:\\\/\\\/www.cotedenuits.fr\\\/?s={search_term_string}\"},\"query-input\":{\"@type\":\"PropertyValueSpecification\",\"valueRequired\":true,\"valueName\":\"search_term_string\"}}],\"inLanguage\":\"es-ES\"}]}<\/script>\n<!-- \/ Yoast SEO plugin. -->","yoast_head_json":{"title":"Les statuts - C\u00f4te de Nuits","robots":{"index":"index","follow":"follow","max-snippet":"max-snippet:-1","max-image-preview":"max-image-preview:large","max-video-preview":"max-video-preview:-1"},"canonical":"https:\/\/www.cotedenuits.fr\/categorie-2\/les-statuts\/","og_locale":"es_ES","og_type":"article","og_title":"Les statuts - C\u00f4te de Nuits","og_url":"https:\/\/www.cotedenuits.fr\/categorie-2\/les-statuts\/","og_site_name":"C\u00f4te de Nuits","article_publisher":"http:\/\/www.facebook.com\/cotedenuits22","article_modified_time":"2019-12-12T11:10:00+00:00","og_image":[{"url":"http:\/\/www.cotedenuits.fr\/wp-content\/uploads\/2013\/03\/j.o-du-29-mai-2010-203x300.jpg","type":"","width":"","height":""}],"twitter_misc":{"Est. reading time":"6 minutes"},"schema":{"@context":"https:\/\/schema.org","@graph":[{"@type":"WebPage","@id":"https:\/\/www.cotedenuits.fr\/categorie-2\/les-statuts\/","url":"https:\/\/www.cotedenuits.fr\/categorie-2\/les-statuts\/","name":"Les statuts - C\u00f4te de Nuits","isPartOf":{"@id":"https:\/\/www.cotedenuits.fr\/#website"},"primaryImageOfPage":{"@id":"https:\/\/www.cotedenuits.fr\/categorie-2\/les-statuts\/#primaryimage"},"image":{"@id":"https:\/\/www.cotedenuits.fr\/categorie-2\/les-statuts\/#primaryimage"},"thumbnailUrl":"http:\/\/www.cotedenuits.fr\/wp-content\/uploads\/2013\/03\/j.o-du-29-mai-2010-203x300.jpg","datePublished":"2013-03-15T13:49:07+00:00","dateModified":"2019-12-12T11:10:00+00:00","breadcrumb":{"@id":"https:\/\/www.cotedenuits.fr\/categorie-2\/les-statuts\/#breadcrumb"},"inLanguage":"es-ES","potentialAction":[{"@type":"ReadAction","target":["https:\/\/www.cotedenuits.fr\/categorie-2\/les-statuts\/"]}]},{"@type":"ImageObject","inLanguage":"es-ES","@id":"https:\/\/www.cotedenuits.fr\/categorie-2\/les-statuts\/#primaryimage","url":"http:\/\/www.cotedenuits.fr\/wp-content\/uploads\/2013\/03\/j.o-du-29-mai-2010-203x300.jpg","contentUrl":"http:\/\/www.cotedenuits.fr\/wp-content\/uploads\/2013\/03\/j.o-du-29-mai-2010-203x300.jpg"},{"@type":"BreadcrumbList","@id":"https:\/\/www.cotedenuits.fr\/categorie-2\/les-statuts\/#breadcrumb","itemListElement":[{"@type":"ListItem","position":1,"name":"L&#8217;association","item":"https:\/\/www.cotedenuits.fr\/categorie-2\/"},{"@type":"ListItem","position":2,"name":"Les statuts"}]},{"@type":"WebSite","@id":"https:\/\/www.cotedenuits.fr\/#website","url":"https:\/\/www.cotedenuits.fr\/","name":"C\u00f4te de Nuits","description":"un Bateau, une Association","potentialAction":[{"@type":"SearchAction","target":{"@type":"EntryPoint","urlTemplate":"https:\/\/www.cotedenuits.fr\/?s={search_term_string}"},"query-input":{"@type":"PropertyValueSpecification","valueRequired":true,"valueName":"search_term_string"}}],"inLanguage":"es-ES"}]}},"_links":{"self":[{"href":"https:\/\/www.cotedenuits.fr\/es\/wp-json\/wp\/v2\/pages\/33","targetHints":{"allow":["GET"]}}],"collection":[{"href":"https:\/\/www.cotedenuits.fr\/es\/wp-json\/wp\/v2\/pages"}],"about":[{"href":"https:\/\/www.cotedenuits.fr\/es\/wp-json\/wp\/v2\/types\/page"}],"author":[{"embeddable":true,"href":"https:\/\/www.cotedenuits.fr\/es\/wp-json\/wp\/v2\/users\/1"}],"replies":[{"embeddable":true,"href":"https:\/\/www.cotedenuits.fr\/es\/wp-json\/wp\/v2\/comments?post=33"}],"version-history":[{"count":13,"href":"https:\/\/www.cotedenuits.fr\/es\/wp-json\/wp\/v2\/pages\/33\/revisions"}],"predecessor-version":[{"id":1308,"href":"https:\/\/www.cotedenuits.fr\/es\/wp-json\/wp\/v2\/pages\/33\/revisions\/1308"}],"up":[{"embeddable":true,"href":"https:\/\/www.cotedenuits.fr\/es\/wp-json\/wp\/v2\/pages\/11"}],"wp:attachment":[{"href":"https:\/\/www.cotedenuits.fr\/es\/wp-json\/wp\/v2\/media?parent=33"}],"curies":[{"name":"wp","href":"https:\/\/api.w.org\/{rel}","templated":true}]}}