{"id":27,"date":"2013-03-15T14:16:14","date_gmt":"2013-03-15T13:16:14","guid":{"rendered":"http:\/\/www.cotedenuits.fr\/?page_id=27"},"modified":"2021-12-18T18:19:44","modified_gmt":"2021-12-18T17:19:44","slug":"le-capitaine","status":"publish","type":"page","link":"https:\/\/www.cotedenuits.fr\/es\/categorie-1\/le-capitaine\/","title":{"rendered":"Le Capitaine"},"content":{"rendered":"<p align=\"center\"><a href=\"http:\/\/www.cotedenuits.fr\/wp-content\/uploads\/2013\/03\/patrick-sur-son-voilier.jpg\"><img loading=\"lazy\" decoding=\"async\" class=\"alignnone size-medium wp-image-107\" src=\"http:\/\/www.cotedenuits.fr\/wp-content\/uploads\/2013\/03\/patrick-sur-son-voilier-225x300.jpg\" alt=\"patrick sur son voilier\" width=\"152\" height=\"201\" \/><\/a>\u00a0 <img loading=\"lazy\" decoding=\"async\" class=\"alignnone size-medium wp-image-83\" style=\"width: 175px;\" src=\"http:\/\/www.cotedenuits.fr\/wp-content\/uploads\/2013\/03\/DSC00501-261x300.jpg\" alt=\"Captain Patrick\" width=\"189\" height=\"210\" \/>\u00a0 <a href=\"http:\/\/www.cotedenuits.fr\/wp-content\/uploads\/2013\/03\/IMG_6483.jpg\"><img loading=\"lazy\" decoding=\"async\" class=\"alignnone size-medium wp-image-84\" src=\"http:\/\/www.cotedenuits.fr\/wp-content\/uploads\/2013\/03\/IMG_6483-300x200.jpg\" alt=\"IMG_6483\" width=\"300\" height=\"200\" srcset=\"https:\/\/www.cotedenuits.fr\/wp-content\/uploads\/2013\/03\/IMG_6483-300x200.jpg 300w, https:\/\/www.cotedenuits.fr\/wp-content\/uploads\/2013\/03\/IMG_6483-1024x682.jpg 1024w, https:\/\/www.cotedenuits.fr\/wp-content\/uploads\/2013\/03\/IMG_6483-624x416.jpg 624w\" sizes=\"auto, (max-width: 300px) 100vw, 300px\" \/><\/a><\/p>\n<h1 align=\"center\"><strong><span style=\"color: #ff0000;\">Patrick VINCENT<\/span> <\/strong><\/h1>\n<p style=\"text-align: justify;\" align=\"center\">N\u00e9 le 22 Mai 1950 \u00e0 l&#8217;H\u00f4pital Militaire de Saint Mand\u00e9 &#8211; 1 fr\u00e8re et 3 soeurs.<br \/>\nMon Papa, de p\u00e8re Breton (n\u00e9 \u00e0 Brest) m\u00e9decin ORL \u00e0 Paris, rejoint \u00e0 24 ans les FFL \u00e0 l&#8217;Appel du G\u00e9n\u00e9ral de Gaulle sur un bateau de p\u00eache, part pour la Libye&#8230; termine la guerre et \u00e9pouse ma m\u00e8re en 1946 \u00e0 Nancy. Nombreuses villes de garnison et abandon de l&#8217;arm\u00e9e en 1960 pour terminer sa carri\u00e8re dans le textile \u00e0 G\u00e9rardmer. Heureusement le Grand-P\u00e8re avait construit un paradis \u00e0 Penvern dans les C\u00f4tes d&#8217;Armor o\u00f9 nous passions tous nos \u00e9t\u00e9s dans les arbres et sur la mer avec Papa qui se servait de nous pour tester si la dynamo produisait bien son courant ! Donc sur l&#8217;eau depuis tout petit puis, au fil des ann\u00e9es et des rencontres bretonnes, on se met au d\u00e9riveur et plus tard \u00e0 la croisi\u00e8re avec Bruno qui poss\u00e8de un bateau : nombreuses vadrouilles sur la Manche par tous les temps et au hasard des vents, la bonne \u00e9cole ! De toutes fa\u00e7ons avec des ascendants corsaires et un Capitaine au Long Cour (dipl\u00f4me d\u00e9livr\u00e9 par le Roi \u00e0 Achille Vincent en 1831) du c\u00f4t\u00e9 de mon p\u00e8re et aussi avec des ascendants Vikings (Ingold) du c\u00f4t\u00e9 de ma m\u00e8re, je n&#8217;y suis pour rien si la mer m&#8217;attire !<\/p>\n<p style=\"text-align: justify;\" align=\"center\"><a href=\"http:\/\/www.cotedenuits.fr\/wp-content\/uploads\/2013\/03\/pat-boat-jeune.jpg\"><img loading=\"lazy\" decoding=\"async\" class=\"alignnone size-medium wp-image-102\" src=\"http:\/\/www.cotedenuits.fr\/wp-content\/uploads\/2013\/03\/pat-boat-jeune-202x300.jpg\" alt=\"pat boat jeune\" width=\"202\" height=\"300\" srcset=\"https:\/\/www.cotedenuits.fr\/wp-content\/uploads\/2013\/03\/pat-boat-jeune-202x300.jpg 202w, https:\/\/www.cotedenuits.fr\/wp-content\/uploads\/2013\/03\/pat-boat-jeune.jpg 431w\" sizes=\"auto, (max-width: 202px) 100vw, 202px\" \/><\/a><br \/>\nMari\u00e9 en 1975 et en 1976, achat de Trident, une go\u00e9lette de 24m en teck, construite en 1908 \u00e0 l&#8217;Ile de Wight, amarr\u00e9e sur la Seine. D\u00e9buts de remise en \u00e9tat pour un tour du monde (c&#8217;\u00e9tait la mode de l&#8217;\u00e9poque apr\u00e8s 68) mais, alors que je travaillais dans le d\u00e9sert Alg\u00e9rien, elle coule. Renflou\u00e9e, je m&#8217;en d\u00e9barrasse \u00e0 contre c\u0153ur.<\/p>\n<p style=\"text-align: justify;\" align=\"center\"><a href=\"http:\/\/www.cotedenuits.fr\/wp-content\/uploads\/2013\/03\/trident.jpg\"><img loading=\"lazy\" decoding=\"async\" class=\"alignnone size-medium wp-image-97\" src=\"http:\/\/www.cotedenuits.fr\/wp-content\/uploads\/2013\/03\/trident-300x192.jpg\" alt=\"trident\" width=\"300\" height=\"192\" srcset=\"https:\/\/www.cotedenuits.fr\/wp-content\/uploads\/2013\/03\/trident-300x192.jpg 300w, https:\/\/www.cotedenuits.fr\/wp-content\/uploads\/2013\/03\/trident-624x400.jpg 624w, https:\/\/www.cotedenuits.fr\/wp-content\/uploads\/2013\/03\/trident.jpg 640w\" sizes=\"auto, (max-width: 300px) 100vw, 300px\" \/><\/a>\u00a0<a href=\"http:\/\/www.cotedenuits.fr\/wp-content\/uploads\/2013\/03\/camille.jpg\"><img loading=\"lazy\" decoding=\"async\" class=\"alignnone size-medium wp-image-98\" src=\"http:\/\/www.cotedenuits.fr\/wp-content\/uploads\/2013\/03\/camille-207x300.jpg\" alt=\"camille\" width=\"207\" height=\"300\" srcset=\"https:\/\/www.cotedenuits.fr\/wp-content\/uploads\/2013\/03\/camille-207x300.jpg 207w, https:\/\/www.cotedenuits.fr\/wp-content\/uploads\/2013\/03\/camille.jpg 442w\" sizes=\"auto, (max-width: 207px) 100vw, 207px\" \/><\/a><br \/>\nUn peu de voile \u00e0 Singapour en 1978 alors que je travaillais sur l&#8217;\u00eele de Born\u00e9o et plus tard un peu plus de voile sur les diff\u00e9rents voiliers en copropri\u00e9t\u00e9 familiale (cadeau de Papa !) dont le dernier \u00e9tait un Baroudeur. La copropri\u00e9t\u00e9 d&#8217;un bateau n&#8217;est pas la chose la plus facile qu&#8217;il soit surtout lorsque l&#8217;on est pointilleux sur la s\u00e9curit\u00e9 alors il s&#8217;en est suivi quelques ann\u00e9es d&#8217;abstinence. L&#8217;occasion d&#8217;un retour d&#8217;une TransM\u00e9diterran\u00e9e des Passionn\u00e9s me fait traverser cette mer que je ne connaissais que peu, la M\u00e9diterran\u00e9e, si ce n&#8217;est comme passager Alger -&gt; Marseille ou Marseille -&gt; Alger quand l&#8217;Alg\u00e9rie \u00e9tait un de mes pays \u00e0 couvrir pour le travail. Tunis -&gt; c\u00f4te Est de la Sardaigne -&gt; c\u00f4te Est de la Corse et Toulon sur un Sun Rise. Beau souvenir, belle exp\u00e9rience aussi. Puis la &#8220;p\u00e9tole&#8221; (expression qui veut dire qu&#8217;il n&#8217;y a aucun vent) jusqu&#8217;\u00e0 ce qu&#8217;une p\u00e9riode &#8220;d&#8217;inactivit\u00e9&#8221; relance en moi l&#8217;id\u00e9e de r\u00e9aliser mon dernier r\u00eave (en renon\u00e7ant \u00e0 mes deux premiers puisque d\u00e9j\u00e0 r\u00e9alis\u00e9s) : le tour du Monde d&#8217;o\u00f9 les \u00e9pisodes \u00e0 d\u00e9couvrir d&#8217;ici peu de\u00a0 <b>la D\u00e9couverte de C\u00f4te de Nuits <\/b>puis le <b>descriptif de C\u00f4te de Nuits<\/b> et bien entendu <b>LA Travers\u00e9e de l&#8217;Atlantique<\/b>\u00a0en 2006\u00a0pour ramener C\u00f4te de Nuits vers son pays natal. J&#8217;ai repris les textes du blog de l&#8217;\u00e9poque sauf les commentaires.<a href=\"http:\/\/www.cotedenuits.fr\/wp-content\/uploads\/2013\/03\/trace-3.jpg\"><img loading=\"lazy\" decoding=\"async\" class=\"alignnone size-medium wp-image-104\" src=\"http:\/\/www.cotedenuits.fr\/wp-content\/uploads\/2013\/03\/trace-3-300x240.jpg\" alt=\"trace 3\" width=\"300\" height=\"240\" srcset=\"https:\/\/www.cotedenuits.fr\/wp-content\/uploads\/2013\/03\/trace-3-300x240.jpg 300w, https:\/\/www.cotedenuits.fr\/wp-content\/uploads\/2013\/03\/trace-3-624x499.jpg 624w, https:\/\/www.cotedenuits.fr\/wp-content\/uploads\/2013\/03\/trace-3.jpg 640w\" sizes=\"auto, (max-width: 300px) 100vw, 300px\" \/><\/a><\/p>\n<p style=\"text-align: justify;\" align=\"center\">D&#8217;une travers\u00e9e comme celle l\u00e0, surtout quand c&#8217;est une premi\u00e8re, on ne revient pas &#8220;intact&#8221;, on d\u00e9barque sur une autre terre avec une autre philosophie, une autre mani\u00e8re de penser et un calme int\u00e9rieur plus profond. L&#8217;envie de repartir, l&#8217;appel du large, de la d\u00e9couverte de pays inconnus peupl\u00e9s de personnes avec qui on peut \u00e9changer et partager comme j&#8217;ai pu le faire il y a trente ans sur l&#8217;\u00cele de Born\u00e9o ou au milieu du d\u00e9sert Alg\u00e9rien, tout \u00e7a, c&#8217;est trop fort ! Pour toutes ces raisons j&#8217;ai pr\u00e9par\u00e9 ce Tour du Monde qui finalement,\u00a0s&#8217;est sold\u00e9 par un &#8220;simple&#8221; tour de l&#8217;Atlantique suite \u00e0 des soucis familiaux.<\/p>\n<p style=\"text-align: justify;\" align=\"center\">Oui, je voulais r\u00e9aliser mon r\u00eave, oui c&#8217;est vrai, mais je ne voulais pas le faire \u00e9go\u00efstement et c&#8217;est pour cette raison que cr\u00e9\u00e9 l&#8217;association &#8220;C\u00f4te de Nuits&#8221; et que j&#8217;ai souhait\u00e9, par l&#8217;op\u00e9ration &#8220;6000 Nautical Miles for a Smile&#8221;, vous emmener tous avec nous et vous faire participer \u00e0 cette aventure qui nous fait d\u00e9barquer \u00e0 Ha\u00efti avec des sacs \u00e0 voile remplis de vos sourires. Cette aventure \u00e0 commenc\u00e9 avec ce projet qui avait deux facettes. L&#8217;une d&#8217;elle \u00e9tait la mise en place d&#8217;un jumelage scolaire qui a d\u00e9bouch\u00e9, gr\u00e2ce \u00e0 l&#8217;autre facette qui est la &#8220;collecte de fond&#8221;, pour le financement de mat\u00e9riel scolaire destin\u00e9 \u00e0 une \u00e9cole Ha\u00eftienne. Chaque Mille Marin &#8220;achet\u00e9&#8221; nous a petit \u00e0 petit rapproch\u00e9 de Ha\u00efti et vous avez pu tout d&#8217;abord suivre la progression de vos Milles Marins au jour le jour puis ensuite suivre C\u00f4te de Nuits gr\u00e2ce au blog relatant notre p\u00e9riple et r\u00e9guli\u00e8rement mis \u00e0 jour.<\/p>\n<p style=\"text-align: justify;\" align=\"center\"><b>&#8220;Si tu veux vivre heureux, prom\u00e8ne-toi avec deux sacs, l&#8217;un pour donner, l&#8217;autre pour recevoir&#8221; <\/b>(proverbe Chinois)<b> <\/b><\/p>\n<p style=\"text-align: justify;\">Article paru sur le Journal Municipal de Neuville sur Oise en Juin 2000. Neuville sur Oise est un petit village rural de 1500 habitants et aussi une des 13 communes qui forment l&#8217;agglom\u00e9ration de Cergy-Pontoise dans le Val d&#8217;Oise.<\/p>\n<p style=\"text-align: justify;\"><a href=\"http:\/\/www.cotedenuits.fr\/wp-content\/uploads\/2013\/03\/num+\u00aeriser0001.jpg\"><img loading=\"lazy\" decoding=\"async\" class=\"alignnone size-medium wp-image-99\" src=\"http:\/\/www.cotedenuits.fr\/wp-content\/uploads\/2013\/03\/num+\u00aeriser0001-221x300.jpg\" alt=\"num+\u00aeriser0001\" width=\"221\" height=\"300\" srcset=\"https:\/\/www.cotedenuits.fr\/wp-content\/uploads\/2013\/03\/num+\u00aeriser0001-221x300.jpg 221w, https:\/\/www.cotedenuits.fr\/wp-content\/uploads\/2013\/03\/num+\u00aeriser0001.jpg 472w\" sizes=\"auto, (max-width: 221px) 100vw, 221px\" \/><\/a> <a href=\"http:\/\/www.cotedenuits.fr\/wp-content\/uploads\/2013\/03\/num+\u00aeriser0002.jpg\"><img loading=\"lazy\" decoding=\"async\" class=\"alignnone size-medium wp-image-100\" src=\"http:\/\/www.cotedenuits.fr\/wp-content\/uploads\/2013\/03\/num+\u00aeriser0002-217x300.jpg\" alt=\"num+\u00aeriser0002\" width=\"217\" height=\"300\" srcset=\"https:\/\/www.cotedenuits.fr\/wp-content\/uploads\/2013\/03\/num+\u00aeriser0002-217x300.jpg 217w, https:\/\/www.cotedenuits.fr\/wp-content\/uploads\/2013\/03\/num+\u00aeriser0002.jpg 465w\" sizes=\"auto, (max-width: 217px) 100vw, 217px\" \/><\/a><\/p>\n<p style=\"text-align: justify;\">Adjoint au Maire en charge des finances, des affaires scolaires et de l&#8217;information; la raison de ne pas briguer un autre mandat \u00e9tait li\u00e9e \u00e0 ce projet qui me tenait \u00e0 c\u0153ur.<\/p>\n<p style=\"text-align: justify;\">La lecture de cet article vous \u00e9clairera sur le pourquoi ou une partie du pourquoi de ce projet : <b><i>&#8220;6000 Nautical Miles for a Smile&#8221;\u00a0.<\/i><\/b><\/p>\n<p style=\"text-align: justify;\"><a href=\"http:\/\/www.cotedenuits.fr\/wp-content\/uploads\/2013\/03\/patrick.jpg\"><img loading=\"lazy\" decoding=\"async\" class=\"alignnone size-medium wp-image-103\" src=\"http:\/\/www.cotedenuits.fr\/wp-content\/uploads\/2013\/03\/patrick-206x300.jpg\" alt=\"patrick\" width=\"206\" height=\"300\" srcset=\"https:\/\/www.cotedenuits.fr\/wp-content\/uploads\/2013\/03\/patrick-206x300.jpg 206w, https:\/\/www.cotedenuits.fr\/wp-content\/uploads\/2013\/03\/patrick.jpg 441w\" sizes=\"auto, (max-width: 206px) 100vw, 206px\" \/><\/a><\/p>\n","protected":false},"excerpt":{"rendered":"<p>\u00a0 \u00a0 Patrick VINCENT N\u00e9 le 22 Mai 1950 \u00e0 l&#8217;H\u00f4pital Militaire de Saint Mand\u00e9 &#8211; 1 fr\u00e8re et 3 soeurs. Mon Papa, de p\u00e8re Breton (n\u00e9 \u00e0 Brest) m\u00e9decin ORL \u00e0 Paris, rejoint \u00e0 24 ans les FFL \u00e0 l&#8217;Appel du G\u00e9n\u00e9ral de Gaulle sur un bateau de p\u00eache, part pour la Libye&#8230; termine &hellip; <a href=\"https:\/\/www.cotedenuits.fr\/es\/categorie-1\/le-capitaine\/\" class=\"more-link\">Continue reading <span class=\"screen-reader-text\">Le Capitaine<\/span> <span class=\"meta-nav\">&rarr;<\/span><\/a><\/p>\n","protected":false},"author":1,"featured_media":0,"parent":12,"menu_order":0,"comment_status":"open","ping_status":"closed","template":"","meta":{"footnotes":""},"class_list":["post-27","page","type-page","status-publish","hentry"],"translation":{"provider":"WPGlobus","version":"3.0.2","language":"es","enabled_languages":["en","es","de","fr","pt","it"],"languages":{"en":{"title":true,"content":true,"excerpt":false},"es":{"title":false,"content":false,"excerpt":false},"de":{"title":false,"content":false,"excerpt":false},"fr":{"title":false,"content":false,"excerpt":false},"pt":{"title":false,"content":false,"excerpt":false},"it":{"title":false,"content":false,"excerpt":false}}},"yoast_head":"<!-- This site is optimized with the Yoast SEO plugin v27.4 - https:\/\/yoast.com\/product\/yoast-seo-wordpress\/ -->\n<title>Le Capitaine - C\u00f4te de Nuits<\/title>\n<meta name=\"robots\" content=\"index, follow, max-snippet:-1, max-image-preview:large, max-video-preview:-1\" \/>\n<link rel=\"canonical\" href=\"https:\/\/www.cotedenuits.fr\/fr\/categorie-1\/le-capitaine\/\" \/>\n<meta property=\"og:locale\" content=\"es_ES\" \/>\n<meta property=\"og:type\" content=\"article\" \/>\n<meta property=\"og:title\" content=\"Le Capitaine - C\u00f4te de Nuits\" \/>\n<meta property=\"og:url\" content=\"https:\/\/www.cotedenuits.fr\/fr\/categorie-1\/le-capitaine\/\" \/>\n<meta property=\"og:site_name\" content=\"C\u00f4te de Nuits\" \/>\n<meta property=\"article:publisher\" content=\"http:\/\/www.facebook.com\/cotedenuits22\" \/>\n<meta property=\"article:modified_time\" content=\"2021-12-18T17:19:44+00:00\" \/>\n<meta property=\"og:image\" content=\"http:\/\/www.cotedenuits.fr\/wp-content\/uploads\/2013\/03\/patrick-sur-son-voilier-225x300.jpg\" \/>\n<meta name=\"twitter:label1\" content=\"Est. reading time\" \/>\n\t<meta name=\"twitter:data1\" content=\"7 minutes\" \/>\n<script type=\"application\/ld+json\" class=\"yoast-schema-graph\">{\"@context\":\"https:\\\/\\\/schema.org\",\"@graph\":[{\"@type\":\"WebPage\",\"@id\":\"https:\\\/\\\/www.cotedenuits.fr\\\/fr\\\/categorie-1\\\/le-capitaine\\\/\",\"url\":\"https:\\\/\\\/www.cotedenuits.fr\\\/fr\\\/categorie-1\\\/le-capitaine\\\/\",\"name\":\"Le Capitaine - C\u00f4te de Nuits\",\"isPartOf\":{\"@id\":\"https:\\\/\\\/www.cotedenuits.fr\\\/#website\"},\"primaryImageOfPage\":{\"@id\":\"https:\\\/\\\/www.cotedenuits.fr\\\/fr\\\/categorie-1\\\/le-capitaine\\\/#primaryimage\"},\"image\":{\"@id\":\"https:\\\/\\\/www.cotedenuits.fr\\\/fr\\\/categorie-1\\\/le-capitaine\\\/#primaryimage\"},\"thumbnailUrl\":\"http:\\\/\\\/www.cotedenuits.fr\\\/wp-content\\\/uploads\\\/2013\\\/03\\\/patrick-sur-son-voilier-225x300.jpg\",\"datePublished\":\"2013-03-15T13:16:14+00:00\",\"dateModified\":\"2021-12-18T17:19:44+00:00\",\"breadcrumb\":{\"@id\":\"https:\\\/\\\/www.cotedenuits.fr\\\/fr\\\/categorie-1\\\/le-capitaine\\\/#breadcrumb\"},\"inLanguage\":\"es-ES\",\"potentialAction\":[{\"@type\":\"ReadAction\",\"target\":[\"https:\\\/\\\/www.cotedenuits.fr\\\/fr\\\/categorie-1\\\/le-capitaine\\\/\"]}]},{\"@type\":\"ImageObject\",\"inLanguage\":\"es-ES\",\"@id\":\"https:\\\/\\\/www.cotedenuits.fr\\\/fr\\\/categorie-1\\\/le-capitaine\\\/#primaryimage\",\"url\":\"http:\\\/\\\/www.cotedenuits.fr\\\/wp-content\\\/uploads\\\/2013\\\/03\\\/patrick-sur-son-voilier-225x300.jpg\",\"contentUrl\":\"http:\\\/\\\/www.cotedenuits.fr\\\/wp-content\\\/uploads\\\/2013\\\/03\\\/patrick-sur-son-voilier-225x300.jpg\"},{\"@type\":\"BreadcrumbList\",\"@id\":\"https:\\\/\\\/www.cotedenuits.fr\\\/fr\\\/categorie-1\\\/le-capitaine\\\/#breadcrumb\",\"itemListElement\":[{\"@type\":\"ListItem\",\"position\":1,\"name\":\"Le bateau\",\"item\":\"https:\\\/\\\/www.cotedenuits.fr\\\/categorie-1\\\/\"},{\"@type\":\"ListItem\",\"position\":2,\"name\":\"Le Capitaine\"}]},{\"@type\":\"WebSite\",\"@id\":\"https:\\\/\\\/www.cotedenuits.fr\\\/#website\",\"url\":\"https:\\\/\\\/www.cotedenuits.fr\\\/\",\"name\":\"C\u00f4te de Nuits\",\"description\":\"un Bateau, une Association\",\"potentialAction\":[{\"@type\":\"SearchAction\",\"target\":{\"@type\":\"EntryPoint\",\"urlTemplate\":\"https:\\\/\\\/www.cotedenuits.fr\\\/?s={search_term_string}\"},\"query-input\":{\"@type\":\"PropertyValueSpecification\",\"valueRequired\":true,\"valueName\":\"search_term_string\"}}],\"inLanguage\":\"es-ES\"}]}<\/script>\n<!-- \/ Yoast SEO plugin. -->","yoast_head_json":{"title":"Le Capitaine - C\u00f4te de Nuits","robots":{"index":"index","follow":"follow","max-snippet":"max-snippet:-1","max-image-preview":"max-image-preview:large","max-video-preview":"max-video-preview:-1"},"canonical":"https:\/\/www.cotedenuits.fr\/fr\/categorie-1\/le-capitaine\/","og_locale":"es_ES","og_type":"article","og_title":"Le Capitaine - C\u00f4te de Nuits","og_url":"https:\/\/www.cotedenuits.fr\/fr\/categorie-1\/le-capitaine\/","og_site_name":"C\u00f4te de Nuits","article_publisher":"http:\/\/www.facebook.com\/cotedenuits22","article_modified_time":"2021-12-18T17:19:44+00:00","og_image":[{"url":"http:\/\/www.cotedenuits.fr\/wp-content\/uploads\/2013\/03\/patrick-sur-son-voilier-225x300.jpg","type":"","width":"","height":""}],"twitter_misc":{"Est. reading time":"7 minutes"},"schema":{"@context":"https:\/\/schema.org","@graph":[{"@type":"WebPage","@id":"https:\/\/www.cotedenuits.fr\/fr\/categorie-1\/le-capitaine\/","url":"https:\/\/www.cotedenuits.fr\/fr\/categorie-1\/le-capitaine\/","name":"Le Capitaine - C\u00f4te de Nuits","isPartOf":{"@id":"https:\/\/www.cotedenuits.fr\/#website"},"primaryImageOfPage":{"@id":"https:\/\/www.cotedenuits.fr\/fr\/categorie-1\/le-capitaine\/#primaryimage"},"image":{"@id":"https:\/\/www.cotedenuits.fr\/fr\/categorie-1\/le-capitaine\/#primaryimage"},"thumbnailUrl":"http:\/\/www.cotedenuits.fr\/wp-content\/uploads\/2013\/03\/patrick-sur-son-voilier-225x300.jpg","datePublished":"2013-03-15T13:16:14+00:00","dateModified":"2021-12-18T17:19:44+00:00","breadcrumb":{"@id":"https:\/\/www.cotedenuits.fr\/fr\/categorie-1\/le-capitaine\/#breadcrumb"},"inLanguage":"es-ES","potentialAction":[{"@type":"ReadAction","target":["https:\/\/www.cotedenuits.fr\/fr\/categorie-1\/le-capitaine\/"]}]},{"@type":"ImageObject","inLanguage":"es-ES","@id":"https:\/\/www.cotedenuits.fr\/fr\/categorie-1\/le-capitaine\/#primaryimage","url":"http:\/\/www.cotedenuits.fr\/wp-content\/uploads\/2013\/03\/patrick-sur-son-voilier-225x300.jpg","contentUrl":"http:\/\/www.cotedenuits.fr\/wp-content\/uploads\/2013\/03\/patrick-sur-son-voilier-225x300.jpg"},{"@type":"BreadcrumbList","@id":"https:\/\/www.cotedenuits.fr\/fr\/categorie-1\/le-capitaine\/#breadcrumb","itemListElement":[{"@type":"ListItem","position":1,"name":"Le bateau","item":"https:\/\/www.cotedenuits.fr\/categorie-1\/"},{"@type":"ListItem","position":2,"name":"Le Capitaine"}]},{"@type":"WebSite","@id":"https:\/\/www.cotedenuits.fr\/#website","url":"https:\/\/www.cotedenuits.fr\/","name":"C\u00f4te de Nuits","description":"un Bateau, une Association","potentialAction":[{"@type":"SearchAction","target":{"@type":"EntryPoint","urlTemplate":"https:\/\/www.cotedenuits.fr\/?s={search_term_string}"},"query-input":{"@type":"PropertyValueSpecification","valueRequired":true,"valueName":"search_term_string"}}],"inLanguage":"es-ES"}]}},"_links":{"self":[{"href":"https:\/\/www.cotedenuits.fr\/es\/wp-json\/wp\/v2\/pages\/27","targetHints":{"allow":["GET"]}}],"collection":[{"href":"https:\/\/www.cotedenuits.fr\/es\/wp-json\/wp\/v2\/pages"}],"about":[{"href":"https:\/\/www.cotedenuits.fr\/es\/wp-json\/wp\/v2\/types\/page"}],"author":[{"embeddable":true,"href":"https:\/\/www.cotedenuits.fr\/es\/wp-json\/wp\/v2\/users\/1"}],"replies":[{"embeddable":true,"href":"https:\/\/www.cotedenuits.fr\/es\/wp-json\/wp\/v2\/comments?post=27"}],"version-history":[{"count":20,"href":"https:\/\/www.cotedenuits.fr\/es\/wp-json\/wp\/v2\/pages\/27\/revisions"}],"predecessor-version":[{"id":1537,"href":"https:\/\/www.cotedenuits.fr\/es\/wp-json\/wp\/v2\/pages\/27\/revisions\/1537"}],"up":[{"embeddable":true,"href":"https:\/\/www.cotedenuits.fr\/es\/wp-json\/wp\/v2\/pages\/12"}],"wp:attachment":[{"href":"https:\/\/www.cotedenuits.fr\/es\/wp-json\/wp\/v2\/media?parent=27"}],"curies":[{"name":"wp","href":"https:\/\/api.w.org\/{rel}","templated":true}]}}