{"id":178,"date":"2013-10-13T12:13:11","date_gmt":"2013-10-13T11:13:11","guid":{"rendered":"http:\/\/www.cotedenuits.fr\/?page_id=178"},"modified":"2014-12-22T17:13:54","modified_gmt":"2014-12-22T16:13:54","slug":"n5","status":"publish","type":"page","link":"https:\/\/www.cotedenuits.fr\/es\/les-newsletters\/n5\/","title":{"rendered":"Newsletter 5 &#8211; Oct 2013"},"content":{"rendered":"<h2 style=\"text-align: center;\">L&#8217;association <span style=\"color: #ff0000;\">&#8220;C\u00f4te de Nuits&#8221;<\/span><\/h2>\n<h2 style=\"text-align: center;\">court le &#8220;Paris &#8211; Versailles&#8221;<\/h2>\n<p><a href=\"http:\/\/www.cotedenuits.fr\/wp-content\/uploads\/2013\/10\/Logo-Paris-Versailles.png\"><img loading=\"lazy\" decoding=\"async\" class=\"alignnone size-medium wp-image-191\" src=\"http:\/\/www.cotedenuits.fr\/wp-content\/uploads\/2013\/10\/Logo-Paris-Versailles-300x54.png\" alt=\"Logo Paris Versailles\" width=\"275\" height=\"75\" \/><\/a>\u00a0<span style=\"color: #ff0000;\"><strong>avec<\/strong><\/span> <a href=\"http:\/\/www.cotedenuits.fr\/wp-content\/uploads\/2013\/10\/Logo-Syntonia.jpg\"><img loading=\"lazy\" decoding=\"async\" class=\"alignnone size-medium wp-image-192\" src=\"http:\/\/www.cotedenuits.fr\/wp-content\/uploads\/2013\/10\/Logo-Syntonia-300x75.jpg\" alt=\"Logo Syntonia\" width=\"220\" height=\"36\" \/><\/a><\/p>\n<p><a href=\"http:\/\/www.cotedenuits.fr\/wp-content\/uploads\/2013\/10\/pvcn077.jpg\"><img loading=\"lazy\" decoding=\"async\" class=\"alignnone size-medium wp-image-182\" src=\"http:\/\/www.cotedenuits.fr\/wp-content\/uploads\/2013\/10\/pvcn077-300x137.jpg\" alt=\"pvcn077\" width=\"320\" height=\"161\" \/><\/a>\u00a0 <a href=\"http:\/\/www.cotedenuits.fr\/wp-content\/uploads\/2013\/10\/pvcn076.jpg\"><img loading=\"lazy\" decoding=\"async\" class=\"alignnone size-medium wp-image-181\" src=\"http:\/\/www.cotedenuits.fr\/wp-content\/uploads\/2013\/10\/pvcn076-300x199.jpg\" alt=\"pvcn076\" width=\"221\" height=\"148\" srcset=\"https:\/\/www.cotedenuits.fr\/wp-content\/uploads\/2013\/10\/pvcn076-300x199.jpg 300w, https:\/\/www.cotedenuits.fr\/wp-content\/uploads\/2013\/10\/pvcn076-1024x682.jpg 1024w, https:\/\/www.cotedenuits.fr\/wp-content\/uploads\/2013\/10\/pvcn076.jpg 1280w\" sizes=\"auto, (max-width: 221px) 100vw, 221px\" \/><\/a><\/p>\n<p>Bonjour \u00e0 tous,<\/p>\n<p>Le 29 septembre dernier, 40 coureurs \u00e9taient au d\u00e9part de la Course de renomm\u00e9e internationale, \u2018\u2019La Grande Classique\u2019\u2019 Paris \u2013 Versailles et ce, au profit des 157 enfants Ha\u00eftiens de l\u2019\u00e9cole de La Hatte \u00e0 Saint Louis du Sud dont 58 dorment sur place (orphelins ou parents sans ressource).<\/p>\n<figure id=\"attachment_193\" aria-describedby=\"caption-attachment-193\" style=\"width: 215px\" class=\"wp-caption alignright\"><a href=\"https:\/\/plus.google.com\/photos\/112163562477610582157\/albums\/5931560744501240801?authkey=CJDnp96p1KfyngE\" target=\"_blank\"><img loading=\"lazy\" decoding=\"async\" class=\"wp-image-193 \" title=\"La course\" src=\"http:\/\/www.cotedenuits.fr\/wp-content\/uploads\/2013\/10\/pvcn159-300x199.jpg\" alt=\"Toutes les photos de la course\" width=\"215\" height=\"115\" \/><\/a><figcaption id=\"caption-attachment-193\" class=\"wp-caption-text\">L&#8217;album photo de la course<\/figcaption><\/figure>\n<p><span style=\"color: #ff0000;\"><strong>\u2018\u2019C\u00f4te de Nuits\u2019\u2019<\/strong><\/span> \u00e9tait sponsoris\u00e9e par la Soci\u00e9t\u00e9 <strong>Syntonia<\/strong> qui a vers\u00e9 \u00e0 l\u2019association 2\u20ac par kilom\u00e8tre parcouru et par coureur sans oublier la prise en charge totale des inscriptions \u00e0 cette course, la confection de teeshirts pour les supporters et un sac pour chaque coureur comprenant un teeshirt et une paire de chaussettes pour la course ainsi qu\u2019une serviette microfibre.<\/p>\n<p>La couverture m\u00e9diatique de cet \u00e9v\u00e8nement a \u00e9t\u00e9 effectu\u00e9e par des photographes et des cam\u00e9ramans professionnels tels que l\u2019agence de photo reportage institutionnel &amp; \u00e9v\u00e8nementiel\u00a0: <a title=\"Les Newsletters\" href=\"http:\/\/www.cotedenuits.fr\/?page_id=175\" target=\"_blank\"><strong>&#8220;<em>L\u2019\u0153il du Diaph&#8221;<\/em><\/strong><\/a>\u00a0 sans oublier Thierry Delmonaco (cameraman), G\u00e9rard Dufour (cameraman et photographe) et <em><a href=\"http:\/\/www.clairelisehavet.com\/indexhibit\/\" target=\"_blank\"><strong>Claire-Lise Havet<\/strong><\/a> <\/em>(Cliquez sur la photo &#8221; L&#8217;album de la course&#8221; pour visionner toutes ces photos, vous pouvez aussi t\u00e9l\u00e9charger l&#8217;album si vous le souhaitez. Si vous rencontrez des difficult\u00e9s, cliquez sur le lien suivant : <a href=\"https:\/\/plus.google.com\/photos\/112163562477610582157\/albums\/5931560744501240801?authkey=CJDnp96p1KfyngE\">https:\/\/plus.google.com\/photos\/112163562477610582157\/albums\/5931560744501240801?authkey=CJDnp96p1KfyngE<\/a>\u00a0).<\/p>\n<p>Un film sera r\u00e9alis\u00e9 dans les semaines qui viennent, nous vous avertirons d\u00e8s qu\u2019il sera mis en ligne. Un petit film du d\u00e9part \u00e0 visionner en cliquant sur la photo &#8220;Le D\u00e9part&#8221; ou : <a href=\"http:\/\/www.youtube.com\/watch?v=mPx3zBlGGgc&amp;feature=share&amp;list=UUPrnA7Rfp_9PpmOdZ-yGfow\">http:\/\/www.youtube.com\/watch?v=mPx3zBlGGgc&amp;feature=share&amp;list=UUPrnA7Rfp_9PpmOdZ-yGfow<\/a><\/p>\n<figure id=\"attachment_184\" aria-describedby=\"caption-attachment-184\" style=\"width: 183px\" class=\"wp-caption aligncenter\"><a href=\"http:\/\/www.youtube.com\/watch?v=mPx3zBlGGgc&amp;feature=share&amp;list=UUPrnA7Rfp_9PpmOdZ-yGfow\"><img loading=\"lazy\" decoding=\"async\" class=\"wp-image-184   \" title=\"Petite vid\u00e9o du d\u00e9part\" src=\"http:\/\/www.cotedenuits.fr\/wp-content\/uploads\/2013\/10\/pvcn095-300x199.jpg\" alt=\"\" width=\"183\" height=\"129\" \/><\/a><figcaption id=\"caption-attachment-184\" class=\"wp-caption-text\">Le d\u00e9part<\/figcaption><\/figure>\n<p>Pour ceux qui ne vivent pas \u00e0 100 \u00e0 l\u2019heure, en \u2018\u2019naviguant\u2019\u2019 un peu sur cette page vous pourrez aussi arriver sur <em>You Tube<\/em> en passant par le profil de Patrick et vous pourrez alors visionner les diff\u00e9rents petits films qui ont \u00e9t\u00e9 r\u00e9alis\u00e9s lors du tour de l\u2019Atlantique du voilier \u2018\u2019C\u00f4te de Nuits\u2019\u2019 pour de l\u2019op\u00e9ration \u2018\u20196000 Milles Nautiques pour Un Sourire\u2019\u2019 avec notamment un film r\u00e9alis\u00e9 \u00e0 l&#8217;\u00e9cole.\u00a0 Attention au mal de mer mais que de belles images\u00a0! Si vous n\u2019y arrivez pas cliquez sur l&#8217;image ou sur le lien <a href=\"http:\/\/www.youtube.com\/user\/cotedenuits22\/videos\">http:\/\/www.youtube.com\/user\/cotedenuits22\/videos<\/a>\u00a0<a title=\"Vid\u00e9os Ha\u00efti et tour de l'Atlantique\" href=\"http:\/\/www.youtube.com\/user\/cotedenuits22\/videos\" target=\"_blank\"><img loading=\"lazy\" decoding=\"async\" class=\"alignnone  wp-image-196\" src=\"http:\/\/www.cotedenuits.fr\/wp-content\/uploads\/2013\/10\/Tour-de-lAtlantique-300x205.jpg\" alt=\"Tour de l'Atlantique\" width=\"233\" height=\"169\" \/><\/a><\/p>\n<p>Le don de la Soci\u00e9t\u00e9 Syntonia servira \u00e0 acheter des vaches pour l&#8217;\u00e9cole afin que les enfants puissent avoir du lait tous les jours car ils ont un grand besoin de prot\u00e9ines.<\/p>\n<p><strong>Merci \u00e0 tous pour cette bonne journ\u00e9e,<\/strong><\/p>\n<figure id=\"attachment_180\" aria-describedby=\"caption-attachment-180\" style=\"width: 300px\" class=\"wp-caption alignnone\"><a href=\"http:\/\/www.cotedenuits.fr\/wp-content\/uploads\/2013\/10\/pvcn012.jpg\"><img loading=\"lazy\" decoding=\"async\" class=\"size-medium wp-image-180\" src=\"http:\/\/www.cotedenuits.fr\/wp-content\/uploads\/2013\/10\/pvcn012-300x199.jpg\" alt=\"pvcn012\" width=\"300\" height=\"199\" srcset=\"https:\/\/www.cotedenuits.fr\/wp-content\/uploads\/2013\/10\/pvcn012-300x199.jpg 300w, https:\/\/www.cotedenuits.fr\/wp-content\/uploads\/2013\/10\/pvcn012-1024x682.jpg 1024w, https:\/\/www.cotedenuits.fr\/wp-content\/uploads\/2013\/10\/pvcn012.jpg 1280w\" sizes=\"auto, (max-width: 300px) 100vw, 300px\" \/><\/a><figcaption id=\"caption-attachment-180\" class=\"wp-caption-text\"><strong><em>Eric (Syntonia), Patrick et Marc<\/em><\/strong><\/figcaption><\/figure>\n<p><a href=\"http:\/\/www.cotedenuits.fr\/wp-content\/uploads\/2013\/09\/cote-de-nuits-r\u00e9duit.jpg\"><img loading=\"lazy\" decoding=\"async\" class=\"alignnone size-medium wp-image-165\" src=\"http:\/\/www.cotedenuits.fr\/wp-content\/uploads\/2013\/09\/cote-de-nuits-r\u00e9duit-300x300.jpg\" alt=\"cote de nuits r\u00e9duit\" width=\"111\" height=\"83\" \/><\/a><\/p>\n<p>&nbsp;<\/p>\n","protected":false},"excerpt":{"rendered":"<p>L&#8217;association &#8220;C\u00f4te de Nuits&#8221; court le &#8220;Paris &#8211; Versailles&#8221; \u00a0avec \u00a0 Bonjour \u00e0 tous, Le 29 septembre dernier, 40 coureurs \u00e9taient au d\u00e9part de la Course de renomm\u00e9e internationale, \u2018\u2019La Grande Classique\u2019\u2019 Paris \u2013 Versailles et ce, au profit des 157 enfants Ha\u00eftiens de l\u2019\u00e9cole de La Hatte \u00e0 Saint Louis du Sud dont 58 &hellip; <a href=\"https:\/\/www.cotedenuits.fr\/es\/les-newsletters\/n5\/\" class=\"more-link\">Continue reading <span class=\"screen-reader-text\">Newsletter 5 &#8211; Oct 2013<\/span> <span class=\"meta-nav\">&rarr;<\/span><\/a><\/p>\n","protected":false},"author":1,"featured_media":0,"parent":175,"menu_order":2,"comment_status":"closed","ping_status":"open","template":"","meta":{"footnotes":""},"class_list":["post-178","page","type-page","status-publish","hentry"],"translation":{"provider":"WPGlobus","version":"3.0.2","language":"es","enabled_languages":["en","es","de","fr","pt","it"],"languages":{"en":{"title":true,"content":true,"excerpt":false},"es":{"title":false,"content":false,"excerpt":false},"de":{"title":false,"content":false,"excerpt":false},"fr":{"title":false,"content":false,"excerpt":false},"pt":{"title":false,"content":false,"excerpt":false},"it":{"title":false,"content":false,"excerpt":false}}},"yoast_head":"<!-- This site is optimized with the Yoast SEO plugin v27.4 - https:\/\/yoast.com\/product\/yoast-seo-wordpress\/ -->\n<title>Newsletter 5 - Oct 2013 - C\u00f4te de Nuits<\/title>\n<meta name=\"robots\" content=\"index, follow, max-snippet:-1, max-image-preview:large, max-video-preview:-1\" \/>\n<link rel=\"canonical\" href=\"https:\/\/www.cotedenuits.fr\/les-newsletters\/n5\/\" \/>\n<meta property=\"og:locale\" content=\"es_ES\" \/>\n<meta property=\"og:type\" content=\"article\" \/>\n<meta property=\"og:title\" content=\"Newsletter 5 - Oct 2013 - C\u00f4te de Nuits\" \/>\n<meta property=\"og:url\" content=\"https:\/\/www.cotedenuits.fr\/les-newsletters\/n5\/\" \/>\n<meta property=\"og:site_name\" content=\"C\u00f4te de Nuits\" \/>\n<meta property=\"article:publisher\" content=\"http:\/\/www.facebook.com\/cotedenuits22\" \/>\n<meta property=\"article:modified_time\" content=\"2014-12-22T16:13:54+00:00\" \/>\n<meta property=\"og:image\" content=\"http:\/\/www.cotedenuits.fr\/wp-content\/uploads\/2013\/10\/Logo-Paris-Versailles-300x54.png\" \/>\n<meta name=\"twitter:label1\" content=\"Est. reading time\" \/>\n\t<meta name=\"twitter:data1\" content=\"2 minutes\" \/>\n<script type=\"application\/ld+json\" class=\"yoast-schema-graph\">{\"@context\":\"https:\\\/\\\/schema.org\",\"@graph\":[{\"@type\":\"WebPage\",\"@id\":\"https:\\\/\\\/www.cotedenuits.fr\\\/les-newsletters\\\/n5\\\/\",\"url\":\"https:\\\/\\\/www.cotedenuits.fr\\\/les-newsletters\\\/n5\\\/\",\"name\":\"Newsletter 5 - Oct 2013 - C\u00f4te de Nuits\",\"isPartOf\":{\"@id\":\"https:\\\/\\\/www.cotedenuits.fr\\\/#website\"},\"primaryImageOfPage\":{\"@id\":\"https:\\\/\\\/www.cotedenuits.fr\\\/les-newsletters\\\/n5\\\/#primaryimage\"},\"image\":{\"@id\":\"https:\\\/\\\/www.cotedenuits.fr\\\/les-newsletters\\\/n5\\\/#primaryimage\"},\"thumbnailUrl\":\"http:\\\/\\\/www.cotedenuits.fr\\\/wp-content\\\/uploads\\\/2013\\\/10\\\/Logo-Paris-Versailles-300x54.png\",\"datePublished\":\"2013-10-13T11:13:11+00:00\",\"dateModified\":\"2014-12-22T16:13:54+00:00\",\"breadcrumb\":{\"@id\":\"https:\\\/\\\/www.cotedenuits.fr\\\/les-newsletters\\\/n5\\\/#breadcrumb\"},\"inLanguage\":\"es-ES\",\"potentialAction\":[{\"@type\":\"ReadAction\",\"target\":[\"https:\\\/\\\/www.cotedenuits.fr\\\/les-newsletters\\\/n5\\\/\"]}]},{\"@type\":\"ImageObject\",\"inLanguage\":\"es-ES\",\"@id\":\"https:\\\/\\\/www.cotedenuits.fr\\\/les-newsletters\\\/n5\\\/#primaryimage\",\"url\":\"http:\\\/\\\/www.cotedenuits.fr\\\/wp-content\\\/uploads\\\/2013\\\/10\\\/Logo-Paris-Versailles-300x54.png\",\"contentUrl\":\"http:\\\/\\\/www.cotedenuits.fr\\\/wp-content\\\/uploads\\\/2013\\\/10\\\/Logo-Paris-Versailles-300x54.png\"},{\"@type\":\"BreadcrumbList\",\"@id\":\"https:\\\/\\\/www.cotedenuits.fr\\\/les-newsletters\\\/n5\\\/#breadcrumb\",\"itemListElement\":[{\"@type\":\"ListItem\",\"position\":1,\"name\":\"Les Newsletters\",\"item\":\"https:\\\/\\\/www.cotedenuits.fr\\\/it\\\/les-newsletters\\\/\"},{\"@type\":\"ListItem\",\"position\":2,\"name\":\"Newsletter 5 &#8211; Oct 2013\"}]},{\"@type\":\"WebSite\",\"@id\":\"https:\\\/\\\/www.cotedenuits.fr\\\/#website\",\"url\":\"https:\\\/\\\/www.cotedenuits.fr\\\/\",\"name\":\"C\u00f4te de Nuits\",\"description\":\"un Bateau, une Association\",\"potentialAction\":[{\"@type\":\"SearchAction\",\"target\":{\"@type\":\"EntryPoint\",\"urlTemplate\":\"https:\\\/\\\/www.cotedenuits.fr\\\/?s={search_term_string}\"},\"query-input\":{\"@type\":\"PropertyValueSpecification\",\"valueRequired\":true,\"valueName\":\"search_term_string\"}}],\"inLanguage\":\"es-ES\"}]}<\/script>\n<!-- \/ Yoast SEO plugin. -->","yoast_head_json":{"title":"Newsletter 5 - Oct 2013 - C\u00f4te de Nuits","robots":{"index":"index","follow":"follow","max-snippet":"max-snippet:-1","max-image-preview":"max-image-preview:large","max-video-preview":"max-video-preview:-1"},"canonical":"https:\/\/www.cotedenuits.fr\/les-newsletters\/n5\/","og_locale":"es_ES","og_type":"article","og_title":"Newsletter 5 - Oct 2013 - C\u00f4te de Nuits","og_url":"https:\/\/www.cotedenuits.fr\/les-newsletters\/n5\/","og_site_name":"C\u00f4te de Nuits","article_publisher":"http:\/\/www.facebook.com\/cotedenuits22","article_modified_time":"2014-12-22T16:13:54+00:00","og_image":[{"url":"http:\/\/www.cotedenuits.fr\/wp-content\/uploads\/2013\/10\/Logo-Paris-Versailles-300x54.png","type":"","width":"","height":""}],"twitter_misc":{"Est. reading time":"2 minutes"},"schema":{"@context":"https:\/\/schema.org","@graph":[{"@type":"WebPage","@id":"https:\/\/www.cotedenuits.fr\/les-newsletters\/n5\/","url":"https:\/\/www.cotedenuits.fr\/les-newsletters\/n5\/","name":"Newsletter 5 - Oct 2013 - C\u00f4te de Nuits","isPartOf":{"@id":"https:\/\/www.cotedenuits.fr\/#website"},"primaryImageOfPage":{"@id":"https:\/\/www.cotedenuits.fr\/les-newsletters\/n5\/#primaryimage"},"image":{"@id":"https:\/\/www.cotedenuits.fr\/les-newsletters\/n5\/#primaryimage"},"thumbnailUrl":"http:\/\/www.cotedenuits.fr\/wp-content\/uploads\/2013\/10\/Logo-Paris-Versailles-300x54.png","datePublished":"2013-10-13T11:13:11+00:00","dateModified":"2014-12-22T16:13:54+00:00","breadcrumb":{"@id":"https:\/\/www.cotedenuits.fr\/les-newsletters\/n5\/#breadcrumb"},"inLanguage":"es-ES","potentialAction":[{"@type":"ReadAction","target":["https:\/\/www.cotedenuits.fr\/les-newsletters\/n5\/"]}]},{"@type":"ImageObject","inLanguage":"es-ES","@id":"https:\/\/www.cotedenuits.fr\/les-newsletters\/n5\/#primaryimage","url":"http:\/\/www.cotedenuits.fr\/wp-content\/uploads\/2013\/10\/Logo-Paris-Versailles-300x54.png","contentUrl":"http:\/\/www.cotedenuits.fr\/wp-content\/uploads\/2013\/10\/Logo-Paris-Versailles-300x54.png"},{"@type":"BreadcrumbList","@id":"https:\/\/www.cotedenuits.fr\/les-newsletters\/n5\/#breadcrumb","itemListElement":[{"@type":"ListItem","position":1,"name":"Les Newsletters","item":"https:\/\/www.cotedenuits.fr\/it\/les-newsletters\/"},{"@type":"ListItem","position":2,"name":"Newsletter 5 &#8211; Oct 2013"}]},{"@type":"WebSite","@id":"https:\/\/www.cotedenuits.fr\/#website","url":"https:\/\/www.cotedenuits.fr\/","name":"C\u00f4te de Nuits","description":"un Bateau, une Association","potentialAction":[{"@type":"SearchAction","target":{"@type":"EntryPoint","urlTemplate":"https:\/\/www.cotedenuits.fr\/?s={search_term_string}"},"query-input":{"@type":"PropertyValueSpecification","valueRequired":true,"valueName":"search_term_string"}}],"inLanguage":"es-ES"}]}},"_links":{"self":[{"href":"https:\/\/www.cotedenuits.fr\/es\/wp-json\/wp\/v2\/pages\/178","targetHints":{"allow":["GET"]}}],"collection":[{"href":"https:\/\/www.cotedenuits.fr\/es\/wp-json\/wp\/v2\/pages"}],"about":[{"href":"https:\/\/www.cotedenuits.fr\/es\/wp-json\/wp\/v2\/types\/page"}],"author":[{"embeddable":true,"href":"https:\/\/www.cotedenuits.fr\/es\/wp-json\/wp\/v2\/users\/1"}],"replies":[{"embeddable":true,"href":"https:\/\/www.cotedenuits.fr\/es\/wp-json\/wp\/v2\/comments?post=178"}],"version-history":[{"count":23,"href":"https:\/\/www.cotedenuits.fr\/es\/wp-json\/wp\/v2\/pages\/178\/revisions"}],"predecessor-version":[{"id":429,"href":"https:\/\/www.cotedenuits.fr\/es\/wp-json\/wp\/v2\/pages\/178\/revisions\/429"}],"up":[{"embeddable":true,"href":"https:\/\/www.cotedenuits.fr\/es\/wp-json\/wp\/v2\/pages\/175"}],"wp:attachment":[{"href":"https:\/\/www.cotedenuits.fr\/es\/wp-json\/wp\/v2\/media?parent=178"}],"curies":[{"name":"wp","href":"https:\/\/api.w.org\/{rel}","templated":true}]}}