{"id":141,"date":"2013-04-10T09:31:30","date_gmt":"2013-04-10T08:31:30","guid":{"rendered":"http:\/\/www.cotedenuits.fr\/?page_id=141"},"modified":"2015-12-25T20:15:00","modified_gmt":"2015-12-25T19:15:00","slug":"horaires-des-marees-a-trebeurden","status":"publish","type":"page","link":"https:\/\/www.cotedenuits.fr\/es\/categorie-1\/horaires-des-marees-a-trebeurden\/","title":{"rendered":"Horaires des Mar\u00e9es \u00e0 Tr\u00e9beurden"},"content":{"rendered":"<p><a href=\"http:\/\/www.cotedenuits.fr\/wp-content\/uploads\/2014\/05\/IMG_7772-R.jpg\"><img loading=\"lazy\" decoding=\"async\" class=\"alignnone size-medium wp-image-287\" src=\"http:\/\/www.cotedenuits.fr\/wp-content\/uploads\/2014\/05\/IMG_7772-R-300x200.jpg\" alt=\"IMG_7772 R\" width=\"300\" height=\"200\" srcset=\"https:\/\/www.cotedenuits.fr\/wp-content\/uploads\/2014\/05\/IMG_7772-R-300x200.jpg 300w, https:\/\/www.cotedenuits.fr\/wp-content\/uploads\/2014\/05\/IMG_7772-R.jpg 1024w\" sizes=\"auto, (max-width: 300px) 100vw, 300px\" \/><\/a><\/p>\n<p><a href=\"http:\/\/maree.info\/\" target=\"_top\" rel=\"dofollow\">Calendrier des mar\u00e9es &#8211; horaire, hauteur, coefficient de mar\u00e9e<\/a><a title=\"Horaire des mar\u00e9es \u00e0 Tr\u00e9beurden\" href=\"&lt;iframe src=\">&#8221; target=&#8221;_blank&#8221;&gt;<iframe loading=\"lazy\" src=\"http:\/\/horloge.maree.frbateaux.net\/ws68\" width=\"226\" height=\"217\" frameborder=\"0\" scrolling=\"no\"><a href=\"http:\/\/maree.info\/\" target=\"_top\" rel=\"dofollow\">Calendrier des mar\u00e9es &#8211; horaire, hauteur, coefficient de mar\u00e9e<\/a><\/iframe><\/a><\/p>\n","protected":false},"excerpt":{"rendered":"<p>Calendrier des mar\u00e9es &#8211; horaire, hauteur, coefficient de mar\u00e9e&#8221; target=&#8221;_blank&#8221;&gt;Calendrier des mar\u00e9es &#8211; horaire, hauteur, coefficient de mar\u00e9e<\/p>\n","protected":false},"author":1,"featured_media":0,"parent":12,"menu_order":0,"comment_status":"open","ping_status":"open","template":"","meta":{"footnotes":""},"class_list":["post-141","page","type-page","status-publish","hentry"],"translation":{"provider":"WPGlobus","version":"3.0.2","language":"es","enabled_languages":["en","es","de","fr","pt","it"],"languages":{"en":{"title":true,"content":true,"excerpt":false},"es":{"title":false,"content":false,"excerpt":false},"de":{"title":false,"content":false,"excerpt":false},"fr":{"title":false,"content":false,"excerpt":false},"pt":{"title":false,"content":false,"excerpt":false},"it":{"title":false,"content":false,"excerpt":false}}},"yoast_head":"<!-- This site is optimized with the Yoast SEO plugin v27.4 - https:\/\/yoast.com\/product\/yoast-seo-wordpress\/ -->\n<title>Horaires des Mar\u00e9es \u00e0 Tr\u00e9beurden - C\u00f4te de Nuits<\/title>\n<meta name=\"robots\" content=\"index, follow, max-snippet:-1, max-image-preview:large, max-video-preview:-1\" \/>\n<link rel=\"canonical\" href=\"https:\/\/www.cotedenuits.fr\/categorie-1\/horaires-des-marees-a-trebeurden\/\" \/>\n<meta property=\"og:locale\" content=\"es_ES\" \/>\n<meta property=\"og:type\" content=\"article\" \/>\n<meta property=\"og:title\" content=\"Horaires des Mar\u00e9es \u00e0 Tr\u00e9beurden - C\u00f4te de Nuits\" \/>\n<meta property=\"og:url\" content=\"https:\/\/www.cotedenuits.fr\/categorie-1\/horaires-des-marees-a-trebeurden\/\" \/>\n<meta property=\"og:site_name\" content=\"C\u00f4te de Nuits\" \/>\n<meta property=\"article:publisher\" content=\"http:\/\/www.facebook.com\/cotedenuits22\" \/>\n<meta property=\"article:modified_time\" content=\"2015-12-25T19:15:00+00:00\" \/>\n<meta property=\"og:image\" content=\"http:\/\/www.cotedenuits.fr\/wp-content\/uploads\/2014\/05\/IMG_7772-R-300x200.jpg\" \/>\n<script type=\"application\/ld+json\" class=\"yoast-schema-graph\">{\"@context\":\"https:\\\/\\\/schema.org\",\"@graph\":[{\"@type\":\"WebPage\",\"@id\":\"https:\\\/\\\/www.cotedenuits.fr\\\/categorie-1\\\/horaires-des-marees-a-trebeurden\\\/\",\"url\":\"https:\\\/\\\/www.cotedenuits.fr\\\/categorie-1\\\/horaires-des-marees-a-trebeurden\\\/\",\"name\":\"Horaires des Mar\u00e9es \u00e0 Tr\u00e9beurden - C\u00f4te de Nuits\",\"isPartOf\":{\"@id\":\"https:\\\/\\\/www.cotedenuits.fr\\\/#website\"},\"primaryImageOfPage\":{\"@id\":\"https:\\\/\\\/www.cotedenuits.fr\\\/categorie-1\\\/horaires-des-marees-a-trebeurden\\\/#primaryimage\"},\"image\":{\"@id\":\"https:\\\/\\\/www.cotedenuits.fr\\\/categorie-1\\\/horaires-des-marees-a-trebeurden\\\/#primaryimage\"},\"thumbnailUrl\":\"http:\\\/\\\/www.cotedenuits.fr\\\/wp-content\\\/uploads\\\/2014\\\/05\\\/IMG_7772-R-300x200.jpg\",\"datePublished\":\"2013-04-10T08:31:30+00:00\",\"dateModified\":\"2015-12-25T19:15:00+00:00\",\"breadcrumb\":{\"@id\":\"https:\\\/\\\/www.cotedenuits.fr\\\/categorie-1\\\/horaires-des-marees-a-trebeurden\\\/#breadcrumb\"},\"inLanguage\":\"es-ES\",\"potentialAction\":[{\"@type\":\"ReadAction\",\"target\":[\"https:\\\/\\\/www.cotedenuits.fr\\\/categorie-1\\\/horaires-des-marees-a-trebeurden\\\/\"]}]},{\"@type\":\"ImageObject\",\"inLanguage\":\"es-ES\",\"@id\":\"https:\\\/\\\/www.cotedenuits.fr\\\/categorie-1\\\/horaires-des-marees-a-trebeurden\\\/#primaryimage\",\"url\":\"http:\\\/\\\/www.cotedenuits.fr\\\/wp-content\\\/uploads\\\/2014\\\/05\\\/IMG_7772-R-300x200.jpg\",\"contentUrl\":\"http:\\\/\\\/www.cotedenuits.fr\\\/wp-content\\\/uploads\\\/2014\\\/05\\\/IMG_7772-R-300x200.jpg\"},{\"@type\":\"BreadcrumbList\",\"@id\":\"https:\\\/\\\/www.cotedenuits.fr\\\/categorie-1\\\/horaires-des-marees-a-trebeurden\\\/#breadcrumb\",\"itemListElement\":[{\"@type\":\"ListItem\",\"position\":1,\"name\":\"Le bateau\",\"item\":\"https:\\\/\\\/www.cotedenuits.fr\\\/categorie-1\\\/\"},{\"@type\":\"ListItem\",\"position\":2,\"name\":\"Horaires des Mar\u00e9es \u00e0 Tr\u00e9beurden\"}]},{\"@type\":\"WebSite\",\"@id\":\"https:\\\/\\\/www.cotedenuits.fr\\\/#website\",\"url\":\"https:\\\/\\\/www.cotedenuits.fr\\\/\",\"name\":\"C\u00f4te de Nuits\",\"description\":\"un Bateau, une Association\",\"potentialAction\":[{\"@type\":\"SearchAction\",\"target\":{\"@type\":\"EntryPoint\",\"urlTemplate\":\"https:\\\/\\\/www.cotedenuits.fr\\\/?s={search_term_string}\"},\"query-input\":{\"@type\":\"PropertyValueSpecification\",\"valueRequired\":true,\"valueName\":\"search_term_string\"}}],\"inLanguage\":\"es-ES\"}]}<\/script>\n<!-- \/ Yoast SEO plugin. -->","yoast_head_json":{"title":"Horaires des Mar\u00e9es \u00e0 Tr\u00e9beurden - C\u00f4te de Nuits","robots":{"index":"index","follow":"follow","max-snippet":"max-snippet:-1","max-image-preview":"max-image-preview:large","max-video-preview":"max-video-preview:-1"},"canonical":"https:\/\/www.cotedenuits.fr\/categorie-1\/horaires-des-marees-a-trebeurden\/","og_locale":"es_ES","og_type":"article","og_title":"Horaires des Mar\u00e9es \u00e0 Tr\u00e9beurden - C\u00f4te de Nuits","og_url":"https:\/\/www.cotedenuits.fr\/categorie-1\/horaires-des-marees-a-trebeurden\/","og_site_name":"C\u00f4te de Nuits","article_publisher":"http:\/\/www.facebook.com\/cotedenuits22","article_modified_time":"2015-12-25T19:15:00+00:00","og_image":[{"url":"http:\/\/www.cotedenuits.fr\/wp-content\/uploads\/2014\/05\/IMG_7772-R-300x200.jpg","type":"","width":"","height":""}],"schema":{"@context":"https:\/\/schema.org","@graph":[{"@type":"WebPage","@id":"https:\/\/www.cotedenuits.fr\/categorie-1\/horaires-des-marees-a-trebeurden\/","url":"https:\/\/www.cotedenuits.fr\/categorie-1\/horaires-des-marees-a-trebeurden\/","name":"Horaires des Mar\u00e9es \u00e0 Tr\u00e9beurden - C\u00f4te de Nuits","isPartOf":{"@id":"https:\/\/www.cotedenuits.fr\/#website"},"primaryImageOfPage":{"@id":"https:\/\/www.cotedenuits.fr\/categorie-1\/horaires-des-marees-a-trebeurden\/#primaryimage"},"image":{"@id":"https:\/\/www.cotedenuits.fr\/categorie-1\/horaires-des-marees-a-trebeurden\/#primaryimage"},"thumbnailUrl":"http:\/\/www.cotedenuits.fr\/wp-content\/uploads\/2014\/05\/IMG_7772-R-300x200.jpg","datePublished":"2013-04-10T08:31:30+00:00","dateModified":"2015-12-25T19:15:00+00:00","breadcrumb":{"@id":"https:\/\/www.cotedenuits.fr\/categorie-1\/horaires-des-marees-a-trebeurden\/#breadcrumb"},"inLanguage":"es-ES","potentialAction":[{"@type":"ReadAction","target":["https:\/\/www.cotedenuits.fr\/categorie-1\/horaires-des-marees-a-trebeurden\/"]}]},{"@type":"ImageObject","inLanguage":"es-ES","@id":"https:\/\/www.cotedenuits.fr\/categorie-1\/horaires-des-marees-a-trebeurden\/#primaryimage","url":"http:\/\/www.cotedenuits.fr\/wp-content\/uploads\/2014\/05\/IMG_7772-R-300x200.jpg","contentUrl":"http:\/\/www.cotedenuits.fr\/wp-content\/uploads\/2014\/05\/IMG_7772-R-300x200.jpg"},{"@type":"BreadcrumbList","@id":"https:\/\/www.cotedenuits.fr\/categorie-1\/horaires-des-marees-a-trebeurden\/#breadcrumb","itemListElement":[{"@type":"ListItem","position":1,"name":"Le bateau","item":"https:\/\/www.cotedenuits.fr\/categorie-1\/"},{"@type":"ListItem","position":2,"name":"Horaires des Mar\u00e9es \u00e0 Tr\u00e9beurden"}]},{"@type":"WebSite","@id":"https:\/\/www.cotedenuits.fr\/#website","url":"https:\/\/www.cotedenuits.fr\/","name":"C\u00f4te de Nuits","description":"un Bateau, une Association","potentialAction":[{"@type":"SearchAction","target":{"@type":"EntryPoint","urlTemplate":"https:\/\/www.cotedenuits.fr\/?s={search_term_string}"},"query-input":{"@type":"PropertyValueSpecification","valueRequired":true,"valueName":"search_term_string"}}],"inLanguage":"es-ES"}]}},"_links":{"self":[{"href":"https:\/\/www.cotedenuits.fr\/es\/wp-json\/wp\/v2\/pages\/141","targetHints":{"allow":["GET"]}}],"collection":[{"href":"https:\/\/www.cotedenuits.fr\/es\/wp-json\/wp\/v2\/pages"}],"about":[{"href":"https:\/\/www.cotedenuits.fr\/es\/wp-json\/wp\/v2\/types\/page"}],"author":[{"embeddable":true,"href":"https:\/\/www.cotedenuits.fr\/es\/wp-json\/wp\/v2\/users\/1"}],"replies":[{"embeddable":true,"href":"https:\/\/www.cotedenuits.fr\/es\/wp-json\/wp\/v2\/comments?post=141"}],"version-history":[{"count":4,"href":"https:\/\/www.cotedenuits.fr\/es\/wp-json\/wp\/v2\/pages\/141\/revisions"}],"predecessor-version":[{"id":840,"href":"https:\/\/www.cotedenuits.fr\/es\/wp-json\/wp\/v2\/pages\/141\/revisions\/840"}],"up":[{"embeddable":true,"href":"https:\/\/www.cotedenuits.fr\/es\/wp-json\/wp\/v2\/pages\/12"}],"wp:attachment":[{"href":"https:\/\/www.cotedenuits.fr\/es\/wp-json\/wp\/v2\/media?parent=141"}],"curies":[{"name":"wp","href":"https:\/\/api.w.org\/{rel}","templated":true}]}}